{"id":980,"date":"2010-12-09T12:24:56","date_gmt":"2010-12-09T11:24:56","guid":{"rendered":"http:\/\/www.grupohipnosiscopcv.es\/wordpress\/"},"modified":"2015-08-07T17:08:01","modified_gmt":"2015-08-07T16:08:01","slug":"comunicacion-a-la-sociedad-de-hipnoterapia-clinica-28-08-2008","status":"publish","type":"page","link":"https:\/\/www.grupohipnosiscopcv.es\/wordpress\/actividades-del-grupo-de-trabajo-de-hipnosis-psicologica\/notas-de-prensa\/comunicacion-a-la-sociedad-de-hipnoterapia-clinica-28-08-2008\/","title":{"rendered":"Comunicaci\u00f3n a la Sociedad de Hipnoterapia Cl\u00ednica (28-08-2008)"},"content":{"rendered":"<p style=\"text-align: center;\">(Correo electr\u00f3nico enviado el 28-08-2008)<\/p>\n<p style=\"text-align: justify;\">Muy se\u00f1ores nuestros: En relaci\u00f3n con el post que incluyen en su foro, con el t\u00edtulo \u00abComo act\u00faan los  psic\u00f3logos de Valencia\u00bb, en el que se menciona que el psic\u00f3logo sobre el que  est\u00e1n escribiendo podr\u00eda pertenecer al Grupo de Trabajo de Hipnosis Psicol\u00f3gica  del Colegio Oficial de Psic\u00f3logos de la Comunidad Valenciana o tener alg\u00fan tipo  de relaci\u00f3n personal con el Dr. Antonio Capafons, les comunicamos, para su  conocimiento que:<\/p>\n<ol style=\"text-align: justify;\"><font size=2><\/p>\n<li> El psic\u00f3logo que  mencionan NO pertenece, ni ha pertenecido, al Grupo de Trabajo de  Hipnosis Psicol\u00f3gica del Colegio Oficial de Psic\u00f3logos de la Comunidad  Valenciana.<\/li>\n<li>Ese psic\u00f3logo <strong>NO<\/strong> tiene relaci\u00f3n personal con el Dr. Antonio Capafons, responsable del Grupo de  Trabajo de Hipnosis Psicol\u00f3gica, y <strong>NO<\/strong> tiene relaci\u00f3n personal con ning\u00fan  miembro de dicho grupo.<\/li>\n<li>El Grupo de Trabajo  de Hipnosis Psicol\u00f3gica, teniendo en cuenta sus objetivos, <strong>nunca<\/strong> ha  estado de acuerdo con los anuncios que la \u00abcl\u00ednica\u00bb de ese  psic\u00f3logo ha incluido  en publicaciones del COPCV, algo que fue  comunicado en su d\u00eda a los responsables  de esas publicaciones para que  tomaran las medidas oportunas al respecto.<\/li>\n<li style=\"text-align: justify;\">El Grupo de Trabajo  de Hipnosis Psicol\u00f3gica, siempre dentro de los  cauces legales de que dispone el  Colegio Oficial de Psic\u00f3logos de la  Comunidad Valenciana, denuncia las  actividades irregulares, que  detecta, en relaci\u00f3n con la utilizaci\u00f3n de la  hipnosis, tanto de  \u00abhipnoterapeutas\u00bb como de profesionales titulados incluyendo,  con mayor  motivo, a los psic\u00f3logos colegiados.<\/li>\n<\/ol>\n<p><\/font><\/p>\n<p style=\"text-align: justify;\">Por otra parte, les aconsejamos que, cuando escriban alg\u00fan  post, procuren ce\u00f1irse a los datos comprobados y no realicen generalizaciones  como la del t\u00edtulo de ese post, \u00abComo act\u00faan los psic\u00f3logos de Valencia\u00bb&#8230; en  este caso el t\u00edtulo correcto ser\u00eda \u00abComo act\u00faa el psic\u00f3logo Don &#8230;\u00bb, puesto que  se est\u00e1n refiriendo a la actuaci\u00f3n de ese psic\u00f3logo en particular, algo que no  puede generalizarse al resto de psic\u00f3logos de Valencia.<\/p>\n<p>Este correo electr\u00f3nico ser\u00e1 publicado en la p\u00e1gina web del Grupo de Trabajo  de Hipnosis Psicol\u00f3gica para que pueda corroborarse su contenido exacto.<\/p>\n<p>Atentamente,<\/p>\n<p>Grupo de Trabajo de Hipnosis Psicol\u00f3gica<br \/>\nColegio Oficial de Psic\u00f3logos de la Comunidad Valenciana<strong> <\/strong><\/p>\n","protected":false},"excerpt":{"rendered":"<p>(Correo electr\u00f3nico enviado el 28-08-2008) Muy se\u00f1ores nuestros: En relaci\u00f3n con el post que incluyen en su foro, con el t\u00edtulo \u00abComo act\u00faan los psic\u00f3logos de Valencia\u00bb, en el que se menciona que el psic\u00f3logo sobre el que est\u00e1n escribiendo podr\u00eda pertenecer al Grupo de Trabajo de Hipnosis Psicol\u00f3gica del Colegio Oficial de Psic\u00f3logos de &hellip;<\/p>\n","protected":false},"author":12,"featured_media":0,"parent":968,"menu_order":5,"comment_status":"closed","ping_status":"closed","template":"","meta":{"footnotes":""},"categories":[123,4,10,138],"tags":[],"class_list":["post-980","page","type-page","status-publish","hentry","category-actividad","category-informacion-para-usuarios","category-noticias","category-prensa"],"_links":{"self":[{"href":"https:\/\/www.grupohipnosiscopcv.es\/wordpress\/wp-json\/wp\/v2\/pages\/980","targetHints":{"allow":["GET"]}}],"collection":[{"href":"https:\/\/www.grupohipnosiscopcv.es\/wordpress\/wp-json\/wp\/v2\/pages"}],"about":[{"href":"https:\/\/www.grupohipnosiscopcv.es\/wordpress\/wp-json\/wp\/v2\/types\/page"}],"author":[{"embeddable":true,"href":"https:\/\/www.grupohipnosiscopcv.es\/wordpress\/wp-json\/wp\/v2\/users\/12"}],"replies":[{"embeddable":true,"href":"https:\/\/www.grupohipnosiscopcv.es\/wordpress\/wp-json\/wp\/v2\/comments?post=980"}],"version-history":[{"count":3,"href":"https:\/\/www.grupohipnosiscopcv.es\/wordpress\/wp-json\/wp\/v2\/pages\/980\/revisions"}],"predecessor-version":[{"id":2293,"href":"https:\/\/www.grupohipnosiscopcv.es\/wordpress\/wp-json\/wp\/v2\/pages\/980\/revisions\/2293"}],"up":[{"embeddable":true,"href":"https:\/\/www.grupohipnosiscopcv.es\/wordpress\/wp-json\/wp\/v2\/pages\/968"}],"wp:attachment":[{"href":"https:\/\/www.grupohipnosiscopcv.es\/wordpress\/wp-json\/wp\/v2\/media?parent=980"}],"wp:term":[{"taxonomy":"category","embeddable":true,"href":"https:\/\/www.grupohipnosiscopcv.es\/wordpress\/wp-json\/wp\/v2\/categories?post=980"},{"taxonomy":"post_tag","embeddable":true,"href":"https:\/\/www.grupohipnosiscopcv.es\/wordpress\/wp-json\/wp\/v2\/tags?post=980"}],"curies":[{"name":"wp","href":"https:\/\/api.w.org\/{rel}","templated":true}]}}