{"id":98,"date":"2010-01-20T18:53:34","date_gmt":"2010-01-20T17:53:34","guid":{"rendered":"http:\/\/www.grupohipnosiscopcv.es\/wordpress\/?page_id=98"},"modified":"2012-02-13T21:55:08","modified_gmt":"2012-02-13T20:55:08","slug":"areas-de-eficacia-de-la-hipnosis","status":"publish","type":"page","link":"https:\/\/www.grupohipnosiscopcv.es\/wordpress\/recursos-para-profesionales\/areas-de-eficacia-de-la-hipnosis\/","title":{"rendered":"\u00c1reas de eficacia"},"content":{"rendered":"<p style=\"text-align: left;\" align=\"center\">A continuaci\u00f3n, puede leer las \u00e1reas de eficacia de la hipnosis. Para una explicaci\u00f3n m\u00e1s completa y rigurosa, recomendamos la lectura del art\u00edculo EFICACIA DE LA HIPNOSIS CL\u00cdNICA: RESUMEN DE SU EVIDENCIA EMP\u00cdRICA de M. Elena Mendoza y Antonio Capafons (Universitat de Val\u00e8ncia), <a href=\"http:\/\/www.papelesdelpsicologo.es\/vernumero.asp?ID=1699\" target=\"_blank\">publicado en la revista Papeles del Psic\u00f3logo.<\/a><\/p>\n<p style=\"text-align: left;\" align=\"center\">Puede<a href=\"http:\/\/www.grupohipnosiscopcv.es\/www\/wordpress\/public\/Eficacia.pdf\"> descargar el art\u00edculo (pdf) pulsando aqu\u00ed.<\/a><\/p>\n<p>&nbsp;<\/p>\n<p>LA EFICACIA DE LA HIPNOSIS EN DIVERSAS INTERVENCIONES EST\u00c1 VALORADA DE ACUERDO A LOS <a title=\"Definici\u00f3n de intervenciones con apoyo emp\u00edrico\" href=\"http:\/\/www.grupohipnosiscopcv.es\/wordpress\/recursos-para-profesionales\/definicion-de-intervenciones-apoyo-empirico\/\" target=\"_blank\">CRITERIOS DE CHAMBLESS Y HOLLON (1998), QUE PUEDEN VERSE PULSANDO AQU\u00cd.<\/a><\/p>\n<p>1. HIPNOSIS PARA EL ALIVIO Y MANEJO DEL DOLOR.<br \/>\n2. HIPNOSIS EN MEDICINA.<br \/>\n3. DEJAR DE FUMAR.<br \/>\n4. HIPNOSIS CL\u00cdNICA CON NI\u00d1OS.<br \/>\n5. TRATAMIENTOS COGNITIVO-COMPORTAMENTALES.<br \/>\n6. TRATAMIENTO DEL TRAUMA.<br \/>\n7. LA INVESTIGACI\u00d3N META ANAL\u00cdTICA DE FLAMMER Y BONGARTZ (2003).<br \/>\n8. CONCLUSIONES DE MENDOZA Y CAPAFONS (2009).<\/p>\n<p>1. HIPNOSIS PARA EL ALIVIO Y MANEJO DEL DOLOR:<\/p>\n<p>Diversos autores como Hammond (2007), Stoelb, Molton, Jensen y Patterson (2009), Montgomery, Du Hamel y Reed (2000), etc., concluyen que:<br \/>\nSe pueden alcanzar reducciones importantes de dolor en muy diversos tipos de dolor (desde desbridamiento de heridas por quemadura, aspiraciones de m\u00e9dula \u00f3sea, o parto, a diversos dolores cr\u00f3nicos, o enfermedades relacionadas, como s\u00edndrome de colon irritable y fibromialgia).<br \/>\nLa reducci\u00f3n de dolor hipn\u00f3ticamente sugerida es un tratamiento bien establecido, y, tan o m\u00e1s, eficaz que los tratamientos alternativos: el 75% experimenta un alivio con la hipnosis en diferentes tipos de dolor.<br \/>\nPuede funcionar eficazmente, bien como \u00fanica intervenci\u00f3n, bien como coadyuvante, seg\u00fan el tipo de dolor y problema.<br \/>\nLa hipnosis es un tratamiento bien establecido y eficaz para las migra\u00f1as y dolores de cabeza.<br \/>\nLos efectos son comparables en voluntarios y pacientes cl\u00ednicos. Las personas medianamente sugestionables consiguen los mismos resultados que los altamente sugestionables.<br \/>\nCastel, Sala, Padrol y Rull (2007), y Jensen et al. (2009) encuentran que la relajaci\u00f3n sola reduce significativamente menos el dolor que la hipnosis, en pacientes con distintos tipos de dolor cr\u00f3nico.<\/p>\n<p>2. HIPNOSIS EN MEDICINA:<\/p>\n<p>Diversas revisiones e investigaciones (Brown, 2007), Brown, D.C. y Hammond, 2007; Levitas et al., 2006; Palsson, Turner, y Whitehead, 2006; Pinell y Covino, 2000), sugieren que la hipnosis se muestra \u00fatil en:<br \/>\nPreparaci\u00f3n preoperatoria en pacientes de cirug\u00eda.<br \/>\nPacientes con trastornos dermatol\u00f3gicos (psoriasis y verrugas).<br \/>\nColon irritable<br \/>\nHemofilia.<br \/>\nN\u00e1usea y v\u00f3mitos posteriores a la\u00a0 quimioterapia.<br \/>\nFertilizaci\u00f3n artificial, obstetricia, embarazo y parto:<\/p>\n<p>Reduce significativamente el uso de analg\u00e9sicos y anest\u00e9sicos.<br \/>\nIncrementa la cantidad de embarazos en relaci\u00f3n a grupos sin hipnosis.<br \/>\nReduce significativamente la duraci\u00f3n de los dos primeros estadios del parto\u00a0 (pre nacimiento y nacimiento del\u00a0 beb\u00e9).<br \/>\nDisminuye la probabilidad de partos prematuros.<\/p>\n<p>Asma:<\/p>\n<p>Es posiblemente eficaz para la severidad de los s\u00edntomas del asma.<br \/>\nEs eficaz para manejar los estados emocionales que exacerban la obstrucci\u00f3n de las v\u00edas respiratorias.<br \/>\nEs posiblemente eficaz en la reducci\u00f3n de la obstrucci\u00f3n de las v\u00edas respiratorias\u00a0 y en la estabilizaci\u00f3n de la hipersensibilidad en tales v\u00edas para ciertos pacientes.<br \/>\nLa evidencia de la eficacia para el proceso inflamatorio del asma es insuficiente.<\/p>\n<p>Montgomery, David, Winkel,\u00a0 Silverstein, &amp; Bovbjerg (2002): meta an\u00e1lisis con pacientes sometidos a cirug\u00eda muestra\u00a0 que las muestras de pacientes que recibieron hipnosis como coadyuvante mejora a los pacientes en seis categor\u00edas cl\u00ednicas:<br \/>\nMenos afecto negativo (ansiedad o depresi\u00f3n).<br \/>\nMenor dolor.Menor uso de medicaci\u00f3n contra el dolor.<br \/>\nMenores niveles de presi\u00f3n arterial, tasa cardiaca y niveles de catecolaminas.<br \/>\nMejor recuperaci\u00f3n post: recuperaci\u00f3n m\u00e1s r\u00e1pida de la fuerza muscular, y menor v\u00f3mito post operatorio y fatiga.<br \/>\nNecesitar menos tiempo de tratamiento: duraci\u00f3n menor del procedimiento y del ingreso hospitalario.<br \/>\nMejoran pacientes de diversos niveles de sugestionabilidad hipn\u00f3tica.<br \/>\nFuncionan incluso intervenciones grabadas en cassette.<\/p>\n<p>Montgomery et al. (2007), muestran que las pacientes sometidas cirug\u00eda de mama, que recibieron una intervenci\u00f3n breve con hipnosis (15 minutos) para reducir efectos colaterales, mostraron respecto del grupo de control:<br \/>\nMenos consumo de propofol y lidoca\u00edna.<br \/>\nSimilar consumo de fentanyl, midazolam y analg\u00e9sico de sala.<br \/>\nMenor intensidad y molestias dolorosas.<br \/>\nMenos nauseas, fatiga, malestar y alteraci\u00f3n emocional.<br \/>\nMenos gasto econ\u00f3mico: cada paciente cost\u00f3 de promedio 772.71 USA $ menos.<\/p>\n<p>Flory, Mart\u00ednez-Salazar yLang (2007), concluyen que la hipnosis, como coadyuvante:<br \/>\nEs una herramienta eficaz para reducir el dolor y el malestar psicol\u00f3gico en pacientes sometidos a intervenciones m\u00e9dicas.<br \/>\nIncrementa la calidad del cuidado m\u00e9dico, y reduce sus costos respecto de las intervenciones m\u00e9dicas est\u00e1ndares.<\/p>\n<p>3. DEJAR DE FUMAR:<\/p>\n<p>Seg\u00fan Green y Lynn (2000):<br \/>\nLa\u00a0 hipnosis es m\u00e1s eficaz que los grupos de lista de espera y de no tratamiento.<br \/>\nNo es m\u00e1s eficaz que los tratamientos alternativos, y\u00a0 la evidencia es\u00a0\u00a0 contradictoria sobre si lo es m\u00e1s que los grupos placebo.<br \/>\nEs adecuada desde un punto de vista eficacia\/costo, por lo que se recomienda para eliminar el h\u00e1bito de fumar.<br \/>\nLos estudios deben incluir medidas biol\u00f3gicas e investigar si el a\u00f1adir la hipnosis como adjunto mejora la eficacia de los tratamientos cognitivo-comportamentales y educativos.<\/p>\n<p>El meta an\u00e1lisis de Green, Lynn &amp; Montgomery (2006) indica que:<br \/>\nLos hombres tienen una abstinencia 1.37 veces mayor que las mujeres con este tipo de intervenci\u00f3n (N= 4.700). 31% de hombres son abstinentes en el seguimiento vs. 23% de mujeres.<\/p>\n<p>4. HIPNOSIS CL\u00cdNICA CON NI\u00d1OS:<\/p>\n<p>Milling y Costantino (2000) y Vlieger et al. (2007) indican que:<br \/>\nLa hipnosis es probablemente eficaz en la enuresis.<br \/>\nSe muestra prometedora para la reducci\u00f3n de:<\/p>\n<p>V\u00f3mitos y n\u00e1usea provocada por la quimioterapia.<br \/>\nDolor de la aspiraci\u00f3n de m\u00e9dula y punciones lumbares.<br \/>\nDolor en general.<\/p>\n<p>5. TRATAMIENTOS COGNITIVO-COMPORTAMENTALES:<\/p>\n<p>Schoenberger (2000), tras revisar la evidencia disponible sobre la hipnosis como coadyuvante a los tratamientos cognitivo-comportamentales, concluye que es probablemente eficaz para incrementar su eficacia en:<br \/>\nAnsiedad.<br \/>\nObesidad.<br \/>\nInsomnio<br \/>\nDolor.<br \/>\nHipertensi\u00f3n.<\/p>\n<p>Alladin &amp; Alibhai (2007) [4] encuentran incremento de la eficacia de la Terapia Cognitiva para la Depresi\u00f3n (Beck) cuando se usa la hipnosis como coadyuvante.<\/p>\n<p>6. TRATAMIENTO DEL TRAUMA:<\/p>\n<p>Carde\u00f1a (2000): a pesar de que existen muchos casos anecd\u00f3ticos y autores que defienden el uso de la hipnosis en el tratamiento del estr\u00e9s postraum\u00e1tico, s\u00f3lo un estudio se acerca a los criterios\u00a0 de Chambles y Hollon (Brom, Kleber &amp; Defare, 1989).<\/p>\n<p>Existe un estudio que cumple esos criterios, y que indica que la hipnosis incrementa la eficacia de un tratamiento cognitivo-comportamental para el estr\u00e9s agudo (Bryant et al., 2005).<\/p>\n<p>7. LA INVESTIGACI\u00d3N META-ANAL\u00cdTICA DE FLAMMER Y BONGARTZ (2003):<\/p>\n<p>\u00danicamente se incluyeron estudios cl\u00ednicos aleatorizados y con comparaci\u00f3n con grupo de control de lista de espera o con\u00a0 tratamientos alternativo,\u00a0 indica que la hipnosis es s\u00f3lo moderadamente eficaz en el tratamiento de trastornos psicol\u00f3gicos (ICD-10), y bajo en el apoyo de tratamientos m\u00e9dicos.<\/p>\n<p>8. CONCLUSIONES DE MENDOZA Y CAPAFONS (2009):<\/p>\n<p>\u201cLa evidencia emp\u00edrica indica, claramente, que la hipnosis, especialmente en el campo de la salud, incrementa la eficacia de las prestaciones, as\u00ed como su eficiencia, tanto en cuando a la satisfacci\u00f3n del cliente\/paciente, como en el ahorro de tiempo y dinero, con todo lo que ello supone para la administraci\u00f3n. Seg\u00fan nuestro punto de vista, es una cuesti\u00f3n deontol\u00f3gica, informar al paciente de los beneficios que le puede reportar utilizar la hipnosis, y defender su uso, tambi\u00e9n, dentro del \u00e1mbito de la salud p\u00fablica.\u201d<\/p>\n<p>REFERENCIAS:<\/p>\n<p>Alladin, A., &amp; Alibhai, A. (2007). Cognitive hypnotherapy for depression: An empirical investigation. International Journal of Clinical and Experimental Hypnosis, 55, 147-166.<\/p>\n<p>Brown, D. (2007). Evidence-Based Hypnotherapy for Asthma: A Critical Review. International Journal of Clinical and Experimental Hypnosis, 55, 220-249.<\/p>\n<p>Brown, D., &amp; Hammond, D.C. (2007). Evidence-Based Clinical Hypnosis in Obstetrics, Labor and Deliver, and Preterm Labor. International Journal of Clinical and Experimental Hypnosis, 55, 355-371.<\/p>\n<p>Bryant, R.A., Moulds, M.L., Nixon, R.D., Mastrodomenico, J., Felmingham, K., &amp; Hopwood, S. (2005). Hypnotherapy and cognitive behaviour therapy of acute stress disorder: A 3-year follow-up. Behavioral and Research and Therapy, 44, 1331-1335.<\/p>\n<p>Carde\u00f1a, E. (2000) Hypnosis in the treatment of trauma: A promising, but not fully supported, efficacious intervention. International Journal of Clinical and Experimental Hypnosis, 48, 225-238.<\/p>\n<p>Castel, A., P\u00e9rez, M., Sala, J., Padrol, A., &amp; Rull, M. (2007). Effect of hypnotic suggestion on fibromyalgic pain: Comparison between hypnosis and relaxation. European Journal of Pain, 11, 463-468.<\/p>\n<p>Flammer, E., &amp; Bongartz, W. (2003). On the efficacy of hypnosis: A meta-analytic study. Contemporary Hypnosis, 20, 179-197.<\/p>\n<p>Flory, N., Martinez-Salazar, G.M., &amp; Lang, E.V. (2007). Hypnosis for acute distress management during medical procedures.\u00a0 International Journal of Clinical and Experimental Hypnosis, 55, 303-317.<\/p>\n<p>Green, J.P., &amp; Lynn, S.J. (2000). Hypnosis and suggestion-based approaches to smoking cessation: An examination of the evidence. International Journal of Clinical and Experimental Hypnosis, 48, 195-224.<\/p>\n<p>Green, J.P., Lynn, S.J., &amp; Montgomery, G.H. (2008). Gender-Related Differences in Hypnosis-Based Treatments for Smoking: A Follow-up Meta-Analysis. American Journal of Clinical Hypnosis, 50, 259-271.<\/p>\n<p>Hammond, D.C. (2007). Review of the efficacy of clinical hypnosis with headaches and migraines. International Journal of Clinical and Experimental Hypnosis, 55, 207-219.<\/p>\n<p>Jensen, M.P., Barber, J., Romano, J.M., Molton, I.R., Raichle, K.A., Osborne, T.L.,\u00a0 Joyce M. Engel, J.M., Stoelb, B.L.,\u00a0 Kraft, G.H., &amp; Patterson, D.R. (2009). A comparison of self-hypnosis versus progressive muscle relaxation in patients with multiple sclerosis and chronic pain. International Journal of Clinical and Experimental Hypnosis, 57,198-21.<\/p>\n<p>Levitas, E., Parmet, A., Lunenfeld, E., Bentov, Y., Burstein, E., Friger, M., &amp; Potashnik, G. (2006). Impact of hypnosis during embryo transfer on the outcome of in vitro fertilization\u2013embryo transfer: A case-control study. Fertility and Sterility, 85, 1404-1408.<\/p>\n<p>Mendoza, M\u00aa E. &amp; Capafons, A. (2009). Eficacia de la hipnosis cl\u00ednica: resumen de su evidencia emp\u00edrica. Papeles del Psic\u00f3logo, 30, 98-116.<\/p>\n<p>Milling, L.S., &amp; Constantino,C.A. (2000). Clinical hypnosis with children: First steps toward empirical support. International Journal of Clinical and Experimental Hypnosis, 48, 113-137.<\/p>\n<p>Montgomery, G.H., Bovbjerg, D.H., Schnur, J.B., David, D., Goldfarb, A., Weltz, C.R., Schechter, C., Graff-Zivin, J., Tatrow, K., Price, D.D., Silverstein, J.H. (2007). A Randomized Clinical Trial of a Brief Hypnosis Intervention to Control Side Effects in Breast Surgery Patients. Journal of the National Cancer Institute, 99, 1304-1312.<\/p>\n<p>Montgomery, G.H., David, D., Winkel, G., Silverstein, J., &amp; Bovbjerg, D. (2002). The effectiveness of adjunctive hypnosis with surgical patients: A meta-analysis. Anesthesia and Analgesia, 94, 1639-1645.<\/p>\n<p>Montgomery, G.H., DuHamel, K.N., &amp; Reed, W.H. (2000). A meta-analysis of hypnotically induced analgesia: How effective is hypnosis? International Journal of Clinical and Experimental Hypnosis, 48, 138-153.<\/p>\n<p>Palsson O.S., Turner M.J., Whitehead W.E. (2006). Hypnosis home treatment for irritable bowel syndrome: a pilot study. International Journal of Clinical and Experimental Hypnosis, 54, 85-99.<\/p>\n<p>Pinnell, C.M., &amp; Covino, N.A. (2000) Empirical findings on the use of hypnosis in medicine: A critical review. International Journal of Clinical and Experimental Hypnosis, 48, 170-194.<\/p>\n<p>Schnur, J.B., Bovbjerg, D.H., David, D., Tatrow, K., Goldfarb, A.B., Silverstein, J.H., Weltz, C.R., &amp; Guy H. Montgomery, G.H. (2007). Hypnosis decreases presurgical distress in excisional breast biopsy patients. Anesthesia &amp; Analgesia, 106, 440-444.<\/p>\n<p>Schoenberger, N.E. (2000). Research on hypnosis as an adjunct to cognitive-behavioral psychotherapy. International Journal of Clinical and Experimental Hypnosis, 48, 154-169.<\/p>\n<p>Stoelb, B.L., Molton, I. R., Jensen, M.P., &amp; Patterson, D.R. (2009).\u00a0 The efficacy of hypnotic analgesia in adults: A review of the literature. Contemporary Hypnosis 26, 24-39.<\/p>\n<p>Vlieger, A.M., Menko-Frankenhuis, C., Wolfkamp, S.C., Tromp, E., &amp; Benninga, M.A. (2007). Hypnotherapy for children with functional abdominal pain or irritable bowel syndrome: A randomized controlled trial. Gastroenterology. 133, 1430-1436.<\/p>\n<p>&nbsp;<\/p>\n<p>[1] Lynn , S.J., Kirsch, I. , Barabasz, A., Carde\u00f1a. E., &amp; Patterson, D. (2000). Hypnosis as an empirically supported clinical intervention: The state of the evidence and a look to the future. International Journal of Clinical and Experimental Hypnosis, 48, 239-259.<\/p>\n<p>[2]Hammond, D.C. (2007). Review of the efficacy of clinical hypnosis with headaches and migraines. International Journal of Clinical and Experimental Therapy, 55, 207-219.<\/p>\n<p>[3] Brown, D (2007). Evidence-based hypnotherapy for asthma. International Journal of Clinical and Experimental Therapy, 55, 220-249.<\/p>\n<p>[4] Alladin, A., &amp; Alibhai, A. (2007). Cognitive hypnotherapy for depression. International Journal of Clinical and Experimental Therapy, 55, 147-166.<\/p>\n<p>[5]Chambless, D.L., &amp; Hollon , S.D. (1998). Defining empirically supported therapies. Journal of Consulting and Clinical Psychology, 66, 7-18<\/p>\n","protected":false},"excerpt":{"rendered":"<p>A continuaci\u00f3n, puede leer las \u00e1reas de eficacia de la hipnosis. Para una explicaci\u00f3n m\u00e1s completa y rigurosa, recomendamos la lectura del art\u00edculo EFICACIA DE LA HIPNOSIS CL\u00cdNICA: RESUMEN DE SU EVIDENCIA EMP\u00cdRICA de M. Elena Mendoza y Antonio Capafons (Universitat de Val\u00e8ncia), publicado en la revista Papeles del Psic\u00f3logo. Puede descargar el art\u00edculo (pdf) &hellip;<\/p>\n","protected":false},"author":12,"featured_media":0,"parent":29,"menu_order":6,"comment_status":"closed","ping_status":"closed","template":"","meta":{"footnotes":""},"categories":[10],"tags":[],"class_list":["post-98","page","type-page","status-publish","hentry","category-noticias"],"_links":{"self":[{"href":"https:\/\/www.grupohipnosiscopcv.es\/wordpress\/wp-json\/wp\/v2\/pages\/98","targetHints":{"allow":["GET"]}}],"collection":[{"href":"https:\/\/www.grupohipnosiscopcv.es\/wordpress\/wp-json\/wp\/v2\/pages"}],"about":[{"href":"https:\/\/www.grupohipnosiscopcv.es\/wordpress\/wp-json\/wp\/v2\/types\/page"}],"author":[{"embeddable":true,"href":"https:\/\/www.grupohipnosiscopcv.es\/wordpress\/wp-json\/wp\/v2\/users\/12"}],"replies":[{"embeddable":true,"href":"https:\/\/www.grupohipnosiscopcv.es\/wordpress\/wp-json\/wp\/v2\/comments?post=98"}],"version-history":[{"count":10,"href":"https:\/\/www.grupohipnosiscopcv.es\/wordpress\/wp-json\/wp\/v2\/pages\/98\/revisions"}],"predecessor-version":[{"id":100,"href":"https:\/\/www.grupohipnosiscopcv.es\/wordpress\/wp-json\/wp\/v2\/pages\/98\/revisions\/100"}],"up":[{"embeddable":true,"href":"https:\/\/www.grupohipnosiscopcv.es\/wordpress\/wp-json\/wp\/v2\/pages\/29"}],"wp:attachment":[{"href":"https:\/\/www.grupohipnosiscopcv.es\/wordpress\/wp-json\/wp\/v2\/media?parent=98"}],"wp:term":[{"taxonomy":"category","embeddable":true,"href":"https:\/\/www.grupohipnosiscopcv.es\/wordpress\/wp-json\/wp\/v2\/categories?post=98"},{"taxonomy":"post_tag","embeddable":true,"href":"https:\/\/www.grupohipnosiscopcv.es\/wordpress\/wp-json\/wp\/v2\/tags?post=98"}],"curies":[{"name":"wp","href":"https:\/\/api.w.org\/{rel}","templated":true}]}}