{"id":970,"date":"2010-12-09T12:14:21","date_gmt":"2010-12-09T11:14:21","guid":{"rendered":"http:\/\/www.grupohipnosiscopcv.es\/wordpress\/"},"modified":"2015-08-07T16:59:42","modified_gmt":"2015-08-07T15:59:42","slug":"%c2%bfse-dejaria-vd-sacar-las-muelas-por-un-hipnotizador","status":"publish","type":"page","link":"https:\/\/www.grupohipnosiscopcv.es\/wordpress\/actividades-del-grupo-de-trabajo-de-hipnosis-psicologica\/notas-de-prensa\/%c2%bfse-dejaria-vd-sacar-las-muelas-por-un-hipnotizador\/","title":{"rendered":"\u00bfSe dejar\u00eda vd. sacar las muelas por un hipnotizador?"},"content":{"rendered":"<p style=\"text-align: justify;\">Debido a\u00a0 la proliferaci\u00f3n de noticias acerca    de la Hipnosis que se est\u00e1 dando \u00faltimamente, tanto en la televisi\u00f3n como en    pasquines publicitarios y supuestamente informativos colocados en las calles    de Valencia, el Colegio Oficial de Psic\u00f3logos de la Comunidad Valenciana\u00a0 cree    conveniente, poner en claro algunas cuestiones sobre la hipnosis:<\/p>\n<ol style=\"text-align: justify;\"><font size=2><\/p>\n<li> La <em> <\/em>hipnosi<em>s<\/em> es \u00fanica y exclusivamente\u00a0 una t\u00e9cnica y un    campo de estudio,\u00a0 no una terapia, profesi\u00f3n o ciencia. N<em>unca<\/em>, debe ser    utilizada como \u00fanica intervenci\u00f3n terap\u00e9utica.<\/li>\n<li>Por lo tanto, no existe la profesi\u00f3n de\u00a0 hipnoterapeuta. La hipnosis\u00a0    es s\u00f3lo una de las\u00a0 muchas herramientas de trabajo que el psic\u00f3logo o el    m\u00e9dico puede utilizar dentro del contexto terap\u00e9utico o forense, si lo cree    oportuno.\u00a0 La hipnosis, no \u00abcura\u00bb nada por s\u00ed misma y nadie puede resolver con    hipnosis aquello que no est\u00e9 preparado para resolver sin hipnosis. Por ello,    solamente puede aplicar la hipnosis con garant\u00edas,\u00a0 un profesional debidamente    titulado y capacitado para aquello que pretenda resolver, y siempre que est\u00e1\u00a0    expresamente cualificado, adem\u00e1s, para la aplicaci\u00f3n de las t\u00e9cnicas    hipn\u00f3ticas. \u00a0Un psic\u00f3logo no puede sacar una muela porque conoce la hipnosis,    ni un odont\u00f3logo puede trata trastornos psicol\u00f3gicos porque sepa usar la    hipnosis para aliviar el dolor de sus pacientes.<\/li>\n<li>Existen investigaciones cient\u00edficas que demuestran que usando la    hipnosis se pueden implantar falsos recuerdos de acontecimientos que nunca han    sucedido. La hipnosis no es un procedimiento adecuado ni seguro para recuperar    recuerdos \u201colvidados\u201d, ya que, al recordar algo que cre\u00edamos olvidado, tal    recuerdo puede ser cierto o falso. Lo grave, es que la hipnosis\u00a0 incrementa la    seguridad de que lo que se recuerda es cierto, aunque no lo sea. Una persona    hipnotizada puede mentir a sabiendas, o recordar cosas falsas sin saberlo, ya    que la hipnosis no es la m\u00e1quina de verdad, ni garant\u00eda de que lo que la    persona dice o recuerda es cierto.<\/li>\n<li style=\"text-align: justify;\">No existe en Espa\u00f1a ni en la Comunidad Valenciana,\u00a0 una Facultad de    Hipnosis dependiente de ninguna Universidad p\u00fablica o privada. La hipnosis se    ense\u00f1a y estudia como una\u00a0 materia m\u00e1s, en algunas Universidades Espa\u00f1olas.    As\u00ed pues, cualquier publicidad sobre la existencia de una Facultad de Hipnosis    es enga\u00f1osa. No existe el t\u00edtulo de hipnoterapeuta, hipn\u00f3logo, t\u00e9cnico en\u00a0    regresiones hipn\u00f3ticas, etc.<\/li>\n<\/ol>\n<p><\/font><\/p>\n<p style=\"text-align: justify;\">Por todo ello, es conveniente asesorarse en el    Colegio de Psic\u00f3logos antes de ponerse en manos de alguien que indique que es    hipnoterapeuta, t\u00e9cnico en hipnosis, hipn\u00f3logo, o especialista en regresiones    hipn\u00f3ticas. De lo contrario, se corre el riesgo de caer en manos de personas    sin conocimientos adecuados para el tratar el problema por el que se pide    ayuda.<\/p>\n<p style=\"text-align: justify;\"><em><strong>Grupo de Trabajo de \u201cHipnosis Psicol\u00f3gica\u201d<\/strong><\/em><\/p>\n<p style=\"text-align: justify;\"><em><strong>Colegio Oficial de Psic\u00f3logos de la Comunidad Valenciana<\/strong><\/em><\/p>\n","protected":false},"excerpt":{"rendered":"<p>Debido a\u00a0 la proliferaci\u00f3n de noticias acerca de la Hipnosis que se est\u00e1 dando \u00faltimamente, tanto en la televisi\u00f3n como en pasquines publicitarios y supuestamente informativos colocados en las calles de Valencia, el Colegio Oficial de Psic\u00f3logos de la Comunidad Valenciana\u00a0 cree conveniente, poner en claro algunas cuestiones sobre la hipnosis: La hipnosis es \u00fanica &hellip;<\/p>\n","protected":false},"author":12,"featured_media":0,"parent":968,"menu_order":2,"comment_status":"closed","ping_status":"closed","template":"","meta":{"footnotes":""},"categories":[99,4],"tags":[],"class_list":["post-970","page","type-page","status-publish","hentry","category-documentos-recusos","category-informacion-para-usuarios"],"_links":{"self":[{"href":"https:\/\/www.grupohipnosiscopcv.es\/wordpress\/wp-json\/wp\/v2\/pages\/970","targetHints":{"allow":["GET"]}}],"collection":[{"href":"https:\/\/www.grupohipnosiscopcv.es\/wordpress\/wp-json\/wp\/v2\/pages"}],"about":[{"href":"https:\/\/www.grupohipnosiscopcv.es\/wordpress\/wp-json\/wp\/v2\/types\/page"}],"author":[{"embeddable":true,"href":"https:\/\/www.grupohipnosiscopcv.es\/wordpress\/wp-json\/wp\/v2\/users\/12"}],"replies":[{"embeddable":true,"href":"https:\/\/www.grupohipnosiscopcv.es\/wordpress\/wp-json\/wp\/v2\/comments?post=970"}],"version-history":[{"count":4,"href":"https:\/\/www.grupohipnosiscopcv.es\/wordpress\/wp-json\/wp\/v2\/pages\/970\/revisions"}],"predecessor-version":[{"id":973,"href":"https:\/\/www.grupohipnosiscopcv.es\/wordpress\/wp-json\/wp\/v2\/pages\/970\/revisions\/973"}],"up":[{"embeddable":true,"href":"https:\/\/www.grupohipnosiscopcv.es\/wordpress\/wp-json\/wp\/v2\/pages\/968"}],"wp:attachment":[{"href":"https:\/\/www.grupohipnosiscopcv.es\/wordpress\/wp-json\/wp\/v2\/media?parent=970"}],"wp:term":[{"taxonomy":"category","embeddable":true,"href":"https:\/\/www.grupohipnosiscopcv.es\/wordpress\/wp-json\/wp\/v2\/categories?post=970"},{"taxonomy":"post_tag","embeddable":true,"href":"https:\/\/www.grupohipnosiscopcv.es\/wordpress\/wp-json\/wp\/v2\/tags?post=970"}],"curies":[{"name":"wp","href":"https:\/\/api.w.org\/{rel}","templated":true}]}}