{"id":958,"date":"2010-12-09T11:56:24","date_gmt":"2010-12-09T10:56:24","guid":{"rendered":"http:\/\/www.grupohipnosiscopcv.es\/wordpress\/"},"modified":"2010-12-09T12:03:55","modified_gmt":"2010-12-09T11:03:55","slug":"legalidad","status":"publish","type":"page","link":"https:\/\/www.grupohipnosiscopcv.es\/wordpress\/informacion-para-usuarios\/legalidad\/","title":{"rendered":"Legalidad"},"content":{"rendered":"<p style=\"text-align: justify;\"><strong>\u201cLegalidad\u201d y  \u201coficialidad\u201d de los centros de ense\u00f1anza que \u201cforman\u201d a hipnoterapeutas<\/strong><\/p>\n<p style=\"text-align: justify;\">En el foro p\u00fablico de Hipnosis  Cl\u00ednica, uno de los participantes afirmaba, con vehemencia, que los estudios  que ofrecen ciertos centros dedicados a formar hipnoterapeutas legos son  oficiales, puesto que hab\u00eda le\u00eddo lo que la mayor\u00eda de ellos indican sobre este  asunto en su publicidad, concretamente el texto que citaba es el siguiente:<\/p>\n<p style=\"text-align: justify;\">\u201cR\u00c9GIMEN DE ESTUDIOS Y RECONOCIMIENTO PROFESIONAL  AVALADO.<\/p>\n<p style=\"text-align: justify;\">Nuestros estudios est\u00e1n reconocidos y autorizados por el  Ministerio de Educaci\u00f3n y Cultura del Reino de Espa\u00f1a, acogidos al r\u00e9gimen de  ense\u00f1anza establecido en el art\u00edculo 35 decreto 707\/1.976 de 5 de Marzo y  art\u00edculo 4\u00ba del real decreto 2641\/1980 de 7 de Noviembre.<\/p>\n<p style=\"text-align: justify;\">Como Hipn\u00f3logo Cl\u00ednico y con la realizaci\u00f3n y diploma de  este curso, si lo desea podr\u00e1 acreditar sus estudios y ejercer as\u00ed  profesionalmente y legalmente, conforme a la legislaci\u00f3n espa\u00f1ola, ley 19\/1.977  del 1 de Abril y real decreto de 22 de Abril de 1.977.<\/p>\n<p style=\"text-align: justify;\">En Espa\u00f1a este ejercicio profesional requiere alta en  los ep\u00edgrafes profesionales del Ministerio de Hacienda que llevan los n\u00fameros  841 y 881. Correspondientes a los profesionales parasanitarios.\u201d<\/p>\n<p style=\"text-align: justify;\">Puesto que estas indicaciones figuran en la mayor\u00eda de los centros que se  dedican a promover el intrusismo profesional formando a hipn\u00f3logos legos, vamos  a intentar explicar en qu\u00e9 consiste esa supuesta \u201clegalidad\u201d y \u201coficialidad\u201d,  acudiendo a la legislaci\u00f3n que esgrimen, aunque consideramos que es muy probable  que no se hayan tomado la molestia de leerla, ya que, si se consulta esa  legislaci\u00f3n, muchas de sus artima\u00f1as y la publicidad enga\u00f1osa que utilizan  quedan al descubierto, seguro que piensan que nadie se va a tomar la molestia de  buscar esas leyes y decretos, algo bastante engorroso y laborioso. Desde aqu\u00ed  vamos a facilitar, a todo aquel que desee informarse, esa labor, incluyendo un  extenso comentario adem\u00e1s de los textos oficiales completos que se citan. Luego  que cada cual, una vez informado, tome las decisiones que considere m\u00e1s  adecuadas sobre acudir a uno de estos hipn\u00f3logos legos o sobre si le interesa  \u201cformarse\u201d en uno de esos centros.<\/p>\n<p style=\"text-align: justify;\">Sobre este tema existe mucha confusi\u00f3n, se cita una  ley y unos decretos, y con ello se piensa que todo lo que esos centros hacen es  correcto, puesto que se atienen a la legislaci\u00f3n vigente.<\/p>\n<p style=\"text-align: justify;\">Si queremos conocer lo que la legislaci\u00f3n dice al  respecto, habr\u00e1 que comprobar los textos de las leyes y decretos mencionados,  quiz\u00e1s as\u00ed lo veamos m\u00e1s claro, analicemos detenidamente cada uno de los textos  que se indican, para poder comprobar exactamente qu\u00e9 amparan.<\/p>\n<p style=\"text-align: justify;\">\u201cNuestros estudios est\u00e1n reconocidos y autorizados por  el Ministerio de Educaci\u00f3n y Cultura del Reino de Espa\u00f1a, acogidos al r\u00e9gimen de  ense\u00f1anzas establecido en el art\u00edculo 35 decreto 707\/1.976 de 5 de Marzo y  art\u00edculo 4\u00ba del real decreto 2641\/1980 de 7 Noviembre.\u201d<\/p>\n<p style=\"text-align: justify;\">En el art\u00edculo 35 del <a href=\"http:\/\/www.grupohipnosiscopcv.es\/wordpress\/documentos\/decreto_707_1976.pdf\">\u201cDecreto 707\/1976, de 5 de  marzo, sobre Ordenaci\u00f3n de la Formaci\u00f3n Profesional\u201d<\/a>, podemos leer lo  siguiente:<\/p>\n<p style=\"text-align: justify;\">\u00abCAP\u00cdTULO VII<\/p>\n<p style=\"text-align: justify;\">Homologaci\u00f3n y equivalencia de  ense\u00f1anzas y titulaciones.<\/p>\n<p style=\"text-align: justify;\">Art\u00edculo treinta y cinco.- Uno.  Las ense\u00f1anzas de car\u00e1cter profesional cuyo desenvolvimiento no conduzca a la  obtenci\u00f3n de un t\u00edtulo con validez acad\u00e9mica podr\u00e1n ser establecidas libremente,  con el \u00fanico requisito de comunicarlo al Ministerio de Educaci\u00f3n y Ciencia.  Cuando, a juicio de este Ministerio, la denominaci\u00f3n de las ense\u00f1anzas pudiera  inducir a error en relaci\u00f3n con sus posibles efectos acad\u00e9micos, podr\u00e1 obligar  al cambio de denominaci\u00f3n y a las precisiones que sean oportunas. Estas  ense\u00f1anzas podr\u00e1n ser homologadas por el Ministerio de Educaci\u00f3n y Ciencia en la  forma que se determina en el art\u00edculo siguiente, sin perjuicio de la legislaci\u00f3n  espec\u00edfica que se pueda establecer por el Ministerio de Educaci\u00f3n y Ciencia para  los Centros dependientes de los otros Departamentos ministeriales.<\/p>\n<p style=\"text-align: justify;\">Dos. En toda la actividad de estos Centros se tendr\u00e1 en cuenta lo que establecen  los art\u00edculos cincuenta y cuatro punto dos y ciento treinta y cinco de la Ley  General de Educaci\u00f3n sobre denominaciones y expedici\u00f3n de t\u00edtulos.\u00bb<\/p>\n<p style=\"text-align: justify;\">Sobre las titulaciones, es interesante el art\u00edculo  veinticinco:<\/p>\n<p style=\"text-align: justify;\">\u00abArt\u00edculo veinticinco.-  Corresponde en exclusiva al Ministerio de Educaci\u00f3n y Ciencia el otorgamiento y  expedici\u00f3n de los t\u00edtulos de T\u00e9cnico Auxiliar, T\u00e9cnico Especialista y T\u00e9cnico  Superior Diplomado a los alumnos que superen las ense\u00f1anzas de Formaci\u00f3n  Profesional a que se refiere este Decreto o las que se declaren asimiladas,  tambi\u00e9n por Decreto, a aqu\u00e9llas, a efectos acad\u00e9micos.\u00bb<\/p>\n<p style=\"text-align: justify;\">En cuanto al art\u00edculo cuarto del <a href=\"http:\/\/www.grupohipnosiscopcv.es\/wordpress\/documentos\/real_decreto_2641_1980.pdf\">\u201cReal Decreto 2641\/1980,  de 7 de noviembre, sobre regulaci\u00f3n de la modalidad de ense\u00f1anza a distancia  impartida por Centros Privados\u00bb<\/a>, dice:<\/p>\n<p style=\"text-align: justify;\">\u201cART\u00cdCULO CUARTO.-Se requerir\u00e1 la  autorizaci\u00f3n del Ministerio de Educaci\u00f3n para impartir bajo la modalidad de  educaci\u00f3n a distancia las siguientes ense\u00f1anzas:<\/p>\n<ol style=\"text-align: justify;\"><font size=2><\/p>\n<li>Ense\u00f1anzas equivalentes a    Educaci\u00f3n General B\u00e1sica para adultos.<\/li>\n<li>Bachillerato.<\/li>\n<li>Formaci\u00f3n Profesional en los    supuestos que se adapten a este sistema de ense\u00f1anza.<\/li>\n<li>Ense\u00f1anzas especializadas de    las previstas en el art\u00edculo cuarenta y seis de la Ley General de Educaci\u00f3n,    cuando sean susceptibles de impartirse a trav\u00e9s del sistema de ense\u00f1anza a    distancia.<\/li>\n<li>Las ense\u00f1anzas de car\u00e1cter    profesional que no conducen a la obtenci\u00f3n de un t\u00edtulo con validez acad\u00e9mica,    a las que se refiere el art\u00edculo treinta y cinco del Decreto setecientos siete    \/ mil novecientos setenta y seis, de cinco de marzo, y disposiciones    complementarias.<\/li>\n<li>Perfeccionamiento, promoci\u00f3n,    actualizaci\u00f3n y readaptaci\u00f3n profesionales.<\/li>\n<li>Otras ense\u00f1anzas, de acuerdo    con lo que reglamentariamente se disponga.\u00bb<\/li>\n<p><\/span><\/ol>\n<p><\/font><\/p>\n<p style=\"text-align: justify;\">Como puede leerse, el apartado \u00abe\u00bb es el que  corresponder\u00eda a esos centros y escuelas, es decir  \u201cLas ense\u00f1anzas de car\u00e1cter  profesional que no conducen a la obtenci\u00f3n de un t\u00edtulo con validez acad\u00e9mica, a  las que se refiere el art\u00edculo treinta y cinco del Decreto setecientos siete\/mil  novecientos setenta y seis, de cinco de marzo, y disposiciones complementarias\u00bb.<\/p>\n<p style=\"text-align: justify;\">Si nos fijamos en la frase <strong> <\/strong>\u201cQUE NO CONDUCEN A LA OBTENCI\u00d3N DE UN TITULO CON VALIDEZ  ACAD\u00c9MICA\u201d, tenemos una de las claves  esenciales de las confusiones que suelen darse, esos centros, esas escuelas y  esas ense\u00f1anzas, pueden estar autorizadas, pero no tienen validez acad\u00e9mica,  algo que debe figurar expresamente en sus diplomas. Cualquiera puede crear un  centro de ense\u00f1anza, por ejemplo, puede montarse un centro para ense\u00f1ar la  t\u00e9cnica de cascar nueces con un palillo\u2026 eso es perfectamente legal, pero no  tiene ninguna validez acad\u00e9mica el \u201cM\u00e1ster o Doctorado en cascar nueces con  un palillo\u201d que puedan dar en ese centro y, por supuesto, ese \u201cDiploma sin validez  acad\u00e9mica oficial\u201d no permite realizar tratamientos psicol\u00f3gicos, reservados a  los psic\u00f3logos, ni tampoco se puede, con esa \u201ctitulaci\u00f3n sin validez acad\u00e9mica  oficial\u201d, operar de la epiglotis a nadie, aunque vulgarmente se denomine nuez,  algo que est\u00e1 reservado a los m\u00e9dicos.<\/p>\n<p style=\"text-align: justify;\">Continuemos analizando el siguiente p\u00e1rrafo:  \u201cComo hipn\u00f3logo cl\u00ednico y \u00a0con la realizaci\u00f3n y diploma  de este curso, si lo desea podr\u00e1 acreditar sus estudios y ejercer as\u00ed  profesionalmente y legalmente, conforme a la legislaci\u00f3n espa\u00f1ola, ley 19\/1.977  del\u00a0 1 Abril y real decreto de 22 de Abril de 1.977.\u201d<\/p>\n<p style=\"text-align: justify;\">De la  <a href=\"http:\/\/www.grupohipnosiscopcv.es\/wordpress\/documentos\/ley_19_1977.pdf\">\u201cLey 19\/1.977 de 1 de abril, sobre regulaci\u00f3n del derecho de asociaci\u00f3n  sindical\u201d<\/a>, s\u00f3lo incluiremos el punto uno del art\u00edculo primero:  \u201cLos trabajadores y los  empresarios podr\u00e1n constituir en cada rama de actividad, a escala territorial o  nacional, las asociaciones profesionales que estimen convenientes para la  defensa de sus intereses respectivos\u201d.<\/p>\n<p style=\"text-align: justify;\">Sobre el <a href=\"http:\/\/www.grupohipnosiscopcv.es\/wordpress\/documentos\/real_decreto_873_1977.pdf\">\u201cReal Decreto 873\/1977,  de 22 de abril, sobre dep\u00f3sito de los Estatutos de las organizaciones  constituidas al amparo de la Ley 19\/1977 reguladora del derecho de Asociaci\u00f3n  Sindical\u201d<\/a>, no vamos a comentar nada, el t\u00edtulo explica el contenido del Real  Decreto.<\/p>\n<p style=\"text-align: justify;\">Es decir, los titulados, sin validez acad\u00e9mica, por  el \u00abCentro Privado de Ense\u00f1anza para Cascar Nueces con un Palillo\u00bb, pueden  organizarse en una asociaci\u00f3n profesional, en defensa de sus intereses  respectivos, lo que no pueden practicar es intrusismo profesional, realizando  tratamientos psicol\u00f3gicos o m\u00e9dicos, eso s\u00ed que es un delito.<\/p>\n<p style=\"text-align: justify;\">Y por \u00faltimo indican que:  \u00abEn Espa\u00f1a este ejercicio  profesional requiere alta en los ep\u00edgrafes profesionales del Ministerio de  Hacienda que llevan los n\u00fameros 841 y 881. Correspondientes a los profesionales  parasanitarios.\u201d<\/p>\n<p style=\"text-align: justify;\">Veamos qu\u00e9 significan estos <a href=\"http:\/\/documentacion.meh.es\/doc\/C6\/ONLINELT\/C16.02.tarifas.iae.htm\">ep\u00edgrafes profesionales del Ministerio de Hacienda<\/a>, el 841 corresponde a \u00abNatur\u00f3patas,  acupuntores y otros profesionales parasanitarios\u00bb, y el ep\u00edgrafe 881 es para  \u00abAstr\u00f3logos y similares\u00bb &#8230; eso no justifica nada&#8230; Hacienda lo que intenta es  cobrar impuestos a todo aquel que gane dinero&#8230; probablemente acabar\u00e1n  incluyendo tambi\u00e9n la prostituci\u00f3n y, evidentemente, no es necesario tener un  \u00abdiploma sin validez acad\u00e9mica\u00bb para ejercer esa \u00abprofesi\u00f3n\u00bb. Si se leen los  ep\u00edgrafes que tiene Hacienda se ver\u00e1 que hay muchas profesiones que no necesitan  ning\u00fan tipo de titulaci\u00f3n, por ejemplo, en el ep\u00edgrafe 811 encontramos a los  \u00abProfesionales que prestan servicios de limpieza\u00bb.<\/p>\n<p style=\"text-align: justify;\">Resumiendo, en nuestra opini\u00f3n,  bas\u00e1ndonos en la legislaci\u00f3n citada:<\/p>\n<ol style=\"text-align: justify;\"><font size=2><\/p>\n<li>Esos centros pueden impartir los cursos que dan,    cualquier centro privado puede hacer los cursos que quiera.<\/li>\n<li>Esos centros no son oficiales, como indican    algunos en su publicidad.<\/li>\n<li>Los diplomas de esos centros no tienen mayor    valor que un diploma preparado por uno mismo con su impresora.<\/li>\n<li>Los \u00abtitulados\u00bb por esos centros, como cualquier    otra persona, no pueden practicar intrusismo profesional ampar\u00e1ndose en su    \u00abDiploma sin validez acad\u00e9mica\u00bb.<\/li>\n<li>Las asociaciones que \u00abamparan\u00bb a esos    \u00abtitulados\u00bb son legales, como cualquier otra asociaci\u00f3n registrada (deportiva,    cultural, etc.), pero eso no implica que sus afiliados puedan ejercer en    campos reservados a otros profesionales con titulaci\u00f3n acad\u00e9mica oficial, como    se ha dicho en el punto 4, lo que est\u00e1 tipificado como delito.<\/li>\n<li style=\"text-align: justify;\">En el campo que nos ocupa, la hipnosis, los    \u00abtitulados\u00bb por esos centros, si no son psic\u00f3logos o m\u00e9dicos, por mucho que    les digan all\u00ed, no pueden realizar tratamientos psicol\u00f3gicos o m\u00e9dicos, como    hacen algunos. Cuando a alguno de esos \u00abtitulados\u00bb les demande, por    intrusismo, el Colegio Oficial de Psic\u00f3logos, o el Colegio Oficial de    M\u00e9dicos&#8230; \u00bfles defender\u00e1 esa asociaci\u00f3n por hacer algo que ellos les han    dicho que pueden hacer, cuando saben perfectamente que es un delito?.<\/li>\n<p><\/span><\/ol>\n<p><\/font><\/p>\n<p style=\"text-align: justify;\">\n<p style=\"text-align: justify;\"><a href=\"http:\/\/www.grupohipnosiscopcv.es\/wordpress\/wp-content\/uploads\/2010\/12\/legali11.jpg\"><img loading=\"lazy\" decoding=\"async\" class=\"aligncenter size-full wp-image-961\" title=\"legali1\" src=\"http:\/\/www.grupohipnosiscopcv.es\/wordpress\/wp-content\/uploads\/2010\/12\/legali11.jpg\" alt=\"\" width=\"576\" height=\"398\" srcset=\"https:\/\/www.grupohipnosiscopcv.es\/wordpress\/wp-content\/uploads\/2010\/12\/legali11.jpg 823w, https:\/\/www.grupohipnosiscopcv.es\/wordpress\/wp-content\/uploads\/2010\/12\/legali11-300x207.jpg 300w\" sizes=\"auto, (max-width: 576px) 100vw, 576px\" \/><\/a><\/p>\n<p style=\"text-align: justify;\">Para quien quiera profundizar en estos documentos,  puede descarg\u00e1rselos en un <a href=\"..\/..\/legalidad_archivos\/leyes_decretos.zip\"> <\/a><a href=\"http:\/\/www.grupohipnosiscopcv.es\/wordpress\/documentos\/leyes_decretos.zip\">archivo comprimido<\/a>.<\/p>\n<p style=\"text-align: justify;\">Consultando estos documentos, cualquiera puede  informarse adecuadamente sobre el contenido de la legislaci\u00f3n que se est\u00e1  citando y erradicar, de ese modo, esas inadecuadas afirmaciones que se realizan  en la publicidad enga\u00f1osa de la mayor\u00eda de los centros dedicados a la  \u201cformaci\u00f3n\u201d de hipn\u00f3logos legos. Lo mejor es comprobar hasta qu\u00e9 punto lo que  indican sobre la \u201clegalidad\u201d y \u201coficialidad\u201d de sus centros y estudios es  cierto, ver hasta d\u00f3nde llega ese reconocimiento oficial que pregonan con tanto  \u00e9nfasis y que luego, al verificar las leyes y decretos, se queda en nada.<\/p>\n<p style=\"text-align: justify;\">Grupo de Trabajo de Hipnosis Psicol\u00f3gica<\/p>\n","protected":false},"excerpt":{"rendered":"<p>\u201cLegalidad\u201d y \u201coficialidad\u201d de los centros de ense\u00f1anza que \u201cforman\u201d a hipnoterapeutas En el foro p\u00fablico de Hipnosis Cl\u00ednica, uno de los participantes afirmaba, con vehemencia, que los estudios que ofrecen ciertos centros dedicados a formar hipnoterapeutas legos son oficiales, puesto que hab\u00eda le\u00eddo lo que la mayor\u00eda de ellos indican sobre este asunto en &hellip;<\/p>\n","protected":false},"author":12,"featured_media":0,"parent":27,"menu_order":2,"comment_status":"closed","ping_status":"closed","template":"","meta":{"footnotes":""},"categories":[],"tags":[],"class_list":["post-958","page","type-page","status-publish","hentry"],"_links":{"self":[{"href":"https:\/\/www.grupohipnosiscopcv.es\/wordpress\/wp-json\/wp\/v2\/pages\/958","targetHints":{"allow":["GET"]}}],"collection":[{"href":"https:\/\/www.grupohipnosiscopcv.es\/wordpress\/wp-json\/wp\/v2\/pages"}],"about":[{"href":"https:\/\/www.grupohipnosiscopcv.es\/wordpress\/wp-json\/wp\/v2\/types\/page"}],"author":[{"embeddable":true,"href":"https:\/\/www.grupohipnosiscopcv.es\/wordpress\/wp-json\/wp\/v2\/users\/12"}],"replies":[{"embeddable":true,"href":"https:\/\/www.grupohipnosiscopcv.es\/wordpress\/wp-json\/wp\/v2\/comments?post=958"}],"version-history":[{"count":7,"href":"https:\/\/www.grupohipnosiscopcv.es\/wordpress\/wp-json\/wp\/v2\/pages\/958\/revisions"}],"predecessor-version":[{"id":963,"href":"https:\/\/www.grupohipnosiscopcv.es\/wordpress\/wp-json\/wp\/v2\/pages\/958\/revisions\/963"}],"up":[{"embeddable":true,"href":"https:\/\/www.grupohipnosiscopcv.es\/wordpress\/wp-json\/wp\/v2\/pages\/27"}],"wp:attachment":[{"href":"https:\/\/www.grupohipnosiscopcv.es\/wordpress\/wp-json\/wp\/v2\/media?parent=958"}],"wp:term":[{"taxonomy":"category","embeddable":true,"href":"https:\/\/www.grupohipnosiscopcv.es\/wordpress\/wp-json\/wp\/v2\/categories?post=958"},{"taxonomy":"post_tag","embeddable":true,"href":"https:\/\/www.grupohipnosiscopcv.es\/wordpress\/wp-json\/wp\/v2\/tags?post=958"}],"curies":[{"name":"wp","href":"https:\/\/api.w.org\/{rel}","templated":true}]}}