{"id":95,"date":"2010-01-20T18:40:06","date_gmt":"2010-01-20T17:40:06","guid":{"rendered":"http:\/\/www.grupohipnosiscopcv.es\/wordpress\/?page_id=95"},"modified":"2015-06-21T21:05:59","modified_gmt":"2015-06-21T20:05:59","slug":"informe-sobre-la-regresion-hipnotica","status":"publish","type":"page","link":"https:\/\/www.grupohipnosiscopcv.es\/wordpress\/actividades-del-grupo-de-trabajo-de-hipnosis-psicologica\/informes\/informe-sobre-la-regresion-hipnotica\/","title":{"rendered":"INFORME SOBRE LA REGRESI\u00d3N HIPN\u00d3TICA"},"content":{"rendered":"<p>El deseo de este informe es aclarar el uso que se puede hacer de la hipnosis para ayudar a alguna persona a acceder a recuerdos de situaciones anteriores de su vida. Eso es algo absolutamente diferente a la pretensi\u00f3n de que la hipnosis sirva para hacer regresiones a recuerdos de supuestas vidas pasadas.<\/p>\n<p>Establecida esta premisa, vamos a exponer c\u00f3mo y para qu\u00e9 sirve la hipnosis en este caso.<\/p>\n<p>Durante una sesi\u00f3n en la que se est\u00e9 usando hipnosis como t\u00e9cnica facilitadora del proceso terap\u00e9utico, puede ser de utilidad guiar a la persona hacia alg\u00fan momento de su vida en el que se percibe que hay recuerdos poco claros, embarazosos, dolorosos o que de alguna manera est\u00e1n ayudando a mantener una patolog\u00eda actual, y por ello se encuentran apartados de la conciencia , o porque sean \u00a0recuerdos pobres y limitados.<\/p>\n<p>Este acercamiento se hace de una forma muy general, inespec\u00edfica y con un cuidado exquisito, a fin de no facilitar la creaci\u00f3n o implantaci\u00f3n en la memoria de recuerdos falsos. Mientras una persona se encuentra centrada en la hipnosis, y siempre sabiendo la persona lo que se va a abordar, contando con su aprobaci\u00f3n, se le lleva a rememorar el tiempo o las circunstancias en las que pudo suceder aquello que se trata de evocar o se le expone al est\u00edmulo que le generan ansiedad.<\/p>\n<p>Cualquier recuerdo que pueda surgir se debe de considerar solamente como un producto de la mente, que se puede ajustar a la realidad o bien que puede haber sufrido alg\u00fan tipo de distorsi\u00f3n, ya que la investigaci\u00f3n ha constatado que la memoria tiende a alterar o mezclar im\u00e1genes cuando ha transcurrido un cierto tiempo. Esto implica que el recuerdo puede ser correcto o incorrecto, ajustado a lo sucedido en realidad o poco preciso; pero hay que tener en cuenta que las personas tendemos a conceptuar los recuerdos obtenidos con la hipnosis como muy fiables, aunque en realidad no se ajusten completamente, a veces en absoluto, a lo ocurrido en tal momento del pasado.<br \/>\nUna de las ventajas que aporta la hipnosis para acceder a los recuerdos, es procurar a la persona un entorno mental de relajaci\u00f3n y bienestar, que le ayuda a poder centrarse y destinar tiempo a recordar, o bien percibir como menos lesivos o amenazantes aquellos posibles sucesos que se est\u00e1n tratando de recuperar, o simplemente afrontar ya que se recuerdan con precisi\u00f3n. No es, por tanto, una herramienta que los instaura sino una forma de facilitar que sean recuperados o afrontados con mayor madurez o seguridad, ya que la persona tiene ahora unas capacidades de afrontamiento de las que carec\u00eda antes de la terapia psicol\u00f3gica.<br \/>\nLa hipnosis no tiene ninguna capacidad o propiedad especial que pueda incrementar la memoria en cuanto a cantidad y precisi\u00f3n de recuerdo,\u00a0 ni en terapia ni en ning\u00fan otro contexto. Solamente es \u00fatil para examinar y reestructurar los recuerdos existentes o f\u00e1cilmente accesibles o para poder enfrentarse a ellos con apoyo de un profesional y poder manejar su intensidad y controlar las reacciones que puedan sentirse.<\/p>\n<p>Los falsos recuerdos de abducciones extraterrestres, torturas sat\u00e1nicas, abusos sexuales, etc., se dan frecuentemente en hipnosis cuando el cliente y el terapeuta creen que la hipnosis funciona como la m\u00e1quina de la verdad, o que todo lo que se recuerda bajo hipnosis es cierto, o que la persona regresada bajo hipnosis act\u00faa tal cual lo hacia a esa edad, todo lo cual la ciencia se ha encargado de demostrar que no es cierto. Esas creencias, junto a lo que se conocen como preguntas tendenciosas, y la presi\u00f3n del terapeuta o el grupo de personas que mantiene las creencias mencionadas, determinan la aparici\u00f3n de falsos recuerdos con consecuencias muy desagradables para el paciente, como romper con la familia, amigos, incluso dedicarse al espiritismo o entrar en sectas, especialmente si se han realizado regresiones a vidas pasadas. En lo referente a\u00a0 estas \u201cregresiones a vidas pasadas\u201c s\u00f3lo queremos recordar que no hay ninguna evidencia cient\u00edfica que nos permita tomar en consideraci\u00f3n este supuesto a la hora de una terapia psicol\u00f3gica, y menos que sean eficaces como tratamiento, pero s\u00ed que pueden generar problemas.<\/p>\n<p>En caso de querer ponerse en manos de alguna persona que haga regresiones aconsejamos que, primero sea un profesional de la Medicina o Psicolog\u00eda, con amplia experiencia en hipnosis cient\u00edfica. Y tal y como indican: Capafons &amp; Mazzoni (2005<strong>) <a href=\"http:\/\/www.papelesdelpsicologo.es\/vernumero.asp?ID=1183\">http:\/\/www.papelesdelpsicologo.es\/vernumero.asp?ID=1183<\/a>), <\/strong>considere lo siguiente:<br \/>\nMuchos terapeutas a los que el cliente les solicita hipnosis regresiva, se niegan a realizarla argumentando que no est\u00e1n capacitados para ello. Si es \u00e9ste el caso, es probable que el cliente busque a alguien, generalmente a un hipnoterapeuta lego, para satisfacer su demanda. Por ello, se deber\u00eda asesorar al cliente sobre las precauciones que deber\u00eda adoptar si decide realmente ponerse en manos de este tipo de \u00abprofesional\u00bb. Seg\u00fan nuestro punto de vista, se deber\u00eda informar al cliente de los siguientes aspectos:<\/p>\n<ul>\n<li>Si alguien habla de hipnoterapia, y se auto denomina hipnoterapeuta o hipn\u00f3logo, hay que dudar de sus capacitaciones, y preguntarle por su cualificaci\u00f3n profesional. Si no sabe tratar el problema sin hipnosis, tampoco lo sabe con ella: la hipnosis no es una terapia sino una t\u00e9cnica y campo de estudio.<\/li>\n<li>Si el terapeuta promete resultados espectaculares, hay que dudar de la eficacia de su tratamiento, y preguntarle por la evidencia emp\u00edrica que avala esos resultados.<\/li>\n<li>Si propone regresiones de edad, hay que dudar de su pertinencia, y preguntar por la evidencia cient\u00edfica que justifica tal pr\u00e1ctica.<\/li>\n<li>Si se recuerda bajo hipnosis algo poco cre\u00edble o muy dif\u00edcilmente olvidable (abusos, abducciones, torturas, etc.), hay que desconfiar de la veracidad de tal recuerdo, y recurrir siempre a un psic\u00f3logo o psiquiatra experto en hipnosis y memoria, y en el abuso o recuerdo en concreto.<\/li>\n<li>Estas consideraciones no evitan que el cliente pueda tener una experiencia negativa o generadora de problemas con la hipnosis, pero s\u00ed le pueden ayudar a desarrollar criterios para descartar los servicios de terapeutas que potencialmente pueden ser perjudiciales , criterios a los que, como usuario, tiene derecho.<\/li>\n<\/ul>\n<p>Para m\u00e1s informaci\u00f3n, incluimos estos dos documentos que pueden resultarles esclarecedores:<\/p>\n<p><strong><a href=\"http:\/\/www.grupohipnosiscopcv.es\/SE%20DEJARIA%20EXTRAER%20UNA%20MUELA%20POR%20UN%20HIPNOTIZADOR.pdf\">\u00bfSE DEJAR\u00cdA VD. SACAR UNA MUELA POR UN HIPNOTIZADOR?<\/a><\/strong> por el Grupo de Trabajo de Hipnosis psicol\u00f3gica del COP-CV<\/p>\n<p><strong><a href=\"http:\/\/www.grupohipnosiscopcv.es\/EXTRACTO%20NATURALEZA%20HIPNOSIS.pdf\">EXTRACTO DEL LIBRO LA NATURALEZA DE LA HIPNOSIS<\/a><\/strong> por la Sociedad Brit\u00e1nica dePsicolog\u00eda.<\/p>\n<p>FIRMADO: MIEMBROS DEL GRUPO DE HIPNOSIS PSICOL\u00d3GICA COP-CV<\/p>\n","protected":false},"excerpt":{"rendered":"<p>El deseo de este informe es aclarar el uso que se puede hacer de la hipnosis para ayudar a alguna persona a acceder a recuerdos de situaciones anteriores de su vida. Eso es algo absolutamente diferente a la pretensi\u00f3n de que la hipnosis sirva para hacer regresiones a recuerdos de supuestas vidas pasadas. Establecida esta &hellip;<\/p>\n","protected":false},"author":12,"featured_media":0,"parent":33,"menu_order":2,"comment_status":"closed","ping_status":"closed","template":"","meta":{"footnotes":""},"categories":[10],"tags":[],"class_list":["post-95","page","type-page","status-publish","hentry","category-noticias"],"_links":{"self":[{"href":"https:\/\/www.grupohipnosiscopcv.es\/wordpress\/wp-json\/wp\/v2\/pages\/95","targetHints":{"allow":["GET"]}}],"collection":[{"href":"https:\/\/www.grupohipnosiscopcv.es\/wordpress\/wp-json\/wp\/v2\/pages"}],"about":[{"href":"https:\/\/www.grupohipnosiscopcv.es\/wordpress\/wp-json\/wp\/v2\/types\/page"}],"author":[{"embeddable":true,"href":"https:\/\/www.grupohipnosiscopcv.es\/wordpress\/wp-json\/wp\/v2\/users\/12"}],"replies":[{"embeddable":true,"href":"https:\/\/www.grupohipnosiscopcv.es\/wordpress\/wp-json\/wp\/v2\/comments?post=95"}],"version-history":[{"count":4,"href":"https:\/\/www.grupohipnosiscopcv.es\/wordpress\/wp-json\/wp\/v2\/pages\/95\/revisions"}],"predecessor-version":[{"id":2261,"href":"https:\/\/www.grupohipnosiscopcv.es\/wordpress\/wp-json\/wp\/v2\/pages\/95\/revisions\/2261"}],"up":[{"embeddable":true,"href":"https:\/\/www.grupohipnosiscopcv.es\/wordpress\/wp-json\/wp\/v2\/pages\/33"}],"wp:attachment":[{"href":"https:\/\/www.grupohipnosiscopcv.es\/wordpress\/wp-json\/wp\/v2\/media?parent=95"}],"wp:term":[{"taxonomy":"category","embeddable":true,"href":"https:\/\/www.grupohipnosiscopcv.es\/wordpress\/wp-json\/wp\/v2\/categories?post=95"},{"taxonomy":"post_tag","embeddable":true,"href":"https:\/\/www.grupohipnosiscopcv.es\/wordpress\/wp-json\/wp\/v2\/tags?post=95"}],"curies":[{"name":"wp","href":"https:\/\/api.w.org\/{rel}","templated":true}]}}