{"id":942,"date":"2010-12-07T18:15:40","date_gmt":"2010-12-07T17:15:40","guid":{"rendered":"http:\/\/www.grupohipnosiscopcv.es\/wordpress\/"},"modified":"2010-12-07T18:16:05","modified_gmt":"2010-12-07T17:16:05","slug":"tesis-doctorales-accesibles-al-publico","status":"publish","type":"page","link":"https:\/\/www.grupohipnosiscopcv.es\/wordpress\/recursos-para-profesionales\/bibliografia\/tesis-doctorales-accesibles-al-publico\/","title":{"rendered":"Tesis doctorales accesibles al p\u00fablico"},"content":{"rendered":"<ul><font size=2><\/p>\n<li>Gonz\u00e1lez Ordi, H\u00e9ctor (2003). Sugestionabilidad e hipnosis: aspectos cognitivo-subjetivos y psicofisiol\u00f3gicos. Director, Juan Jos\u00e9 Miguel Tobal. Madrid : Universidad Complutense de Madrid, Servicio de Publicaciones. <a href=\"http:\/\/www.ucm.es\/BUCM\/tesis\/19972000\/S\/4\/S4014801.pdf\">Ver art\u00edculo<\/a>.<\/li>\n<li>Herrero Fern\u00e1ndez, Manuel (1998). Un programa basado en la auto-regulaci\u00f3n como estrategia de intervenci\u00f3n para la fobia a viajar en transporte a\u00e9reo. Dirigida por: Juan I. Capafons Bonet, Antonio Capafons Bonet. La Laguna: Universidad de La Laguna. <a href=\"ftp:\/\/tesis.bbtk.ull.es\/ccssyhum\/cs68.pdf\">Ver art\u00edculo<\/a>.<\/li>\n<\/ul>\n<p><\/font><\/p>\n","protected":false},"excerpt":{"rendered":"<p>Gonz\u00e1lez Ordi, H\u00e9ctor (2003). Sugestionabilidad e hipnosis: aspectos cognitivo-subjetivos y psicofisiol\u00f3gicos. Director, Juan Jos\u00e9 Miguel Tobal. Madrid : Universidad Complutense de Madrid, Servicio de Publicaciones. Ver art\u00edculo. Herrero Fern\u00e1ndez, Manuel (1998). Un programa basado en la auto-regulaci\u00f3n como estrategia de intervenci\u00f3n para la fobia a viajar en transporte a\u00e9reo. Dirigida por: Juan I. Capafons Bonet, &hellip;<\/p>\n","protected":false},"author":12,"featured_media":0,"parent":136,"menu_order":3,"comment_status":"closed","ping_status":"closed","template":"","meta":{"footnotes":""},"categories":[],"tags":[],"class_list":["post-942","page","type-page","status-publish","hentry"],"_links":{"self":[{"href":"https:\/\/www.grupohipnosiscopcv.es\/wordpress\/wp-json\/wp\/v2\/pages\/942","targetHints":{"allow":["GET"]}}],"collection":[{"href":"https:\/\/www.grupohipnosiscopcv.es\/wordpress\/wp-json\/wp\/v2\/pages"}],"about":[{"href":"https:\/\/www.grupohipnosiscopcv.es\/wordpress\/wp-json\/wp\/v2\/types\/page"}],"author":[{"embeddable":true,"href":"https:\/\/www.grupohipnosiscopcv.es\/wordpress\/wp-json\/wp\/v2\/users\/12"}],"replies":[{"embeddable":true,"href":"https:\/\/www.grupohipnosiscopcv.es\/wordpress\/wp-json\/wp\/v2\/comments?post=942"}],"version-history":[{"count":2,"href":"https:\/\/www.grupohipnosiscopcv.es\/wordpress\/wp-json\/wp\/v2\/pages\/942\/revisions"}],"predecessor-version":[{"id":944,"href":"https:\/\/www.grupohipnosiscopcv.es\/wordpress\/wp-json\/wp\/v2\/pages\/942\/revisions\/944"}],"up":[{"embeddable":true,"href":"https:\/\/www.grupohipnosiscopcv.es\/wordpress\/wp-json\/wp\/v2\/pages\/136"}],"wp:attachment":[{"href":"https:\/\/www.grupohipnosiscopcv.es\/wordpress\/wp-json\/wp\/v2\/media?parent=942"}],"wp:term":[{"taxonomy":"category","embeddable":true,"href":"https:\/\/www.grupohipnosiscopcv.es\/wordpress\/wp-json\/wp\/v2\/categories?post=942"},{"taxonomy":"post_tag","embeddable":true,"href":"https:\/\/www.grupohipnosiscopcv.es\/wordpress\/wp-json\/wp\/v2\/tags?post=942"}],"curies":[{"name":"wp","href":"https:\/\/api.w.org\/{rel}","templated":true}]}}