{"id":935,"date":"2010-12-07T17:50:05","date_gmt":"2010-12-07T16:50:05","guid":{"rendered":"http:\/\/www.grupohipnosiscopcv.es\/wordpress\/"},"modified":"2015-02-25T20:06:50","modified_gmt":"2015-02-25T19:06:50","slug":"algunas-referencias-utiles-sobre-la-hipnosis-cientifica-en-castellano","status":"publish","type":"page","link":"https:\/\/www.grupohipnosiscopcv.es\/wordpress\/recursos-para-profesionales\/bibliografia\/algunas-referencias-utiles-sobre-la-hipnosis-cientifica-en-castellano\/","title":{"rendered":"Algunas referencias \u00fatiles sobre la hipnosis cient\u00edfica en castellano"},"content":{"rendered":"<p>&nbsp;<\/p>\n<p><span style=\"font-size: x-small;\"><span style=\"font-size: x-small;\">\u00a0<\/span><\/span><\/p>\n<ul>\n<li>Alarc\u00f3n, A., Caba\u00f1as, S., &amp; Capafons, A. (2003). Panorama actual de la hipnosis para el alivio\u00a0 del dolor en ni\u00f1os. Revista de la Asociaci\u00f3n Profesional de Terapia y Modificaci\u00f3n de Conducta, n\u00famero 2.<\/li>\n<li>Alarc\u00f3n, A., &amp; Capafons, A. (2006). El modelo de Valencia de hipnosis despierta: t\u00e9cnicas nuevas o t\u00e9cnicas innovadoras? Papeles del Psic\u00f3logo, 27, 70-78. <a href=\"http:\/\/www.cop.es\/papeles\/vernumero.asp?id=1338\">Ver art\u00edculo<\/a>.<\/li>\n<li>Araoz, D.L., Burte, J.M., &amp; Carrese, M. (1998). Control del dolor por medio de la hipnosis. En V.E. Caballo (Ed.), Manual para el tratamiento cognitivo-conductual de los trastornos psicol\u00f3gicos (385-400). Madrid: Siglo XXI.<\/li>\n<li>Ayala-Corredor, C. (2010).\u00a0\u00a0\u00a0La hipnosis como intervenci\u00f3n para la cesaci\u00f3n del consumo de tabaco.\u00a0<em>Revista Colombiana de Psiquiatr\u00eda,<\/em> 39, 224-234.\u00a0<a href=\"http:\/\/www.psiquiatria.org.co\/BancoMedios\/Documentos%20PDF\/rcp_sup2010_art14.pdf\" target=\"_blank\">http:\/\/www.psiquiatria.org.co\/BancoMedios\/Documentos%20PDF\/rcp_sup2010_art14.pdf<\/a><\/li>\n<li>Barber, J. (2000). Tratamiento del dolor mediante hipnosis y sugesti\u00f3n. Bilbao: DDB<\/li>\n<li>Barber, T.X. (1988). Los procedimientos hipnosugestivos como catalizadores de las psicoterapias. En S.J. Lynn, &amp; J.P. Garske (Eds.), Psicoterapias contempor\u00e1neas. Modelos y M\u00e9todos (cap. 10). Bilbao: D.D.B.<\/li>\n<li>Cangas, A.J. (1999). An\u00e1lisis y modificaci\u00f3n de la susceptibilidad hipn\u00f3tica. Anales de Psicolog\u00eda, 15, 89-97. <a href=\"http:\/\/www.um.es\/analesps\/v15\/v15_1pdf\/09h07Cang.pdf\">Ver art\u00edculo<\/a>.<\/li>\n<li>Cangas, A.J. y P\u00e9rez \u00c1lvarez, M. (1995). An\u00e1lisis descriptivo de la escala de susceptibilidad hipn\u00f3tica de la Universidad de Carleton. Psicologemas, 18, 221-231.<\/li>\n<li>Cangas, A.J. y P\u00e9rez \u00c1lvarez, M. (1997). Transformaci\u00f3n de las instrucciones en sugestiones mediante procedimientos operantes. Psicothema, 9, 167-174.<\/li>\n<li>Cangas, A.J., P\u00e9rez \u00c1lvarez, M. &amp; Errasti, J.M. (1994). Incremento de la involuntariedad hipn\u00f3tica mediante el contraste activo pasivo. Psicolog\u00eda Conductual, 2, 235-244.<\/li>\n<li>Capafons, A. (1995). Entrevista a Irving Kirsch (University of Connecticut, USA). Papeles del Psic\u00f3logo, 62, 60-61. <a href=\"http:\/\/www.cop.es\/papeles\/vernumero.asp?ID=1093\">Ver art\u00edculo<\/a>.<\/li>\n<li>Capafons, A. (1998). Hipnosis cl\u00ednica: una visi\u00f3n cognitivo-comportamental.\u00a0 Papeles del Psic\u00f3logo, 69, 71-88. <a href=\"http:\/\/www.cop.es\/papeles\/vernumero.asp?ID=779\">Ver art\u00edculo<\/a>.<\/li>\n<li><span style=\"color: #333333;\">Capafons,<\/span> A. (1999). La hipnosis despierta setenta y cuatro a\u00f1os despu\u00e9s. Anales de Psicolog\u00eda, 15, 77-78. <a href=\"http:\/\/www.um.es\/analesps\/v15\/v15_1pdf\/08h06Cap.pdf\">Ver art\u00edculo<\/a>.<\/li>\n<li><span style=\"color: #333333;\">Capafons, A. (2012).\u00a0Hipnosis (segunda edici\u00f3n ampliada y revisada). Madrid: S\u00edntesis.<\/span><\/li>\n<li>Capafons, A., Alarc\u00f3n, A., Caba\u00f1as, S., &amp; Espejo, B. (2003). An\u00e1lisis factorial exploratorio y propiedades psicom\u00e9tricas del cuestionario de creencias y actitudes hacia la hipnosis-cliente. Psicothema, 15, 143-147. <a href=\"http:\/\/www.psicothema.com\/psicothema.asp?ID=1036\">Ver art\u00edculo<\/a>.<\/li>\n<li>Capafons, A. &amp; Amig\u00f3, S. (Eds.). (1993a) Hipnosis, terapia de auto-regulaci\u00f3n e intervenci\u00f3n comportamental. Valencia: Promolibro.<\/li>\n<li>Capafons, A. &amp; Amig\u00f3, S. (1993b). Hipnosis y terapia de auto-regulaci\u00f3n. En F.J. Labrador, J.A. Cruzado &amp; M. Mu\u00f1oz (Eds.), Manual de t\u00e9cnicas de modificaci\u00f3n y terapia de Conducta (pp. 457-476).\u00a0 Madrid: Pir\u00e1mide.<\/li>\n<li>Capafons, A. &amp; Amig\u00f3, S. (1993c). Hipnosis y terapia de auto-regulaci\u00f3n (introducci\u00f3n pr\u00e1ctica). Madrid: Eudema.<\/li>\n<li>Capafons, A., Caba\u00f1as, S., Alarc\u00f3n, A., &amp; Bayot, A. (2001). Hipnosis y depresi\u00f3n. Informaci\u00f3 Psicol\u00f2gica, 76, 50-58. <a href=\"http:\/\/www.grupohipnosiscopcv.es\/capafons_hipnosis_depresion.pdf\">Ver art\u00edculo<\/a> (incluido en esta p\u00e1gina web con autorizaci\u00f3n de la revista Informaci\u00f3 Psicol\u00f2gica).<\/li>\n<li>Capafons, A., Lamas, J.R., &amp; Lopes-Pires, C. (2008). Hipnosis. En F.J. Labrador (Ed.). Manual de t\u00e9cnicas de modificaci\u00f3n de conducta (pp. 593-614).Madrid: Pir\u00e1mide.<\/li>\n<li>Capafons, A., &amp; Mazzoni, G. (2005). \u00bfEs lo peligroso de la hipnosis el hipnoterapeuta?: Hipnosis y falsos recuerdos. Papeles del Psic\u00f3logo, 25, 27-38. <a href=\"http:\/\/www.cop.es\/papeles\/vernumero.asp?ID=1183\">Ver art\u00edculo<\/a>.<\/li>\n<li>Carde\u00f1a, E., Maldonado, J., Gald\u00f3n, M\u00aaJ., &amp; Spiegel, D. (1999). La hipnosis y los trastornos postraum\u00e1ticos. Anales de Psicolog\u00eda, 15, 147-155. <a href=\"http:\/\/www.um.es\/analesps\/v15\/v15_1pdf\/13h10carde.pdf\">Ver art\u00edculo<\/a>.<\/li>\n<li>Coe, W. (1987). Expectativas, hipnosis y sugesti\u00f3n en el cambio. En F.H. Kanfer &amp; A.P. Goldstein (Eds.), C\u00f3mo ayudar al cambio en psicoterapia (cap. 12). Bilbao: D.D.B.<\/li>\n<li>Council, J.R. (2005). Personalidad, psicopatolog\u00eda y sugestionabilidad hipn\u00f3tica. Papeles del Psic\u00f3logo, 25, 16-26. <a href=\"http:\/\/www.cop.es\/papeles\/vernumero.asp?ID=1182\">Ver art\u00edculo<\/a>.<\/li>\n<li>Crawford, H.J, Knebel, T., Vendemia, J.M.C., Norton, J.E., &amp; Lamas, J.R. (1999). La naturaleza de la analgesia hipn\u00f3tica: bases y evidencias neurofisiol\u00f3gicas. Anales de Psicolog\u00eda, 15, 133-146. <a href=\"http:\/\/www.um.es\/analesps\/v15\/v15_1pdf\/12h05Craw.pdf\">Ver art\u00edculo<\/a>.<\/li>\n<li>Gil, J.G., &amp; Buela-Casal, G. (2001). Hipnosis. Fuentes hist\u00f3ricas, marco conceptual y aplicaciones en Psicolog\u00eda Cl\u00ednica. Madrid: Biblioteca Nueva.<\/li>\n<li>Dryden, W. &amp; Ellis, A. (1989). La pr\u00e1ctica de la terapia racional emotiva (pp. 209-217). Bilbao: D.D.B.<\/li>\n<li>Eimer, B.N. (2004). Autohipnosis contra el dolor: programa para el alivio inmediato del dolor. Madrid:\u00a0\u00a0 Arkano Books.<\/li>\n<li>Fern\u00e1ndez, C., P\u00e9rez, J.A., &amp; M\u00e9ndez, B.F. (2000). Hipnosis cl\u00ednica en un caso de enfermedad inflamatoria intestinal. Cl\u00ednica y Salud, 11, 59-79.<\/li>\n<li>Feixas, G. (2008). Hipnosis y terapias cognitivas. Apuntes de Psicolog\u00eda, 26, 193-197. <a href=\"http:\/\/www.cop.es\/delegaci\/andocci\/files\/contenidos\/vol_26_2_4.pdf\">Ver art\u00edculo<\/a>.<\/li>\n<li>Golden, W.L. (1990). La hipnoterapia racional-emotiva: principios y t\u00e9cnicas. En A. Ellis &amp; R. Grieger (Eds.), Manual de terapia racional emotiva (Vol. 2) (pp. 295-307). Bilbao: DDB.<\/li>\n<li>Gonz\u00e1lez-Ordi, H. (2001). La hipnosis: mitos y realidades. M\u00e1laga: Aljibe, S.L.<\/li>\n<li>Gonz\u00e1lez-Ordi, H. (2005). El empleo de las t\u00e9cnicas de sugesti\u00f3n e hipnosis en el control y reducci\u00f3n del dolor: implicaciones para la Psicooncolog\u00eda. Psicooncolog\u00eda, 1, 117-130. <a href=\"http:\/\/www.ucm.es\/BUCM\/revistas\/psi\/16967240\/articulos\/PSIC0505120117A.PDF\">Ver art\u00edculo<\/a>.<\/li>\n<li>Gonz\u00e1lez-Ordi, H. (2006). Hipnosis cl\u00ednica: aplicaciones de las t\u00e9cnicas de sugesti\u00f3n en psicolog\u00eda cl\u00ednica y de la salud. Psicolog\u00eda Conductual, 14, 467-490.<\/li>\n<li>Gonz\u00e1lez-Ordi, H. &amp; Miguel Tobal, J.J. (1993). Aplicaci\u00f3n de las t\u00e9cnicas de hipnosis en el \u00e1mbito de la modificaci\u00f3n de conducta. Informaci\u00f3 Psicol\u00f3gica, 53, 41-51. <a href=\"http:\/\/www.grupohipnosiscopcv.es\/gonzalez_aplicaciones_tecnicas.pdf\">Ver art\u00edculo<\/a> (incluido en esta p\u00e1gina web con autorizaci\u00f3n de la revista Informaci\u00f3 Psicol\u00f2gica).<\/li>\n<li>Gonz\u00e1lez-Ordi, H., &amp; Miguel-Tobal, J.J. (1999). Caracter\u00edsticas de la sugestionabilidad y su relaci\u00f3n con otras variables psicol\u00f3gicas. Anales de Psicolog\u00eda, 15, 57-75. <a href=\"http:\/\/www.um.es\/analesps\/v15\/v15_1pdf\/07h01hect.pdf\">Ver art\u00edculo<\/a>.<\/li>\n<li>Hawkins, P J. (1998). Introducci\u00f3n a la hipnosis cl\u00ednica: una perspectiva humanista. Valencia: Promolibro.<\/li>\n<li>Hawkins, P J. (2007). Hipnosis &amp; Estr\u00e9s. Gu\u00eda para profesionales. Bilbao: DDB. (Ver \u00edndice)<\/li>\n<li>Jara, P. (2005). El proceso de influencia hipn\u00f3tica: habilidades y estrategias del terapeuta para la sugesti\u00f3n. Psicolog\u00eda Conductual, 13, 37-57.<\/li>\n<li>Jara, P., &amp; Mart\u00ednez-S\u00e1nchez, F. (1999). Hipnosis, hipnotizabilidad y expectativas de respuesta: una revisi\u00f3n cr\u00edtica. Anales de Psicolog\u00eda, 15, 39-56. <a href=\"http:\/\/www.um.es\/analesps\/v15\/v15_1pdf\/06h04Jara.pdf\">Ver art\u00edculo<\/a>.<\/li>\n<li>Kirsch, I. (1993), Hipnoterapia cognitivo-comportamental: Expectativas y cambio de comportamiento. En\u00a0 A. Capafons &amp; S. Amig\u00f3 (Eds.), Hipnosis, terapia de auto-regulaci\u00f3n e intervenci\u00f3n comportamental (pp. 45-61).Valencia: Promolibro.<\/li>\n<li>Lamas, J.R. (1999). Hipnosis: ese desconocido tan familiar. Presentaci\u00f3n del n\u00famero monogr\u00e1fico. Anales de Psicolog\u00eda, 15, 1-2. <a href=\"http:\/\/www.um.es\/analesps\/v15\/v15_1pdf\/03h00pres.pdf\">Ver art\u00edculo<\/a>.<\/li>\n<li>Lamas, J., Valle-Incl\u00e1n, F. y Albo, A. (1996). Datos normativos de la SHSS:C en una muestra espa\u00f1ola. Psicothema, 8, 369-373.<\/li>\n<li>Larra, F.J., Valero, L., &amp; Abascal, J. (2003). Hipermnesia bajo condiciones de vigilia e hipnosis. Cl\u00ednica y Salud, 14, 203-220.<\/li>\n<li>Lega, L. I.,\u00a0 Caballo, V. E., &amp; Ellis, A.(1997). Teor\u00eda y pr\u00e1ctica de la terapia racional emotivo-conductual (cap. 5). Madrid: Siglo XXI.<\/li>\n<li>L\u00f3pez Alcaraz, M.,\u00a0 y Garc\u00eda-Garc\u00eda J.B. (2009). Propuesta del uso de la hipnosis como m\u00e9todo diagn\u00f3stico en procedimientos forenses. A prop\u00f3sito de un caso con trastorno de conversi\u00f3n. Cuadernos de Medicina Forense, 15, 199-205.<\/li>\n<li>Lynn, S.J., &amp; Kirsch, I. (2005). Teor\u00edas de hipnosis. Papeles del Psic\u00f3logo, 25, 9-15. <a href=\"http:\/\/www.cop.es\/papeles\/vernumero.asp?ID=1181\">Ver art\u00edculo<\/a>.<\/li>\n<li>Mart\u00edn, M. (2011) La hipnosis en el alivio y tratamiento del dolor . Valencia: Promolibro.<\/li>\n<li>Mendoza, M\u00aaE. (2000). La hipnosis como adjunto en el tratamiento del h\u00e1bito de fumar: estudio de caso. Psicothema, 12, 330-338. <a href=\"http:\/\/www.psicothema.com\/psicothema.asp?ID=339\">Ver art\u00edculo<\/a>.<\/li>\n<li>Mendoza, M\u00aa E., &amp; Capafons, A. (2009). Eficacia de la hipnosis cl\u00ednica: resumen de su evidencia emp\u00edrica. Papeles del Psic\u00f3logo, 98-116. <a href=\"http:\/\/www.papelesdelpsicologo.es\/vernumero.asp?id=1699\">Ver art\u00edculo<\/a>.<\/li>\n<li>Mendoza, M.E., Capafons, A., Espejo, B., &amp; Montalvo, D. (2009). Creencias y actitudes hacia la hipnosis de los psic\u00f3logos espa\u00f1oles afiliados al Colegio Oficial de Psic\u00f3logos. Psicothema, 21, 465-470. <a href=\"http:\/\/www.psicothema.com\/pdf\/3655.pdf\">Ver art\u00edculo<\/a>.<\/li>\n<li>Montgomery, G.H., &amp; Schnur, J.B. (2005). Eficacia y aplicaci\u00f3n de la hipnosis cl\u00ednica. Papeles del Psic\u00f3logo, 89, 3-8. <a href=\"http:\/\/www.cop.es\/papeles\/vernumero.asp?ID=1180\">Ver art\u00edculo<\/a>.<\/li>\n<li>Molina, J.A. (2001). La hipnosis en la terapia cognitivo-conductual: aplicaciones en el campo de las adicciones. Adicciones, 13, 31-38. <a href=\"http:\/\/www.adicciones.es\/files\/31-38%20Original.pdf\" target=\"_blank\">Ver art\u00edculo<\/a>.<\/li>\n<li>Molina, J.A. &amp; Gonzalez Ordi, H. (2001). El empleo de las t\u00e9cnicas de sugesti\u00f3n como coadyuvantes de los programas multicomponentes en el tratamiento del tabaquismo: estudio de caso \u00fanico. Cl\u00ednica y Salud, 12, 121-139. <a href=\"http:\/\/www.copmadrid.org\/webcopm\/publicaciones\/clinica\/66028.pdf\" target=\"_blank\">Ver art\u00edculo<\/a><\/li>\n<li>Orne, M.T. (1962\/67). La conducta antisocial y la hipnosis. En G.H. Estabrooks (Eds.), Problemas actuales de la hipnosis (pp. 125-170). M\u00e9xico: Fondo de Cultura Econ\u00f3mica (original: New York: Harper &amp; Row Publishers).<\/li>\n<li>P\u00e9rez-Alvarez, M. (1996). Tratamientos psicol\u00f3gicos (Cap. 5: la hipnosis). Madrid: Editorial Universitas.<\/li>\n<li>P\u00e9rez-Alvarez, M. (1999). Teor\u00eda dramat\u00fargica de la hipnosis. Anales de Psicolog\u00eda, 15, 27-38. <a href=\"http:\/\/www.um.es\/analesps\/v15\/v15_1pdf\/05h02Marin.pdf\">Ver art\u00edculo<\/a>.<\/li>\n<li>Revenstorf, D. &amp;\u00a0 Zeyer, R. (2003). Aprender hipnosis: aumento del rendimiento y superaci\u00f3n del estr\u00e9s. Barcelona:\u00a0 Editorial Herder, S.A.<\/li>\n<li>Salamero, C., &amp; Manzano, J.M. (2005) Tratamiento de rituales compulsivos en un caso de esquizofrenia residual: eficacia de la hipnosis. Cl\u00ednica y Salud, 16, 173-186.<\/li>\n<li>Sociedad Brit\u00e1nica de Psicolog\u00eda (2002). La naturaleza de la hipnosis. Valencia: Promolibro.<\/li>\n<li>Tortosa, F., Gonz\u00e1lez-Ordi, H., &amp; Miguel-Tobal, J.J. (1999). La hipnosis: la historia de una controversia interminable. Anales de Psicolog\u00eda, 15, 3-25. <a href=\"http:\/\/www.um.es\/analesps\/v15\/v15_1pdf\/04h03Tort.pdf\">Ver art\u00edculo<\/a>.<\/li>\n<li>Vallejo, M.A. (1993).\u00a0 T\u00e9cnicas de sugesti\u00f3n e hipnosis. En M.A. Vallejo, &amp; M\u00aaA. Ruiz (Eds.), Manual pr\u00e1ctico de modificaci\u00f3n de conducta 2. Madrid: Fundaci\u00f3n Universidad Empresa.<\/li>\n<li>Vallejo, M.A. (1998). Sugesti\u00f3n e hipnosis. En M.A. Vallejo (Ed.), Avances en modificaci\u00f3n y terapia de conducta (pp. 272-299). Madrid: Fundaci\u00f3n Universidad Empresa.<\/li>\n<li>Vallejo, M.A., &amp; Capafons, A. (2005). La hipnosis psicol\u00f3gica en Espa\u00f1a. Papeles del Psic\u00f3logo, 25, 39-43. <a href=\"http:\/\/www.cop.es\/papeles\/vernumero.asp?ID=1184\">Ver art\u00edculo<\/a>.<\/li>\n<li>Yapko, M.D. (1999). Lo esencial de la hipnosis. Barcelona: Paid\u00f3s.<\/li>\n<li>Yapko, M.D. (2008). Tratado de hipnosis cl\u00ednica. Madrid: Palmyra<\/li>\n<\/ul>\n<p>&nbsp;<\/p>\n<p>&nbsp;<\/p>\n<p>&nbsp;<\/p>\n<p>&nbsp;<\/p>\n<p>&nbsp;<\/p>\n","protected":false},"excerpt":{"rendered":"<p>&nbsp; \u00a0 Alarc\u00f3n, A., Caba\u00f1as, S., &amp; Capafons, A. (2003). Panorama actual de la hipnosis para el alivio\u00a0 del dolor en ni\u00f1os. Revista de la Asociaci\u00f3n Profesional de Terapia y Modificaci\u00f3n de Conducta, n\u00famero 2. Alarc\u00f3n, A., &amp; Capafons, A. (2006). El modelo de Valencia de hipnosis despierta: t\u00e9cnicas nuevas o t\u00e9cnicas innovadoras? Papeles del &hellip;<\/p>\n","protected":false},"author":12,"featured_media":0,"parent":136,"menu_order":2,"comment_status":"closed","ping_status":"closed","template":"","meta":{"footnotes":""},"categories":[],"tags":[],"class_list":["post-935","page","type-page","status-publish","hentry"],"_links":{"self":[{"href":"https:\/\/www.grupohipnosiscopcv.es\/wordpress\/wp-json\/wp\/v2\/pages\/935","targetHints":{"allow":["GET"]}}],"collection":[{"href":"https:\/\/www.grupohipnosiscopcv.es\/wordpress\/wp-json\/wp\/v2\/pages"}],"about":[{"href":"https:\/\/www.grupohipnosiscopcv.es\/wordpress\/wp-json\/wp\/v2\/types\/page"}],"author":[{"embeddable":true,"href":"https:\/\/www.grupohipnosiscopcv.es\/wordpress\/wp-json\/wp\/v2\/users\/12"}],"replies":[{"embeddable":true,"href":"https:\/\/www.grupohipnosiscopcv.es\/wordpress\/wp-json\/wp\/v2\/comments?post=935"}],"version-history":[{"count":15,"href":"https:\/\/www.grupohipnosiscopcv.es\/wordpress\/wp-json\/wp\/v2\/pages\/935\/revisions"}],"predecessor-version":[{"id":2205,"href":"https:\/\/www.grupohipnosiscopcv.es\/wordpress\/wp-json\/wp\/v2\/pages\/935\/revisions\/2205"}],"up":[{"embeddable":true,"href":"https:\/\/www.grupohipnosiscopcv.es\/wordpress\/wp-json\/wp\/v2\/pages\/136"}],"wp:attachment":[{"href":"https:\/\/www.grupohipnosiscopcv.es\/wordpress\/wp-json\/wp\/v2\/media?parent=935"}],"wp:term":[{"taxonomy":"category","embeddable":true,"href":"https:\/\/www.grupohipnosiscopcv.es\/wordpress\/wp-json\/wp\/v2\/categories?post=935"},{"taxonomy":"post_tag","embeddable":true,"href":"https:\/\/www.grupohipnosiscopcv.es\/wordpress\/wp-json\/wp\/v2\/tags?post=935"}],"curies":[{"name":"wp","href":"https:\/\/api.w.org\/{rel}","templated":true}]}}