{"id":917,"date":"2010-12-06T10:50:41","date_gmt":"2010-12-06T09:50:41","guid":{"rendered":"http:\/\/www.grupohipnosiscopcv.es\/wordpress\/"},"modified":"2012-01-18T09:21:50","modified_gmt":"2012-01-18T08:21:50","slug":"casado-ruiz-de-loizaga","status":"publish","type":"page","link":"https:\/\/www.grupohipnosiscopcv.es\/wordpress\/informacion-para-usuarios\/profesionales-cualificados\/casado-ruiz-de-loizaga\/","title":{"rendered":"Casado Ruiz de L\u00f3izaga, Blanca"},"content":{"rendered":"<p><strong>Titulaci\u00f3n universitaria:<\/strong><\/p>\n<p>Licenciada en Psicolog\u00eda, especialista en psicolog\u00eda cl\u00ednica.<\/p>\n<p><strong>Colegiado:<\/strong><\/p>\n<p>AA 00086.<\/p>\n<p><strong>Titulaci\u00f3n o estudios de hipnosis:<\/strong><\/p>\n<p>Especialista en hipnosis cl\u00ednica por la UNED.<\/p>\n<p><strong>Temas que trata:<\/strong><\/p>\n<p>Ansiedad, depresi\u00f3n, trastornos psicosom\u00e1ticos, de la alimentaci\u00f3n, sue\u00f1o, adicciones&#8230;<\/p>\n<p><strong>Datos de contacto:<\/strong><\/p>\n<p>C\/ Dato 42 1\u00ba Dcha.\u00a0 01005 Vitoria, \u00c1lava<\/p>\n<p>Tel\u00e9fono 945135040- 659114617<\/p>\n<p><strong>Otros datos:<\/strong><\/p>\n<p>Psicolog\u00eda escolar, cl\u00ednica y jur\u00eddica.<\/p>\n","protected":false},"excerpt":{"rendered":"<p>Titulaci\u00f3n universitaria: Licenciada en Psicolog\u00eda, especialista en psicolog\u00eda cl\u00ednica. Colegiado: AA 00086. Titulaci\u00f3n o estudios de hipnosis: Especialista en hipnosis cl\u00ednica por la UNED. Temas que trata: Ansiedad, depresi\u00f3n, trastornos psicosom\u00e1ticos, de la alimentaci\u00f3n, sue\u00f1o, adicciones&#8230; Datos de contacto: C\/ Dato 42 1\u00ba Dcha.\u00a0 01005 Vitoria, \u00c1lava Tel\u00e9fono 945135040- 659114617 Otros datos: Psicolog\u00eda escolar, cl\u00ednica &hellip;<\/p>\n","protected":false},"author":12,"featured_media":0,"parent":38,"menu_order":36,"comment_status":"closed","ping_status":"closed","template":"","meta":{"footnotes":""},"categories":[],"tags":[],"class_list":["post-917","page","type-page","status-publish","hentry"],"_links":{"self":[{"href":"https:\/\/www.grupohipnosiscopcv.es\/wordpress\/wp-json\/wp\/v2\/pages\/917","targetHints":{"allow":["GET"]}}],"collection":[{"href":"https:\/\/www.grupohipnosiscopcv.es\/wordpress\/wp-json\/wp\/v2\/pages"}],"about":[{"href":"https:\/\/www.grupohipnosiscopcv.es\/wordpress\/wp-json\/wp\/v2\/types\/page"}],"author":[{"embeddable":true,"href":"https:\/\/www.grupohipnosiscopcv.es\/wordpress\/wp-json\/wp\/v2\/users\/12"}],"replies":[{"embeddable":true,"href":"https:\/\/www.grupohipnosiscopcv.es\/wordpress\/wp-json\/wp\/v2\/comments?post=917"}],"version-history":[{"count":5,"href":"https:\/\/www.grupohipnosiscopcv.es\/wordpress\/wp-json\/wp\/v2\/pages\/917\/revisions"}],"predecessor-version":[{"id":1390,"href":"https:\/\/www.grupohipnosiscopcv.es\/wordpress\/wp-json\/wp\/v2\/pages\/917\/revisions\/1390"}],"up":[{"embeddable":true,"href":"https:\/\/www.grupohipnosiscopcv.es\/wordpress\/wp-json\/wp\/v2\/pages\/38"}],"wp:attachment":[{"href":"https:\/\/www.grupohipnosiscopcv.es\/wordpress\/wp-json\/wp\/v2\/media?parent=917"}],"wp:term":[{"taxonomy":"category","embeddable":true,"href":"https:\/\/www.grupohipnosiscopcv.es\/wordpress\/wp-json\/wp\/v2\/categories?post=917"},{"taxonomy":"post_tag","embeddable":true,"href":"https:\/\/www.grupohipnosiscopcv.es\/wordpress\/wp-json\/wp\/v2\/tags?post=917"}],"curies":[{"name":"wp","href":"https:\/\/api.w.org\/{rel}","templated":true}]}}