{"id":905,"date":"2010-12-03T18:20:19","date_gmt":"2010-12-03T17:20:19","guid":{"rendered":"http:\/\/www.grupohipnosiscopcv.es\/wordpress\/"},"modified":"2010-12-07T09:36:39","modified_gmt":"2010-12-07T08:36:39","slug":"otros-documentos","status":"publish","type":"page","link":"https:\/\/www.grupohipnosiscopcv.es\/wordpress\/recursos-para-profesionales\/bibliografia\/otros-documentos\/","title":{"rendered":"Otros documentos"},"content":{"rendered":"<p>Aqu\u00ed puede encontrar otro tipo de documentaci\u00f3n \u00fatil.<\/p>\n<ul>\n<li><a href=\"http:\/\/www.grupohipnosiscopcv.es\/wordpress\/recursos-para-profesionales\/documentos\/articulos\/metodo-de-autosugestion-consciente-de-coue\/\" target=\"_blank\">M\u00c9TODO DE LA AUTO-SUGESTI\u00d3N CONSCIENTE DE COU\u00c9<br \/>\n<\/a>Emile Cou\u00e9 (trad. Jacqueline Blanquine)<\/li>\n<li>Sugestiones para reducir la fobia social (en espa\u00f1ol y portugu\u00e9s), cortes\u00eda de Mar\u00eda Catuna.\u00a0<a title=\"Descargar (pdf)\" href=\"http:\/\/www.grupohipnosiscopcv.es\/wordpress\/documentos\/SugestionHipnoticaFobia%20Social.pdf\" target=\"_blank\">Descargar (pdf)<\/a><\/li>\n<li>Debate en portugu\u00e9s, por correo electr\u00f3nico, entre un psic\u00f3logo y un hipn\u00f3logo  lego (diciembre 2007). <a href=\"http:\/\/www.grupohipnosiscopcv.es\/wordpress\/wp-content\/uploads\/2010\/12\/Debates.pdf\">Descargar (pdf)<\/a><\/li>\n<li>\u00bfSE DEJAR\u00cdA VD. SACAR UNA MUELA POR UN HIPNOTIZADOR?\u00a0<a href=\"http:\/\/www.grupohipnosiscopcv.es\/SE%20DEJARIA%20EXTRAER%20UNA%20MUELA%20POR%20UN%20HIPNOTIZADOR.pdf\" target=\"_blank\">Descargar (pdf)<\/a><br \/>\nPor el Grupo de Trabajo de Hipnosis psicol\u00f3gica del COP-CV<\/li>\n<li>EXTRACTO DEL LIBRO LA NATURALEZA DE LA HIPNOSIS\u00a0<a href=\"http:\/\/www.grupohipnosiscopcv.es\/EXTRACTO%20NATURALEZA%20HIPNOSIS.pdf\" target=\"_blank\">Descargar\u00a0(pdf)<\/a><br \/>\nPor la Sociedad Brit\u00e1nica de Psicolog\u00eda.<\/li>\n<\/ul>\n","protected":false},"excerpt":{"rendered":"<p>Aqu\u00ed puede encontrar otro tipo de documentaci\u00f3n \u00fatil. M\u00c9TODO DE LA AUTO-SUGESTI\u00d3N CONSCIENTE DE COU\u00c9 Emile Cou\u00e9 (trad. Jacqueline Blanquine) Sugestiones para reducir la fobia social (en espa\u00f1ol y portugu\u00e9s), cortes\u00eda de Mar\u00eda Catuna.\u00a0Descargar (pdf) Debate en portugu\u00e9s, por correo electr\u00f3nico, entre un psic\u00f3logo y un hipn\u00f3logo lego (diciembre 2007). Descargar (pdf) \u00bfSE DEJAR\u00cdA VD. &hellip;<\/p>\n","protected":false},"author":12,"featured_media":0,"parent":136,"menu_order":6,"comment_status":"closed","ping_status":"closed","template":"","meta":{"footnotes":""},"categories":[],"tags":[],"class_list":["post-905","page","type-page","status-publish","hentry"],"_links":{"self":[{"href":"https:\/\/www.grupohipnosiscopcv.es\/wordpress\/wp-json\/wp\/v2\/pages\/905","targetHints":{"allow":["GET"]}}],"collection":[{"href":"https:\/\/www.grupohipnosiscopcv.es\/wordpress\/wp-json\/wp\/v2\/pages"}],"about":[{"href":"https:\/\/www.grupohipnosiscopcv.es\/wordpress\/wp-json\/wp\/v2\/types\/page"}],"author":[{"embeddable":true,"href":"https:\/\/www.grupohipnosiscopcv.es\/wordpress\/wp-json\/wp\/v2\/users\/12"}],"replies":[{"embeddable":true,"href":"https:\/\/www.grupohipnosiscopcv.es\/wordpress\/wp-json\/wp\/v2\/comments?post=905"}],"version-history":[{"count":7,"href":"https:\/\/www.grupohipnosiscopcv.es\/wordpress\/wp-json\/wp\/v2\/pages\/905\/revisions"}],"predecessor-version":[{"id":929,"href":"https:\/\/www.grupohipnosiscopcv.es\/wordpress\/wp-json\/wp\/v2\/pages\/905\/revisions\/929"}],"up":[{"embeddable":true,"href":"https:\/\/www.grupohipnosiscopcv.es\/wordpress\/wp-json\/wp\/v2\/pages\/136"}],"wp:attachment":[{"href":"https:\/\/www.grupohipnosiscopcv.es\/wordpress\/wp-json\/wp\/v2\/media?parent=905"}],"wp:term":[{"taxonomy":"category","embeddable":true,"href":"https:\/\/www.grupohipnosiscopcv.es\/wordpress\/wp-json\/wp\/v2\/categories?post=905"},{"taxonomy":"post_tag","embeddable":true,"href":"https:\/\/www.grupohipnosiscopcv.es\/wordpress\/wp-json\/wp\/v2\/tags?post=905"}],"curies":[{"name":"wp","href":"https:\/\/api.w.org\/{rel}","templated":true}]}}