{"id":89,"date":"2010-01-13T19:32:43","date_gmt":"2010-01-13T18:32:43","guid":{"rendered":"http:\/\/www.grupohipnosiscopcv.es\/wordpress\/actividades-del-grupo-de-trabajo-de-hipnosis-psicologica\/"},"modified":"2015-08-07T16:58:26","modified_gmt":"2015-08-07T15:58:26","slug":"actividades-del-grupo-de-trabajo-de-hipnosis-psicologica","status":"publish","type":"page","link":"https:\/\/www.grupohipnosiscopcv.es\/wordpress\/actividades-del-grupo-de-trabajo-de-hipnosis-psicologica\/","title":{"rendered":"Actividades"},"content":{"rendered":"<p>El libro de actas del grupo est\u00e1 certificado, por el Colegio Oficial de Psic\u00f3logos de la Comunidad Valenciana, con fecha 07-04-2000.<\/p>\n<p>La primera reuni\u00f3n est\u00e1 fechada el 01-06-2000 y en ella se aprueban los cargos y se debate cu\u00e1l ser\u00e1 la din\u00e1mica del Grupo de Trabajo sobre Hipnosis Psicol\u00f3gica.<\/p>\n<p>A partir de ese momento, las actividades m\u00e1s destacadas realizadas por el grupo son las siguientes:<\/p>\n<p>30-11-2000<br \/>\nEl grupo presenta su primera conferencia a los colegiados interesados. La conferencia lleva por nombre: \u201cHipnosis para profesionales: Cuestiones pr\u00e1cticas\u201d. Ponentes: Marl\u00e9n M. de Vicente, Julio Mart\u00ednez, Juan Montaner y Antonio Capafons.<\/p>\n<p>12-02-2001<br \/>\nArt\u00edculo en \u201cEl Mundo\u201d: \u201cLos psic\u00f3logos inician una campa\u00f1a para alertar sobre el mal uso de la hipnosis\u201d.<\/p>\n<p>29-03-2001<br \/>\nConferencia: \u201cAspectos \u00e9ticos y legales sobre la hipnosis\u201d. Ponente: Julio Mart\u00ednez.<\/p>\n<p>27-04-2001<br \/>\nConferencia en Canarias: \u201cFalsos recuerdos\u201d. Ponente: Antonio Capafons.<\/p>\n<p>31-05-2001<br \/>\nEntrevista a Antonio Capafons, en Onda Cero, sobre el tema de la hipnosis.<\/p>\n<p>26-06-2001<br \/>\nConferencia en el Hospital Arnau de Vilanova: \u201cHipnosis: del prejuicio a la eficacia cl\u00ednica\u201d. Ponente: Antonio Capafons.\u00a0 Coordinador: Juan Jos\u00e9 Montaner Ballesteros.<\/p>\n<p>28-06-2001<br \/>\nConferencia en el Colegio Oficial de Psic\u00f3logos de la Comunidad Valenciana (C\/ Comte D`Olocau): \u201cHipnosis y Depresi\u00f3n\u201d. Ponente: Sonia Caba\u00f1as.<\/p>\n<p>17-07-2001<br \/>\nConferencia en el Colegio Oficial de Psic\u00f3logos de la Comunidad Valenciana (C\/ Alberique): \u201cHipnosis: un placebo no enga\u00f1oso\u201d. Ponente: Irving Kirsch.<\/p>\n<p>20-09-2001<br \/>\nConferencia: \u201cAspectos psicofisiol\u00f3gicos de la hipnosis\u201d. Ponente: Juan Lamas.<\/p>\n<p>31-01-2002<br \/>\nConferencia en el Centro del Voluntariado de la Generalitat y Bancaja (C\/ Fuencaliente, 1): \u201c\u00bfQu\u00e9 es y qu\u00e9 no es la hipnosis psicol\u00f3gica\u201d. Ponente: Marl\u00e9n M. de Vicente.<\/p>\n<p>28-02-2002<br \/>\nConferencia: \u201c\u00bfEs lo peligroso de la hipnosis el hipnoterapeuta?\u201d. Ponente: Antonio Capafons.<\/p>\n<p>31-10-2002<br \/>\nConferencia en la Herborister\u00eda Sabor a Monte, en el Puerto de Sagunto. Ponente: Juan Jos\u00e9 Montaner Ballesteros.<\/p>\n<p>27-11-2002<br \/>\nCharla en la emisora de televisi\u00f3n \u00abCanal 7 TV del Camp de Morvedre\u00bb en el Puerto de Sagunto (Valencia): \u00abHipnosis-Mitos y aplicaciones\u00bb. Ponente: Juan Jos\u00e9 Montaner Ballesteros.<\/p>\n<p>01-03-2003<br \/>\nX Jornadas profesionales del COP-PV<\/p>\n<p>T\u00edtulo de las Jornadas: \u00abUna perspectiva cient\u00edfica sobre la hipnosis\u00bb.<\/p>\n<p>Conferencias realizadas:<br \/>\nDr. Antonio Capafons (Universitat de Val\u00e8ncia), expuso datos que indicaban la carencia de verdaderas asociaciones cient\u00edfico-profesionales de hipnosis en Espa\u00f1a, la falta de una investigaci\u00f3n sistem\u00e1tica en la universidad, y el exceso de oferta lega de cursos y formaci\u00f3n no universitaria sobre la hipnosis, destacando la labor del COP-PV en la difusi\u00f3n y vigilancia de una pr\u00e1ctica de la hipnosis basada en la evidencia emp\u00edrica.<br \/>\nDra. Giuliana Mazzoni (Seton Hall University, EE.UU.), desarroll\u00f3 el tema de c\u00f3mo crear falsos recuerdos en las personas, con y sin hipnosis, alertando sobre los peligros de las regresiones hipn\u00f3ticas a la hora de favorecer el error y la creaci\u00f3n de recuerdos de eventos que nunca ocurrieron.<br \/>\nDr. Javier Castillo, expuso sus ideas sobre la terapia integrativa y el rol de la hipnosis en ella.<\/p>\n<p>Mesa redonda: \u00abHipnosis: una moda peligrosa o una t\u00e9cnica terap\u00e9utica\u00bb.<br \/>\nPonentes: Marl\u00e9n M. de Vicente, Antonio Capafons y Giuliana Mazzoni.<\/p>\n<p>30-10-2003<br \/>\nCreaci\u00f3n de la Lista de Hipnosis, administrada y moderada por Antonio Capafons.<\/p>\n<p>19-12-2003<br \/>\nConferencia en el Colegio Oficial de Psic\u00f3logos de la Comunidad Valenciana (C\/ Conde de Olocau): \u201cHipnosis y dolor\u201d. Ponente: Jos\u00e9 Sala.<\/p>\n<p>19-02-2004<br \/>\nConferencia en el Colegio Oficial de Psic\u00f3logos de la Comunidad Valenciana (C\/ Conde de Olocau): \u201cLegislaci\u00f3n e hipnosis\u201d. Ponente: \u00c1ngeles Jare\u00f1o.<\/p>\n<p>08-05-2004<br \/>\nFernando Pena, psic\u00f3logo de Valencia, imparte una charla sobre hipnosis en Algemes\u00ed.<\/p>\n<p>24-06-2004<br \/>\nConferencia en el Colegio Oficial de Psic\u00f3logos de la Comunidad Valenciana (C\/ Conde de Olocau): \u201cEliminar el efecto stroop usando sugerencias posthipn\u00f3ticas versus sugerencias no hipn\u00f3ticas\u201d. Ponente: Yael Ivitkin.<\/p>\n<p>15-10-2004<br \/>\nConferencia en el Colegio Oficial de Psic\u00f3logos de la Comunidad Valenciana (C\/ Conde de Olocau): \u201cHipnosis y tabaquismo\u201d. Ponente: M\u00aa Elena Mendoza Figueroa.<\/p>\n<p>26-11-2004<br \/>\nCharla en el Centro Cultural de la Eliana: \u201cHipnosis. Mitos y realidades\u201d. Ponente: Antonio Iba\u00f1ez.<\/p>\n<p>20-12-2004<br \/>\nConferencia en el Colegio Oficial de Psic\u00f3logos de la Comunidad Valenciana (C\/ Alberique): \u201cHipnosis en el alivio del dolor y odontolog\u00eda\u201d. Ponente: John F. Chaves.<\/p>\n<p>11-05-2005<br \/>\nConferencia en la sede de la UNED en Valencia: \u201cDefiniciones y conceptos de la hipnosis\u201d. Ponente: Antonio Capafons.<\/p>\n<p>28-02-2006<br \/>\nCharla en la sede del Colegio Oficial de M\u00e9dicos de Valencia: \u201cMitos de la hipnosis\u201d. Ponente: Antonio Capafons.<\/p>\n<p>10-03-2006<br \/>\nConferencia en el Colegio Oficial de Psic\u00f3logos de la Comunidad Valenciana (C\/ Alberique): \u201cFisiolog\u00eda de la Hipnosis: Desarrollos recientes\u201d. Ponente: Juan Lamas.<\/p>\n<p>Conferencia colocada en internet (descargar).<\/p>\n<p>07-11-2006<br \/>\nCreaci\u00f3n de la p\u00e1gina web del grupo y de un foro de discusi\u00f3n para todos los miembros de la comunidad cient\u00edfica-profesional castellano parlantes sobre hipnosis cient\u00edfica y temas afines.<\/p>\n<p>01-05-2007<br \/>\nCreaci\u00f3n de un foro sobre hipnosis cl\u00ednica, en colaboraci\u00f3n con el Grup de Treball d&#8217;Hipnosi Cl\u00ednica del COP-Catalunya y con la Societat Catalana d&#8217;Hipnosi Cl\u00ednica i Psicoter\u00e0pia (que ha cedido el espacio web necesario), con acceso restringido s\u00f3lo a los integrantes de la Lista de Hipnosis, de ambos grupos y de la sociedad.<\/p>\n<p>19-08-2007<br \/>\nPreparaci\u00f3n y colocaci\u00f3n en una p\u00e1gina web de los v\u00eddeos, realizados por el Grupo para o Estudo da Hipnose Experimental e Cl\u00ednica, de las conferencias del Dr. Antonio Capafons y del Dr. Juan Lamas, en Coimbra (16-03-2007)<\/p>\n<p>20-08-2007<br \/>\nCreaci\u00f3n de un foro sobre hipnosis cl\u00ednica, en colaboraci\u00f3n con el Grup de Treball d&#8217;Hipnosi Cl\u00ednica del COP-Catalunya y con la Societat Catalana d&#8217;Hipnosi Cl\u00ednica i Psicoter\u00e0pia (que ha cedido el espacio web necesario), con acceso p\u00fablico.<\/p>\n<p>29-11-2007<br \/>\nLos d\u00edas 29 y 30 de noviembre se celebr\u00f3 el \u00abI Simposio Ib\u00e9rico de Hipnosis Experimental y Cl\u00ednica\u00bb en la ciudad de Coimbra (Portugal), organizado por los profesores: Dr. Carlos Lopes Pires (Universidad de Coimbra, Portugal) y Dr. Antonio Capafons Bonet (Universidad de Valencia, Espa\u00f1a), y los estudiantes Carlos Ferreira Peralta (Estudiante de la Universidad de Coimbra, Portugal) y Micael Agostinho (Estudiante de la Universidad de Coimbra, Portugal). Este evento fue apoyado, as\u00ed mismo, por:<\/p>\n<p>Grupo de Trabajo de Hipnosis Psicol\u00f3gica del Colegio Oficial de Psic\u00f3logos de la Comunidad Valenciana.<br \/>\nC\u00e1mara Municipal de Coimbra.<br \/>\nFCT Funda\u00e7ao para a Ciencia e a Tecnolog\u00eda.<br \/>\nReitoira da Universidade de Coimbra.<br \/>\nFacultade de Psicolog\u00eda e de Ciencias de Educa\u00e7ao. Universidade de Coimbra.<br \/>\nResearch Group of Psychological Processes Related to Suggestion, Placebo, Hypnosis and Psychopharmacs (Portugal).<br \/>\nUnidad de Investigaci\u00f3n \u00abInteracci\u00f3n Psicol\u00f3gica\u00bb de la Universitat de Val\u00e8ncia.<\/p>\n","protected":false},"excerpt":{"rendered":"<p>El libro de actas del grupo est\u00e1 certificado, por el Colegio Oficial de Psic\u00f3logos de la Comunidad Valenciana, con fecha 07-04-2000. La primera reuni\u00f3n est\u00e1 fechada el 01-06-2000 y en ella se aprueban los cargos y se debate cu\u00e1l ser\u00e1 la din\u00e1mica del Grupo de Trabajo sobre Hipnosis Psicol\u00f3gica. A partir de ese momento, las &hellip;<\/p>\n","protected":false},"author":12,"featured_media":0,"parent":0,"menu_order":11,"comment_status":"closed","ping_status":"closed","template":"","meta":{"footnotes":""},"categories":[123],"tags":[],"class_list":["post-89","page","type-page","status-publish","hentry","category-actividad"],"_links":{"self":[{"href":"https:\/\/www.grupohipnosiscopcv.es\/wordpress\/wp-json\/wp\/v2\/pages\/89","targetHints":{"allow":["GET"]}}],"collection":[{"href":"https:\/\/www.grupohipnosiscopcv.es\/wordpress\/wp-json\/wp\/v2\/pages"}],"about":[{"href":"https:\/\/www.grupohipnosiscopcv.es\/wordpress\/wp-json\/wp\/v2\/types\/page"}],"author":[{"embeddable":true,"href":"https:\/\/www.grupohipnosiscopcv.es\/wordpress\/wp-json\/wp\/v2\/users\/12"}],"replies":[{"embeddable":true,"href":"https:\/\/www.grupohipnosiscopcv.es\/wordpress\/wp-json\/wp\/v2\/comments?post=89"}],"version-history":[{"count":2,"href":"https:\/\/www.grupohipnosiscopcv.es\/wordpress\/wp-json\/wp\/v2\/pages\/89\/revisions"}],"predecessor-version":[{"id":90,"href":"https:\/\/www.grupohipnosiscopcv.es\/wordpress\/wp-json\/wp\/v2\/pages\/89\/revisions\/90"}],"wp:attachment":[{"href":"https:\/\/www.grupohipnosiscopcv.es\/wordpress\/wp-json\/wp\/v2\/media?parent=89"}],"wp:term":[{"taxonomy":"category","embeddable":true,"href":"https:\/\/www.grupohipnosiscopcv.es\/wordpress\/wp-json\/wp\/v2\/categories?post=89"},{"taxonomy":"post_tag","embeddable":true,"href":"https:\/\/www.grupohipnosiscopcv.es\/wordpress\/wp-json\/wp\/v2\/tags?post=89"}],"curies":[{"name":"wp","href":"https:\/\/api.w.org\/{rel}","templated":true}]}}