{"id":869,"date":"2010-11-14T20:44:51","date_gmt":"2010-11-14T19:44:51","guid":{"rendered":"http:\/\/www.grupohipnosiscopcv.es\/wordpress\/"},"modified":"2014-09-21T15:28:30","modified_gmt":"2014-09-21T14:28:30","slug":"consultas","status":"publish","type":"page","link":"https:\/\/www.grupohipnosiscopcv.es\/wordpress\/informacion-para-usuarios\/consultas\/","title":{"rendered":"Consultas"},"content":{"rendered":"<p><span style=\"font-family: 'trebuchet ms', Arial, Helvetica;\">En este apartado se incluir\u00e1n las preguntas que se nos hagan, por <a href=\"mailto:grupohipnosis@cop.es\">correo electr\u00f3nico<\/a>, y que el Grupo de Trabajo de Hipnosis Psicol\u00f3gica cuando responda considere interesante difundir para aclarar las dudas que puedan surgir sobre la hipnosis.<\/span><\/p>\n<p>La gesti\u00f3n de la p\u00e1gina web de consultas han sido transferidas desde 2012 a la web de AAHEA. Podr\u00e1 usted encontrarlas en<a href=\"http:\/\/www.aahea.net\/hipnosis\/consultas\/\" target=\"_blank\"> http:\/\/www.aahea.net\/hipnosis\/consultas\/<\/a><br \/>\nLas consultas, sin embargo, contin\u00faan siendo respondidas por el Grupo de Trabajo de Hipnosis Psicol\u00f3gica del COP-CV.<\/p>\n","protected":false},"excerpt":{"rendered":"<p>En este apartado se incluir\u00e1n las preguntas que se nos hagan, por correo electr\u00f3nico, y que el Grupo de Trabajo de Hipnosis Psicol\u00f3gica cuando responda considere interesante difundir para aclarar las dudas que puedan surgir sobre la hipnosis. La gesti\u00f3n de la p\u00e1gina web de consultas han sido transferidas desde 2012 a la web de &hellip;<\/p>\n","protected":false},"author":12,"featured_media":0,"parent":27,"menu_order":12,"comment_status":"closed","ping_status":"closed","template":"","meta":{"footnotes":""},"categories":[],"tags":[],"class_list":["post-869","page","type-page","status-publish","hentry"],"_links":{"self":[{"href":"https:\/\/www.grupohipnosiscopcv.es\/wordpress\/wp-json\/wp\/v2\/pages\/869","targetHints":{"allow":["GET"]}}],"collection":[{"href":"https:\/\/www.grupohipnosiscopcv.es\/wordpress\/wp-json\/wp\/v2\/pages"}],"about":[{"href":"https:\/\/www.grupohipnosiscopcv.es\/wordpress\/wp-json\/wp\/v2\/types\/page"}],"author":[{"embeddable":true,"href":"https:\/\/www.grupohipnosiscopcv.es\/wordpress\/wp-json\/wp\/v2\/users\/12"}],"replies":[{"embeddable":true,"href":"https:\/\/www.grupohipnosiscopcv.es\/wordpress\/wp-json\/wp\/v2\/comments?post=869"}],"version-history":[{"count":7,"href":"https:\/\/www.grupohipnosiscopcv.es\/wordpress\/wp-json\/wp\/v2\/pages\/869\/revisions"}],"predecessor-version":[{"id":1075,"href":"https:\/\/www.grupohipnosiscopcv.es\/wordpress\/wp-json\/wp\/v2\/pages\/869\/revisions\/1075"}],"up":[{"embeddable":true,"href":"https:\/\/www.grupohipnosiscopcv.es\/wordpress\/wp-json\/wp\/v2\/pages\/27"}],"wp:attachment":[{"href":"https:\/\/www.grupohipnosiscopcv.es\/wordpress\/wp-json\/wp\/v2\/media?parent=869"}],"wp:term":[{"taxonomy":"category","embeddable":true,"href":"https:\/\/www.grupohipnosiscopcv.es\/wordpress\/wp-json\/wp\/v2\/categories?post=869"},{"taxonomy":"post_tag","embeddable":true,"href":"https:\/\/www.grupohipnosiscopcv.es\/wordpress\/wp-json\/wp\/v2\/tags?post=869"}],"curies":[{"name":"wp","href":"https:\/\/api.w.org\/{rel}","templated":true}]}}