{"id":840,"date":"2010-11-07T17:03:56","date_gmt":"2010-11-07T16:03:56","guid":{"rendered":"http:\/\/www.grupohipnosiscopcv.es\/wordpress\/"},"modified":"2010-12-07T18:41:09","modified_gmt":"2010-12-07T17:41:09","slug":"recensiones","status":"publish","type":"page","link":"https:\/\/www.grupohipnosiscopcv.es\/wordpress\/recursos-para-profesionales\/bibliografia\/recensiones\/","title":{"rendered":"Recensiones"},"content":{"rendered":"<p>En este apartado se ir\u00e1n incluyendo enlaces a recensiones de los libros que, seg\u00fan el Grupo de  Trabajo de Hipnosis  Psicol\u00f3gica, tratan el tema de la hipnosis con seriedad y rigor cient\u00edfico. Que una  recensi\u00f3n de un libro  no est\u00e9 relacionada no implica que no trate el tema adecuadamente, puesto  que esta secci\u00f3n se va actualizando con las aportaciones de los miembros del  Grupo y de cualquier otra recensi\u00f3n  recibida por correo electr\u00f3nico, despu\u00e9s de verificar la seriedad y rigor  cient\u00edfico del libro y de la recensi\u00f3n, seg\u00fan los criterios del Grupo de Trabajo  de Hipnosis Psicol\u00f3gica.<\/p>\n<p>Si alg\u00fan profesional desea  colaborar realizando la recensi\u00f3n de alg\u00fan libro, puede enviarnos la recensi\u00f3n  por <a href=\"mailto:grupohipnosis@cop.es\">correo electr\u00f3nico<\/a>.<\/p>\n<p>Los datos de los libros pueden  consultarse en la <a href=\"http:\/\/www.mcu.es\/busquedaisbn\/cargarFiltroIsbn.do?cache=init&amp;layout=busquedaisbn&amp;language=es\"> Agencia Espa\u00f1ola del ISBN<\/a> que es la base de datos de libros editados en  Espa\u00f1a.<\/p>\n<p>[faq list recensiones]<\/p>\n","protected":false},"excerpt":{"rendered":"<p>En este apartado se ir\u00e1n incluyendo enlaces a recensiones de los libros que, seg\u00fan el Grupo de Trabajo de Hipnosis Psicol\u00f3gica, tratan el tema de la hipnosis con seriedad y rigor cient\u00edfico. Que una recensi\u00f3n de un libro no est\u00e9 relacionada no implica que no trate el tema adecuadamente, puesto que esta secci\u00f3n se va &hellip;<\/p>\n","protected":false},"author":12,"featured_media":0,"parent":136,"menu_order":7,"comment_status":"closed","ping_status":"closed","template":"","meta":{"footnotes":""},"categories":[],"tags":[],"class_list":["post-840","page","type-page","status-publish","hentry"],"_links":{"self":[{"href":"https:\/\/www.grupohipnosiscopcv.es\/wordpress\/wp-json\/wp\/v2\/pages\/840","targetHints":{"allow":["GET"]}}],"collection":[{"href":"https:\/\/www.grupohipnosiscopcv.es\/wordpress\/wp-json\/wp\/v2\/pages"}],"about":[{"href":"https:\/\/www.grupohipnosiscopcv.es\/wordpress\/wp-json\/wp\/v2\/types\/page"}],"author":[{"embeddable":true,"href":"https:\/\/www.grupohipnosiscopcv.es\/wordpress\/wp-json\/wp\/v2\/users\/12"}],"replies":[{"embeddable":true,"href":"https:\/\/www.grupohipnosiscopcv.es\/wordpress\/wp-json\/wp\/v2\/comments?post=840"}],"version-history":[{"count":3,"href":"https:\/\/www.grupohipnosiscopcv.es\/wordpress\/wp-json\/wp\/v2\/pages\/840\/revisions"}],"predecessor-version":[{"id":842,"href":"https:\/\/www.grupohipnosiscopcv.es\/wordpress\/wp-json\/wp\/v2\/pages\/840\/revisions\/842"}],"up":[{"embeddable":true,"href":"https:\/\/www.grupohipnosiscopcv.es\/wordpress\/wp-json\/wp\/v2\/pages\/136"}],"wp:attachment":[{"href":"https:\/\/www.grupohipnosiscopcv.es\/wordpress\/wp-json\/wp\/v2\/media?parent=840"}],"wp:term":[{"taxonomy":"category","embeddable":true,"href":"https:\/\/www.grupohipnosiscopcv.es\/wordpress\/wp-json\/wp\/v2\/categories?post=840"},{"taxonomy":"post_tag","embeddable":true,"href":"https:\/\/www.grupohipnosiscopcv.es\/wordpress\/wp-json\/wp\/v2\/tags?post=840"}],"curies":[{"name":"wp","href":"https:\/\/api.w.org\/{rel}","templated":true}]}}