{"id":820,"date":"2010-11-07T12:13:58","date_gmt":"2010-11-07T11:13:58","guid":{"rendered":"http:\/\/www.grupohipnosiscopcv.es\/wordpress\/"},"modified":"2012-01-26T18:45:21","modified_gmt":"2012-01-26T17:45:21","slug":"anecdotas","status":"publish","type":"page","link":"https:\/\/www.grupohipnosiscopcv.es\/wordpress\/informacion-para-usuarios\/anecdotas\/","title":{"rendered":"An\u00e9cdotas"},"content":{"rendered":"<p>En este apartado se ir\u00e1n incluyendo las an\u00e9cdotas, relacionadas con la hipnosis, que les han ocurrido tanto a los profesionales como a cualquier otra persona que desee compartirlas.<\/p>\n<p>En ocasiones, las an\u00e9cdotas sobre la hipnosis, reflejan fielmente los mitos que suelen estar implantados en la sociedad y que son aceptados como algo real. Adem\u00e1s de sonre\u00edr, leer estas an\u00e9cdotas, puede ayudar a profundizar m\u00e1s en el conocimiento de las falsas creencias que est\u00e1n tan arraigadas y que pueden llegar a hacer temer a la hipnosis y perjudicar su utilizaci\u00f3n en el \u00e1mbito de la terapia psicol\u00f3gica o en el tratamiento m\u00e9dico.<\/p>\n<p>Si le ha ocurrido alguna an\u00e9cdota, agradeceremos que nos la env\u00ede mediante un <a href=\"mailto:grupohipnosis@cop.es\">correo electr\u00f3nico<\/a>.<\/p>\n<p><strong>\u00bfD\u00f3nde est\u00e1 mi coche?<\/strong><br \/>\nUn cliente solicita que se le practique la hipnosis para hacer una regresi\u00f3n y, de ese modo, recordar d\u00f3nde hab\u00eda dejado aparcado su coche que no encontraba desde hac\u00eda varios d\u00edas.<\/p>\n<p>Comentario: Esta an\u00e9cdota est\u00e1 relacionada con el mito 6 del tr\u00edptico (\u00abEs imposible que la persona hipnotizada mienta. Lo que se recuerda bajo hipnosis siempre es verdad\u00bb), concretamente con la falsa creencia de que la hipnosis puede aumentar la memoria de sucesos pasados disociados en el inconsciente.<\/p>\n<p><strong>Mujer infiel<\/strong><br \/>\nUn cliente est\u00e1 convencido de que su mujer le es infiel y solicita que se compruebe utilizando la hipnosis para realizarle las preguntas que permitan conocer la verdad.<\/p>\n<p>Comentario: Esta an\u00e9cdota est\u00e1 relacionada con el mito 6 del tr\u00edptico (\u00abEs imposible que la persona hipnotizada mienta. Lo que se recuerda bajo hipnosis siempre es verdad\u00bb).<\/p>\n<p><strong>Resuelva mi ira en una sola sesi\u00f3n<\/strong><br \/>\nUn cliente demanda sesiones de hipnosis para resolver su problema de manejo de la ira. El cliente cree que por medio de la hipnosis podr\u00e1 recordar sus sue\u00f1os y los eventos de su pasado que \u00e9l no recuerda, pero que est\u00e1 convencido de que son el origen de sus reacciones agresivas. Tambi\u00e9n este cliente cree que su problema se resolver\u00e1 en una sola sesi\u00f3n de hipnosis.<\/p>\n<p>Comentario: Esta an\u00e9cdota se relaciona con el mito n\u00famero 6 del tr\u00edptico (\u201cEs imposible que la persona hipnotizada mienta. Lo que se recuerda bajo hipnosis siempre es verdad\u00bb). En concreto, tiene que ver con la creencia de que con la hipnosis se pueden recordar eventos olvidados de la vida de la persona que son la causa de su problema actual, o incluso sus sue\u00f1os que tambi\u00e9n contienen informaci\u00f3n sobre estos eventos.<\/p>\n<p>Tambi\u00e9n se relaciona con el mito n\u00famero 5 del tr\u00edptico (\u201cLa hipnosis es una terapia (hipnoterapia) sumamente \u00fatil, r\u00e1pida y eficaz que no exige ning\u00fan esfuerzo por parte del cliente para cambiar su comportamiento\u201d), ya que el cliente espera resolver su problema mientras est\u00e1 en hipnosis y seg\u00fan \u00e9l \u201cinconsciente\u201d y en una s\u00f3la sesi\u00f3n que no incluya ninguna otra t\u00e9cnica psicol\u00f3gica.<\/p>\n<p><strong>Cualidades mentales \u00abasombrosas\u00bb<\/strong><br \/>\nUn cliente solicita sesiones de hipnosis para \u201caumentar su inteligencia, sus capacidades mentales y su memoria\u201d, as\u00ed como para adquirir \u201ctodos aquellos rasgos de personalidad que ha observado que tienen las personas con \u00e9xito social, profesional y personal\u201d. De una forma casi m\u00e1gica, la hipnosis le tendr\u00eda que ayudar a tener cualidades mentales \u201casombrosas\u201d y fuera de lo normal que le llevar\u00edan a sobresalir del resto de las personas, as\u00ed como a manipular a otros seg\u00fan los intereses propios. Todo ello se podr\u00eda lograr en unas cuantas sesiones de hipnosis.<\/p>\n<p>Comentario: Esta an\u00e9cdota tiene que ver con el mito n\u00famero 4 del tr\u00edptico (\u201cLa hipnosis provoca reacciones inusuales, excepcionales y cuasi m\u00e1gicas en las personas\u201d); y con el mito n\u00famero 5 del tr\u00edptico (\u201cLa hipnosis es una terapia (hipnoterapia) sumamente \u00fatil, r\u00e1pida y eficaz que no exige ning\u00fan esfuerzo por parte del cliente para cambiar su comportamiento\u201d).<\/p>\n<p><strong>\u00bfMam\u00e1, me puedes hipnotizar y hacer lo que quieras conmigo?<\/strong><br \/>\nLa hija de una psic\u00f3loga, que aplica la hipnosis como t\u00e9cnica coadyuvante en algunos tratamientos, lee el libro destinado al p\u00fablico juvenil que se titula \u00abMolly Moon detiene el mundo\u00bb de Georgia Byng, cuyo argumento gira entorno a una ni\u00f1a que ha aprendido a hipnotizar y con ello puede controlar a la gente, apareciendo otro personaje malvado que tambi\u00e9n tiene el \u00abdon\u00bb de hipnotizar y que lo aprovecha para conseguir que la gente haga lo que quiere, ganando mucho dinero y pretendiendo presentarse como candidato para ser presidente del gobierno de Estados Unidos con el fin de conquistar el mundo. Al leer esta trama, se dirige a su madre con esta pregunta: \u00bfmam\u00e1, tu me puedes hipnotizar y con esto hacer lo que quieras conmigo?.<\/p>\n<p>Comentario: Esta an\u00e9cdota est\u00e1 relacionada con el mito 1 del tr\u00edptico (\u00abLa hipnosis elimina y anula el control voluntario de la persona. \u00c9sta deviene en un aut\u00f3mata en manos del hipnotizador, por lo que puede cometer actos delictivos, antisociales, inmorales o que le llevan al rid\u00edculo social\u00bb).<\/p>\n<p>Tambi\u00e9n se relaciona con la falsa creencia de que para hipnotizar se debe tener un \u00abdon especial\u00bb por lo que la hipnosis s\u00f3lo puede ser utilizada por quien tiene ese \u00abdon especial\u00bb. Es decir, explica el hipnotismo como una cualidad del individuo, no como una t\u00e9cnica estudiada y que se puede aprender.<\/p>\n","protected":false},"excerpt":{"rendered":"<p>En este apartado se ir\u00e1n incluyendo las an\u00e9cdotas, relacionadas con la hipnosis, que les han ocurrido tanto a los profesionales como a cualquier otra persona que desee compartirlas. En ocasiones, las an\u00e9cdotas sobre la hipnosis, reflejan fielmente los mitos que suelen estar implantados en la sociedad y que son aceptados como algo real. Adem\u00e1s de &hellip;<\/p>\n","protected":false},"author":12,"featured_media":0,"parent":27,"menu_order":14,"comment_status":"closed","ping_status":"closed","template":"","meta":{"footnotes":""},"categories":[],"tags":[],"class_list":["post-820","page","type-page","status-publish","hentry"],"_links":{"self":[{"href":"https:\/\/www.grupohipnosiscopcv.es\/wordpress\/wp-json\/wp\/v2\/pages\/820","targetHints":{"allow":["GET"]}}],"collection":[{"href":"https:\/\/www.grupohipnosiscopcv.es\/wordpress\/wp-json\/wp\/v2\/pages"}],"about":[{"href":"https:\/\/www.grupohipnosiscopcv.es\/wordpress\/wp-json\/wp\/v2\/types\/page"}],"author":[{"embeddable":true,"href":"https:\/\/www.grupohipnosiscopcv.es\/wordpress\/wp-json\/wp\/v2\/users\/12"}],"replies":[{"embeddable":true,"href":"https:\/\/www.grupohipnosiscopcv.es\/wordpress\/wp-json\/wp\/v2\/comments?post=820"}],"version-history":[{"count":5,"href":"https:\/\/www.grupohipnosiscopcv.es\/wordpress\/wp-json\/wp\/v2\/pages\/820\/revisions"}],"predecessor-version":[{"id":2318,"href":"https:\/\/www.grupohipnosiscopcv.es\/wordpress\/wp-json\/wp\/v2\/pages\/820\/revisions\/2318"}],"up":[{"embeddable":true,"href":"https:\/\/www.grupohipnosiscopcv.es\/wordpress\/wp-json\/wp\/v2\/pages\/27"}],"wp:attachment":[{"href":"https:\/\/www.grupohipnosiscopcv.es\/wordpress\/wp-json\/wp\/v2\/media?parent=820"}],"wp:term":[{"taxonomy":"category","embeddable":true,"href":"https:\/\/www.grupohipnosiscopcv.es\/wordpress\/wp-json\/wp\/v2\/categories?post=820"},{"taxonomy":"post_tag","embeddable":true,"href":"https:\/\/www.grupohipnosiscopcv.es\/wordpress\/wp-json\/wp\/v2\/tags?post=820"}],"curies":[{"name":"wp","href":"https:\/\/api.w.org\/{rel}","templated":true}]}}