{"id":802,"date":"2010-09-16T18:39:14","date_gmt":"2010-09-16T17:39:14","guid":{"rendered":"http:\/\/www.grupohipnosiscopcv.es\/wordpress\/"},"modified":"2012-12-09T23:47:12","modified_gmt":"2012-12-09T22:47:12","slug":"conde-arranz-carlos","status":"publish","type":"page","link":"https:\/\/www.grupohipnosiscopcv.es\/wordpress\/informacion-para-usuarios\/profesionales-cualificados\/conde-arranz-carlos\/","title":{"rendered":"Conde Arranz, Carlos"},"content":{"rendered":"<p><strong>Titulaci\u00f3n universitaria:<\/strong><\/p>\n<p>Licenciada en Psicolog\u00eda<\/p>\n<p><strong>Colegiado:<\/strong><\/p>\n<p>M-15.456<\/p>\n<p><strong>Titulaci\u00f3n o estudios de hipnosis:<\/strong><\/p>\n<p>Experto en Hipnosis Cl\u00ednica por la SOCIEDAD ESPA\u00d1OLA DE MEDICINA PSICOSOM\u00c1TICA Y PSICOLOG\u00cdA M\u00c9DICA.<\/p>\n<p><strong>Temas que trata:<\/strong><\/p>\n<p>Ansiedad, fobias, etc.<\/p>\n<p><strong>Datos de contacto:<\/strong><\/p>\n<p>TLF.: 677625443<\/p>\n<p>cconde@correo.cop.es;<\/p>\n<p>Guadalajara, Espa\u00f1a<\/p>\n<p><strong>Otros datos:<\/strong><\/p>\n<p>Especialista en Hipnosis (SEMPSM); Experto en Psicodiagn\u00f3stico (SEMPSM); Master en Psicolog\u00eda Cl\u00ednica<\/p>\n","protected":false},"excerpt":{"rendered":"<p>Titulaci\u00f3n universitaria: Licenciada en Psicolog\u00eda Colegiado: M-15.456 Titulaci\u00f3n o estudios de hipnosis: Experto en Hipnosis Cl\u00ednica por la SOCIEDAD ESPA\u00d1OLA DE MEDICINA PSICOSOM\u00c1TICA Y PSICOLOG\u00cdA M\u00c9DICA. Temas que trata: Ansiedad, fobias, etc. Datos de contacto: TLF.: 677625443 cconde@correo.cop.es; Guadalajara, Espa\u00f1a Otros datos: Especialista en Hipnosis (SEMPSM); Experto en Psicodiagn\u00f3stico (SEMPSM); Master en Psicolog\u00eda Cl\u00ednica<\/p>\n","protected":false},"author":12,"featured_media":0,"parent":38,"menu_order":63,"comment_status":"closed","ping_status":"closed","template":"","meta":{"footnotes":""},"categories":[],"tags":[],"class_list":["post-802","page","type-page","status-publish","hentry"],"_links":{"self":[{"href":"https:\/\/www.grupohipnosiscopcv.es\/wordpress\/wp-json\/wp\/v2\/pages\/802","targetHints":{"allow":["GET"]}}],"collection":[{"href":"https:\/\/www.grupohipnosiscopcv.es\/wordpress\/wp-json\/wp\/v2\/pages"}],"about":[{"href":"https:\/\/www.grupohipnosiscopcv.es\/wordpress\/wp-json\/wp\/v2\/types\/page"}],"author":[{"embeddable":true,"href":"https:\/\/www.grupohipnosiscopcv.es\/wordpress\/wp-json\/wp\/v2\/users\/12"}],"replies":[{"embeddable":true,"href":"https:\/\/www.grupohipnosiscopcv.es\/wordpress\/wp-json\/wp\/v2\/comments?post=802"}],"version-history":[{"count":5,"href":"https:\/\/www.grupohipnosiscopcv.es\/wordpress\/wp-json\/wp\/v2\/pages\/802\/revisions"}],"predecessor-version":[{"id":2030,"href":"https:\/\/www.grupohipnosiscopcv.es\/wordpress\/wp-json\/wp\/v2\/pages\/802\/revisions\/2030"}],"up":[{"embeddable":true,"href":"https:\/\/www.grupohipnosiscopcv.es\/wordpress\/wp-json\/wp\/v2\/pages\/38"}],"wp:attachment":[{"href":"https:\/\/www.grupohipnosiscopcv.es\/wordpress\/wp-json\/wp\/v2\/media?parent=802"}],"wp:term":[{"taxonomy":"category","embeddable":true,"href":"https:\/\/www.grupohipnosiscopcv.es\/wordpress\/wp-json\/wp\/v2\/categories?post=802"},{"taxonomy":"post_tag","embeddable":true,"href":"https:\/\/www.grupohipnosiscopcv.es\/wordpress\/wp-json\/wp\/v2\/tags?post=802"}],"curies":[{"name":"wp","href":"https:\/\/api.w.org\/{rel}","templated":true}]}}