{"id":798,"date":"2010-09-16T17:39:42","date_gmt":"2010-09-16T16:39:42","guid":{"rendered":"http:\/\/www.grupohipnosiscopcv.es\/wordpress\/"},"modified":"2014-09-04T23:40:57","modified_gmt":"2014-09-04T22:40:57","slug":"alvarino-caballer-sara","status":"publish","type":"page","link":"https:\/\/www.grupohipnosiscopcv.es\/wordpress\/informacion-para-usuarios\/profesionales-cualificados\/alvarino-caballer-sara\/","title":{"rendered":"Alvari\u00f1o Caballer, Sara"},"content":{"rendered":"<p><strong>Titulaci\u00f3n universitaria:<\/strong><\/p>\n<p>Licenciada en Psicolog\u00eda (UNED)<\/p>\n<p><strong>Colegiado:<\/strong><\/p>\n<p>G-3814 Colexio Oficial de Psicolox\u00eda de Galicia.<\/p>\n<p><strong>Titulaci\u00f3n o estudios de hipnosis:<\/strong><\/p>\n<p>Especialista Universitario en Hipnosis Cl\u00ednica (UNED).<\/p>\n<p><strong>Temas que trata:<\/strong><\/p>\n<p>Trastornos de Ansiedad, estr\u00e9s, dolor cr\u00f3nico, depresi\u00f3n. Terapia cognitivo-conductual.<\/p>\n<p><strong>Datos de contacto:<\/strong><\/p>\n<p>Terapsis<\/p>\n<p>Ronda de Outeiro 253-B,5\u00baA<\/p>\n<p>15010 La Coru\u00f1a<\/p>\n<p>Tfno: 981 912 871<\/p>\n<p>E-mail:\u00a0info@terapsis.es<\/p>\n<p><strong>Otros datos:<\/strong><\/p>\n<p>www.terapsis.es<\/p>\n","protected":false},"excerpt":{"rendered":"<p>Titulaci\u00f3n universitaria: Licenciada en Psicolog\u00eda (UNED) Colegiado: G-3814 Colexio Oficial de Psicolox\u00eda de Galicia. Titulaci\u00f3n o estudios de hipnosis: Especialista Universitario en Hipnosis Cl\u00ednica (UNED). Temas que trata: Trastornos de Ansiedad, estr\u00e9s, dolor cr\u00f3nico, depresi\u00f3n. Terapia cognitivo-conductual. Datos de contacto: Terapsis Ronda de Outeiro 253-B,5\u00baA 15010 La Coru\u00f1a Tfno: 981 912 871 E-mail:\u00a0info@terapsis.es Otros datos: &hellip;<\/p>\n","protected":false},"author":12,"featured_media":0,"parent":38,"menu_order":46,"comment_status":"closed","ping_status":"closed","template":"","meta":{"footnotes":""},"categories":[],"tags":[],"class_list":["post-798","page","type-page","status-publish","hentry"],"_links":{"self":[{"href":"https:\/\/www.grupohipnosiscopcv.es\/wordpress\/wp-json\/wp\/v2\/pages\/798","targetHints":{"allow":["GET"]}}],"collection":[{"href":"https:\/\/www.grupohipnosiscopcv.es\/wordpress\/wp-json\/wp\/v2\/pages"}],"about":[{"href":"https:\/\/www.grupohipnosiscopcv.es\/wordpress\/wp-json\/wp\/v2\/types\/page"}],"author":[{"embeddable":true,"href":"https:\/\/www.grupohipnosiscopcv.es\/wordpress\/wp-json\/wp\/v2\/users\/12"}],"replies":[{"embeddable":true,"href":"https:\/\/www.grupohipnosiscopcv.es\/wordpress\/wp-json\/wp\/v2\/comments?post=798"}],"version-history":[{"count":7,"href":"https:\/\/www.grupohipnosiscopcv.es\/wordpress\/wp-json\/wp\/v2\/pages\/798\/revisions"}],"predecessor-version":[{"id":2185,"href":"https:\/\/www.grupohipnosiscopcv.es\/wordpress\/wp-json\/wp\/v2\/pages\/798\/revisions\/2185"}],"up":[{"embeddable":true,"href":"https:\/\/www.grupohipnosiscopcv.es\/wordpress\/wp-json\/wp\/v2\/pages\/38"}],"wp:attachment":[{"href":"https:\/\/www.grupohipnosiscopcv.es\/wordpress\/wp-json\/wp\/v2\/media?parent=798"}],"wp:term":[{"taxonomy":"category","embeddable":true,"href":"https:\/\/www.grupohipnosiscopcv.es\/wordpress\/wp-json\/wp\/v2\/categories?post=798"},{"taxonomy":"post_tag","embeddable":true,"href":"https:\/\/www.grupohipnosiscopcv.es\/wordpress\/wp-json\/wp\/v2\/tags?post=798"}],"curies":[{"name":"wp","href":"https:\/\/api.w.org\/{rel}","templated":true}]}}