{"id":793,"date":"2010-09-14T19:58:25","date_gmt":"2010-09-14T18:58:25","guid":{"rendered":"http:\/\/www.grupohipnosiscopcv.es\/wordpress\/"},"modified":"2013-08-20T23:02:02","modified_gmt":"2013-08-20T22:02:02","slug":"delgado-eparquio","status":"publish","type":"page","link":"https:\/\/www.grupohipnosiscopcv.es\/wordpress\/informacion-para-usuarios\/profesionales-cualificados\/delgado-eparquio\/","title":{"rendered":"Delgado, Eparquio"},"content":{"rendered":"<div>\n<p>Titulaci\u00f3n universitaria:<\/p>\n<p>Licenciado en Psicolog\u00eda<\/p>\n<p>Master Universitario en Psicolog\u00eda Cl\u00ednica y de la Salud (Universidad de La Laguna)<\/p>\n<p>Colegiado:<\/p>\n<p>T &#8211; 1521 Colegio Oficial de Psic\u00f3logos de Tenerife<\/p>\n<p>Titulaci\u00f3n o estudios de hipnosis:<\/p>\n<p>Especialista Universitario en Hipnosis Cl\u00ednica (UNED)<\/p>\n<p>Temas que trata:<\/p>\n<p>Ansiedad, ataques de p\u00e1nico, fobias, obsesiones, depresi\u00f3n, adicciones, trastornos del sue\u00f1o, trastornos de la alimentaci\u00f3n, problemas sexuales, experiencias traum\u00e1ticas, duelo psicol\u00f3gico, dolor cr\u00f3nico, problemas de conducta infantil, miedos y fobias infantiles, problemas de relaci\u00f3n en la familia, problemas de pareja.<\/p>\n<p>Datos de contacto:<\/p>\n<p>Centro Psicol\u00f3gico RAYUELA<\/p>\n<p>Avda. Emilio Luque Moreno, 13, 6 La Orotava (Santa Cruz de Tenerife)<\/p>\n<p>Tfno: 922.32.43.77<\/p>\n<p>Email:\u00a0<a href=\"mailto:centrorayuela@gmail.com\" target=\"_blank\">centrorayuela@gmail.com<\/a><\/p>\n<p>Otros datos:<\/p>\n<p>Web:\u00a0<a href=\"http:\/\/www.centrorayuela.com\/\" target=\"_blank\">www.centrorayuela.com<\/a><\/p>\n<\/div>\n","protected":false},"excerpt":{"rendered":"<p>Titulaci\u00f3n universitaria: Licenciado en Psicolog\u00eda Master Universitario en Psicolog\u00eda Cl\u00ednica y de la Salud (Universidad de La Laguna) Colegiado: T &#8211; 1521 Colegio Oficial de Psic\u00f3logos de Tenerife Titulaci\u00f3n o estudios de hipnosis: Especialista Universitario en Hipnosis Cl\u00ednica (UNED) Temas que trata: Ansiedad, ataques de p\u00e1nico, fobias, obsesiones, depresi\u00f3n, adicciones, trastornos del sue\u00f1o, trastornos de &hellip;<\/p>\n","protected":false},"author":12,"featured_media":0,"parent":38,"menu_order":66,"comment_status":"closed","ping_status":"closed","template":"","meta":{"footnotes":""},"categories":[],"tags":[],"class_list":["post-793","page","type-page","status-publish","hentry"],"_links":{"self":[{"href":"https:\/\/www.grupohipnosiscopcv.es\/wordpress\/wp-json\/wp\/v2\/pages\/793","targetHints":{"allow":["GET"]}}],"collection":[{"href":"https:\/\/www.grupohipnosiscopcv.es\/wordpress\/wp-json\/wp\/v2\/pages"}],"about":[{"href":"https:\/\/www.grupohipnosiscopcv.es\/wordpress\/wp-json\/wp\/v2\/types\/page"}],"author":[{"embeddable":true,"href":"https:\/\/www.grupohipnosiscopcv.es\/wordpress\/wp-json\/wp\/v2\/users\/12"}],"replies":[{"embeddable":true,"href":"https:\/\/www.grupohipnosiscopcv.es\/wordpress\/wp-json\/wp\/v2\/comments?post=793"}],"version-history":[{"count":5,"href":"https:\/\/www.grupohipnosiscopcv.es\/wordpress\/wp-json\/wp\/v2\/pages\/793\/revisions"}],"predecessor-version":[{"id":2032,"href":"https:\/\/www.grupohipnosiscopcv.es\/wordpress\/wp-json\/wp\/v2\/pages\/793\/revisions\/2032"}],"up":[{"embeddable":true,"href":"https:\/\/www.grupohipnosiscopcv.es\/wordpress\/wp-json\/wp\/v2\/pages\/38"}],"wp:attachment":[{"href":"https:\/\/www.grupohipnosiscopcv.es\/wordpress\/wp-json\/wp\/v2\/media?parent=793"}],"wp:term":[{"taxonomy":"category","embeddable":true,"href":"https:\/\/www.grupohipnosiscopcv.es\/wordpress\/wp-json\/wp\/v2\/categories?post=793"},{"taxonomy":"post_tag","embeddable":true,"href":"https:\/\/www.grupohipnosiscopcv.es\/wordpress\/wp-json\/wp\/v2\/tags?post=793"}],"curies":[{"name":"wp","href":"https:\/\/api.w.org\/{rel}","templated":true}]}}