{"id":737,"date":"2010-06-09T18:55:42","date_gmt":"2010-06-09T17:55:42","guid":{"rendered":"http:\/\/www.grupohipnosiscopcv.es\/wordpress\/?page_id=737"},"modified":"2012-04-07T07:36:37","modified_gmt":"2012-04-07T06:36:37","slug":"este-gato-no-es-un-hipnotizador-o-como-buscar-un-hipnotizador-cualificado","status":"publish","type":"page","link":"https:\/\/www.grupohipnosiscopcv.es\/wordpress\/informacion-para-usuarios\/profesionales-no-cualificados\/el-doctor-zoe\/este-gato-no-es-un-hipnotizador-o-como-buscar-un-hipnotizador-cualificado\/","title":{"rendered":"Este gato no es un Hipnotizador  O  C\u00f3mo buscar un hipnotizador cualificado"},"content":{"rendered":"<p>Steve K. D. Eichel, Ph.D., ABPP<\/p>\n<p>Copyright HypnosisNetwork.com \u00a9 2005<\/p>\n<p>(Originalmente publicado en\u00a0<a href=\"http:\/\/www.hypnosisnetwork.com\/library\/cat_hypnosis.php\">http:\/\/www.hypnosisnetwork.com\/library\/cat_hypnosis.php<\/a>)<\/p>\n<p><em> (Traducido\u00a0 al castellano con autorizaci\u00f3n del autor,\u00a0 por M\u00aa Elena Mendoza Figueroa y revisado por el Grupo de Hipnosis Psicol\u00f3gica del Colegio de Psic\u00f3logos de la Comunidad Valenciana; \u00a9 de la traducci\u00f3n (2007))<\/em><\/p>\n<p><em> <\/em><\/p>\n<p>Felix, Fritz, Garfield y Morris.\u00a0A esta lista de gatos conocidos puedo a\u00f1adir al m\u00edo, Dra. Zoe D. Katze, Ph.D., C.Ht., DAPA. Aunque su \u00e9xito en Google de 205 visitas (4\/5\/05) palidece en comparaci\u00f3n con el de Garfield (m\u00e1s de 735.000), es, sin embargo, mayor que el de muchos psic\u00f3logos aut\u00e9nticos, incluido yo mismo.<\/p>\n<p><strong>\u00bf\u00a1Un gato con licenciatura y certificaciones!? \u00bfC\u00f3mo puede ser?<\/strong><\/p>\n<p>En el a\u00f1o 2002 como experimento solicit\u00e9 y obtuve diversos certificados en nombre de Zoe. Para obtener su certificado de hipnoterapeuta expedido por la National Guild of Hypnotists (NGH), la International Medical &amp; Dentistry Hypnotherapy Association (IMDHA) y la American Board of Hypnotherapy (ABH), s\u00f3lo tuve que llenar las solicitudes en Internet (con informaci\u00f3n inventada) y pagar la tasa de solicitud. Dado que en el pasado fui asesor de esta asociaci\u00f3n, me fue posible obtener, adem\u00e1s, la certificaci\u00f3n del consejo (Diplomate) para mi felina con la American Psychotherapy Association. Para leer mi art\u00edculo que detalla la falaz acreditaci\u00f3n de la Dra. Zoe D. Katze, siga este enlace:\u00bbhttp:\/\/www.dreichel.com\/dr_zoe.htm\u00bb (<em>Nota de la traductora: para leer la traducci\u00f3n al castellano de ese art\u00edculo pulse\u00a0<a href=\"http:\/\/www.grupohipnosiscopcv.es\/wordpress\/informacion-para-usuarios\/profesionales-no-cualificados\/el-doctor-zoe\/acreditacion-puede-no-ser-el-maullido-del-gato\/\">aqu\u00ed<\/a><\/em>)<\/p>\n<p>Originalmente, s\u00f3lo publiqu\u00e9 mi art\u00edculo en mi propio sitio web, as\u00ed como en la p\u00e1gina web que administro de la Greater Philadelphia Society of Clinical Hypnosis. Pero un a\u00f1o m\u00e1s tarde la historia de Zoe fue descubierta por un escritor de la revista de Internet de la American Bar Association, y despu\u00e9s de eso, el fraude del minino ha sido ampliamente difundido,\u00a0y ha generado distintas reacciones.<\/p>\n<p>La historia de Zoe ha sido aprovechada por un gran n\u00famero de fuentes de Internet, incluidos los sitios pertenecientes al ganador del \u201cGenius Award\u201d de la Fundaci\u00f3n MacArthur, James Randi, al psic\u00f3logo especializado en auto-estima Nathaniel Brandon y al consultor y experto en falsas certificaciones del \u00abDipscam\u00bb FBI, John Bear. Las lecciones aportadas por mi \u00abProyecto de Acreditaci\u00f3n del Gato\u201d se han incorporado en diversas clases de la licenciatura de psicolog\u00eda, en un programa de psicolog\u00eda forense, y por lo menos en la p\u00e1gina web de formaci\u00f3n para la obtenci\u00f3n de la licencia de un estado. Sin embargo, mi favorita sigue siendo la maravillosa s\u00e1tira publicada por 110 Factor, alegando que la acreditaci\u00f3n de Zoe es parte de un gran complot de los gatos s\u00faper inteligentes para dominar el mundo y establecer un Nuevo Orden Gatuno.<\/p>\n<p>Sin embargo, no todas las reacciones han sido positivas. El IMDHA escribi\u00f3 una carta a mi empresa de tarjetas de cr\u00e9dito en la que, curiosamente (ya que son los destinatarios de mi dinero), intentaron acusarme de un uso fraudulento \u00a1de mi propia tarjeta de cr\u00e9dito! La carta me fue reenviada con una nota incr\u00e9dula indicando que el \u00fanico que podr\u00eda hacer esa denuncia era, por supuesto, yo (El IMDHA no tuvo ning\u00fan reparo en quedarse mi dinero, as\u00ed como tampoco esto import\u00f3 a ninguna de las otras asociaciones).\u00a0\u2026\u2026\u2026.<\/p>\n<p>La National Guild of Hypnotists escribi\u00f3 una editorial mordaz sobre m\u00ed. Tambi\u00e9n fui el tema del blog de un hipn\u00f3logo lego en el que un conocido miembro de la NGH se refer\u00eda reiteradamente a m\u00ed como, \u201cel deshonesto, tergiversador, mentiroso llamado Steve K. D. Eichel\u201d, entre otros ep\u00edtetos. Fue necesaria la amenaza de una denuncia por difamaci\u00f3n para acabar con esa diatriba.<\/p>\n<p>A diferencia de la Medicina y el Derecho, que est\u00e1n estrictamente controlados por las leyes estatales y federales, la salud mental y la hipnosis est\u00e1n, en gran parte, no reguladas (las razones para ello son demasiado complejas para desarrollarlas en este art\u00edculo, pero se tratan en el art\u00edculo I al que se hizo referencia anteriormente). Lo que esto significa para los consumidores es que, cuando encuentren a un m\u00e9dico o a un abogado en Internet o en las p\u00e1ginas amarillas, pueden estar razonablemente seguros de que el profesional ha obtenido una licenciatura de forma leg\u00edtima (M.D. o J.D.), y tiene la licencia para ejercer en ese estado. Esto tambi\u00e9n significa que, si algo sale mal, los consumidores conocen las posibles v\u00edas de reclamaci\u00f3n.<\/p>\n<p>No es este el caso en la salud mental o en la hipnosis. A menos que el profesional tenga la licencia para ejercer en el estado, no hay garant\u00eda de que su hipnotizador o \u00abterapeuta\u00bb tenga educaci\u00f3n o formaci\u00f3n alguna. En los casos m\u00e1s extremos, al parecer, ni siquiera tienen la garant\u00eda de que su \u00abprofesional\u00bb sea un ser humano.<\/p>\n<p>De la misma manera que cualquier persona puede ser \u00abordenada\u00bb como ministro en ciertas \u00abreligiones\u00bb simplemente rellenando un formulario de solicitud en Internet, y pagando una tasa, es absurdo lo f\u00e1cil que es conseguir credenciales de tener formaci\u00f3n en hipnosis y en psicoterapia. Hasta el d\u00eda de hoy, la NGH y la ABH siguen aceptando solicitudes de certificaci\u00f3n mediante Internet; hasta donde s\u00e9, el \u00fanico requisito \u201cnuevo\u201d de la NGH desde el esc\u00e1ndalo de Zoe es pedir una fotocopia del carnet de conducir con foto. Este requisito es eficaz para evitar que los gatos consigan su certificado de miembros, pero, \u00bfqu\u00e9 impedir\u00e1 a la hija de su vecino, de 18 a\u00f1os de edad, convertirse en una \u201chipnoterapeuta certificada\u201d si ella quiere (y no le importa falsear su identidad profesional)?<\/p>\n<p>Por lo que puedo decir, la American Psychotherapy Association a\u00fan no solicita mucho m\u00e1s que un formulario con una auto-valoraci\u00f3n (y 350 d\u00f3lares) para convertirse en un \u00abBoard Certified Diplomate\u00bb en psicoterapia, aunque el Dr. Block ha declarado p\u00fablicamente que en la APsyA se trabajar\u00e1 para impedir que cualquier otra inscripci\u00f3n no humana se \u201cfiltre debido a que el proceso no es del todo estricto\u201d.<\/p>\n<p>Las licencias, las certificaciones y los t\u00edtulos de licenciatura no garantizan que un hipnotizador\/terapeuta sea competente, pero son un buen comienzo. El que un profesional est\u00e9 debidamente acreditado, al menos significa que es, hasta cierto punto, responsable de sus actos. Estos son algunos consejos para los consumidores prudentes:<\/p>\n<p><strong>1.<\/strong> <strong>Un graduate degree (m\u00e1ster) no es un graduate degree (grado acad\u00e9mico).<\/strong> Los t\u00edtulos acad\u00e9micos, incluidos los doctorados, se pueden comprar en las universidades \u00abacreditadas\u00bb de Internet. Estas universidades est\u00e1n dentro del t\u00edtulo gen\u00e9rico de \u00abf\u00e1bricas de diplomas o de t\u00edtulos\u00bb. La mayor\u00eda de la gente asume err\u00f3neamente que cuando una universidad dice que est\u00e1 \u00abacreditada\u00bb, significa que est\u00e1 acreditada por un organismo reconocido por el Department of Education (DOE)\u00a0<em>(Nota de la traductora: en Espa\u00f1a ser\u00eda el Ministerio de Educaci\u00f3n y Ciencia &#8211; MEC)<\/em>. Esto no es necesariamente as\u00ed; algunos de los t\u00edtulos m\u00e1s indignantes son \u00abacreditados\u00bb por las mismas organizaciones que los crearon, y de las que ellos son los \u00fanicos \u00abmiembros acreditados\u201d. Otras organizaciones se han unido con instituciones afines para formar sus propias agencias de \u201cacreditaci\u00f3n independientes\u201d. Muchas de ellas existen s\u00f3lo como n\u00fameros de apartados de correos, o como un archivo en una oficina.<\/p>\n<p>Las instituciones afiliadas a las organizaciones religiosas son otro asunto aparte. En los EE.UU., las escuelas que est\u00e1n afiliadas a las iglesias est\u00e1n, o pueden optar por estar, exentas de muchas regulaciones gubernamentales. Algunas de estas escuelas son bastante buenas, y se les ha denegado la acreditaci\u00f3n por el Departamento de Educaci\u00f3n (Department of Education, DOE, en los EE.UU.) simplemente por motivos religiosos. Otras, sin embargo, se han formado con el fin de conceder a su clero el ubicuo t\u00edtulo de \u00abDoctor en Divinidad\u00bb u otros doctorados bajo la creencia de que el que tenga el t\u00edtulo ganar\u00e1 respeto (una buena fuente de informaci\u00f3n sobre educaci\u00f3n post-secundaria falsa vs. leg\u00edtima, puede encontrarse en la magn\u00edfica p\u00e1gina web de John Bear &#8211;\u00a0<a href=\"http:\/\/www.degree.net\/\">http:\/\/www.degree.net\/<\/a>. Tambi\u00e9n vale la pena leer el art\u00edculo del Dr. Bear sobre f\u00e1bricas de diplomas, ubicado en\u00a0<a href=\"http:\/\/www.degree.net\/html\/diploma_mills.html\">http:\/\/www.degree.net\/html\/diploma_mills.html<\/a>). En la hipnosis y en la psicoterapia, que son en gran medida no regladas, hay una variedad de f\u00e1bricas de diplomas semi-leg\u00edtimas e ileg\u00edtimas que ofrecen el doctorado de counseling, psicoterapia e hipnoterapia. Un t\u00edtulo relativamente nuevo, ha sido el de \u201cDoctor en Hipnoterapia Cl\u00ednica\u201d (\u00abDoctor of Clinical Hypnotherapy\u201d degree, DCH). Por lo que s\u00e9, nadie ha investigado a fondo la legitimidad de este t\u00edtulo, si bien ninguna de las instituciones que lo acreditan parece estar plenamente acreditada por organismos reconocidos por el DOE.<\/p>\n<p>Si Ud. no est\u00e1 seguro acerca de la legitimidad de la universidad que le concedi\u00f3 el t\u00edtulo a su potencial terapeuta, vea si est\u00e1 en la lista de la p\u00e1gina web del Departamento de Educaci\u00f3n Post-Secundaria:\u00a0<a href=\"http:\/\/ope.ed.gov\/accreditation\/\">http:\/\/http:\/\/ope.ed.gov\/accreditation\/<\/a> (<em>Nota de la traductora: para ver informaci\u00f3n sobre este tema en castellano pulse\u00a0<a href=\"http:\/\/www.iesalc.unesco.org.ve\/pruebaobservatorio\/boletin75\/Gao%202.pdf\">aqu\u00ed<\/a><\/em>)<\/p>\n<p><strong>2.<\/strong> <strong>Los principios b\u00e1sicos de la hipnosis no son dif\u00edciles de aprender.<\/strong> Cuando estaba en la universidad, aprend\u00ed por m\u00ed mismo los principios b\u00e1sicos de la hipnosis de un libro que compr\u00e9 en una librer\u00eda de libros usados. Muchas asociaciones de legos de la hipnosis prometen dar certificados a quienes han realizado un curso de fin de semana. Hace unos 10 a\u00f1os escrib\u00ed un art\u00edculo en el que ped\u00eda la concesi\u00f3n de licencias y la regulaci\u00f3n de los hipn\u00f3logos legos (v\u00e9ase\u00a0<a href=\"http:\/\/APMHA.com\/page9.htm\">http:\/\/APMHA.com\/page9.htm<\/a>). Bajo la supervisi\u00f3n de un profesional sanitario con licencia para la pr\u00e1ctica, veo pocas razones para creer que los para-profesionales de la hipnosis (i.e., hipn\u00f3logos legos) no deber\u00edan poder realizar intervenciones b\u00e1sicas de hipnosis.\u00a0Sin embargo, es ir demasiado lejos el creer que una certificaci\u00f3n de hipnosis conseguida en un curso de\u00a0 un fin de semana es formaci\u00f3n suficiente para que una persona con el bachillerato trate a personas con fobias, ansiedad, depresi\u00f3n o trastornos de h\u00e1bitos (por ejemplo, las adicciones). La hipnosis cl\u00ednica es una t\u00e9cnica fundamentada en pr\u00e1cticas m\u00e9dicas y psicol\u00f3gicas aceptadas, que incluye la capacidad de evaluar y diagnosticar problemas psicol\u00f3gicos. Las organizaciones de hipnosis de legos como la National Guild of Hypnotists certifican a una amplia gama de miembros, algunos de los cuales son profesionales de la salud con licencia para la pr\u00e1ctica y muchos de los cuales no lo son. He revisado la descripci\u00f3n de muchos programas de formaci\u00f3n de la NGH y un gran porcentaje de estos incluye formaci\u00f3n cl\u00ednica. Por lo que s\u00e9, estos programas est\u00e1n abiertos tanto a los cl\u00ednicos cualificados como a las personas no cualificadas o \u00ablegos\u00bb. No parece que se intente limitar la formaci\u00f3n cl\u00ednica a los cl\u00ednicos adecuadamente titulados.<\/p>\n<p>Y, por supuesto, la NGH y otras asociaciones de hipn\u00f3logos legos concedieron certificados y t\u00edtulos a mi gata, lo cual no deja en muy buen lugar a sus procesos de selecci\u00f3n.<\/p>\n<p><strong>3. El tener licencias para la pr\u00e1ctica y t\u00edtulos de licenciado leg\u00edtimos no puede garantizar la competencia del profesional, pero es un buen comienzo.<\/strong> Por otra parte, ir a un profesional autorizado por lo menos le garantiza cierto grado responsabilidad. Si un psic\u00f3logo o un consejero profesional con licencia se comporta inadecuadamente, o lleva una pr\u00e1ctica cuestionable, hay consejos estatales de licencias de pr\u00e1ctica y asociaciones profesionales nacionales que supervisan a estos profesionales, a los que un cliente puede presentar una queja. Todos los psic\u00f3logos con licencia de pr\u00e1ctica est\u00e1n obligados a tener seguros de mala praxis. Sin embargo, esto no es as\u00ed para los\u00a0 hipn\u00f3logos legos. He proporcionado asesoramiento psicol\u00f3gico forense en varios pleitos que involucraban a hipn\u00f3logos legos, y el fondo de la cuesti\u00f3n es que, si un hipn\u00f3logo lego presenta una mala praxis, el cliente puede no tener ning\u00fan recurso legal, ni manera de corregir la situaci\u00f3n o, de ser necesario, de que el terapeuta sea expulsado de la profesi\u00f3n.<\/p>\n<p><strong>4.<\/strong> <strong>\u00bfD\u00f3nde puedo encontrar a un profesional cualificado formado en hipnosis cl\u00ednica?<\/strong> Adem\u00e1s de la palabra y referencias de otros profesionales de confianza (siempre un buen lugar para comenzar), se puede consultar los directorios de miembros de la American Society of Clinical Hypnosis (<a href=\"http:\/\/www.asch.net\/\">http:\/\/www.asch.net\/<\/a>), de la Society of Clinical and Experimental Hypnosis (<a href=\"http:\/\/www.sceh.us\/\">http:\/\/www.sceh.us\/<\/a>) y de la American Psychotherapy &amp; Medical Hypnosis Association (<a href=\"http:\/\/APMHA.com\/\">http:\/\/APMHA.com\/<\/a>) (<em>Nota de la traductora: puede encontrar una relaci\u00f3n de profesionales cualificados en:\u00a0<a href=\"http:\/\/www.grupohipnosiscopcv.es\/wordpress\/informacion-para-usuarios\/profesionales-cualificados\/\">http:\/\/www.grupohipnosiscopcv.es\/wordpress\/informacion-para-usuarios\/profesionales-cualificados\/<\/a><\/em>). Los tres exigen la licencia para la pr\u00e1ctica profesional sanitaria para autorizar la inscripci\u00f3n; adem\u00e1s la ASCH y la APMHA certifican a los miembros que han completado un curso de formaci\u00f3n prescrito. Zoe, mi gata, no hubiera conseguido ser miembro de estas organizaciones. Asimismo, hay unos cuantos sitios web orientados a la hipnosis (incluido \u00e9ste [<em>Nota de la traductora: el autor se refiere a su p\u00e1gina web aunque esto tambi\u00e9n ocurre en esta p\u00e1gina web, del Grupo de Trabajo de Hipnosis Psicol\u00f3gica, que est\u00e1 usted leyendo<\/em>]), que s\u00f3lo recomiendan a los profesionales cualificados.<\/p>\n<p>A veces me preguntan acerca de las cintas y CDs de hipnosis \u00bfFuncionan? \u00bfCu\u00e1les son los mejores? No cabe duda de que las personas pueden ser hipnotizadas por medio de cintas; a fin de proporcionar una inducci\u00f3n estandarizada, se han utilizado cintas de audio durante a\u00f1os en los estudios universitarios de los fen\u00f3menos hipn\u00f3ticos.\u00a0Sin embargo, la investigaci\u00f3n sobre la eficacia de las cintas y CDs es escasa. Para ciertos objetivos (como el insomnio) con personas motivadas, las grabaciones de hipnosis pueden ser tan eficaces, o casi tanto como la hipnosis \u00aben directo\u00bb; para otros problemas, la hipnosis en vivo ha demostrado ser consistentemente m\u00e1s efectiva. Un estudio indic\u00f3 que las personas que escuchan cintas de hipnosis tienden a sobreestimar los efectos beneficiosos de esas cintas. Es decir, creen que les ayudaron m\u00e1s de lo que realmente lo hicieron. Curiosamente, diversos estudios indican que el uso m\u00e1s eficaz de las sugestiones hipn\u00f3ticas grabadas en cintas es cuando se usan junto con la hipnosis en vivo. La combinaci\u00f3n de la hipnosis en directo y su grabaci\u00f3n produjo significativamente m\u00e1s el efecto deseado que cualquiera de las dos solas.<\/p>\n<p>Tambi\u00e9n hay que considerar que existe el potencial de lo que yo llamar\u00eda efectos \u00abno deseados\u00bb o incluso nocivos de las grabaciones de hipnosis. Los estudios han demostrado que las sugestiones hipn\u00f3ticas grabadas que apoyan las creencias \u201cinusuales\u201d o controvertidas sobre la hipnosis, tales como la regresi\u00f3n a vidas pasadas, pueden alterar significativamente el sistema de creencias de la persona.<\/p>\n<p>En general, mi recomendaci\u00f3n acerca de las cintas y CDs de hipnosis es utilizarlos con cautela. Pueden ser muy \u00fatiles cuando se adquieren y se usan con\u00a0 planificaci\u00f3n y con un examen cuidadoso. Son a\u00fan m\u00e1s eficaces cuando se utilizan en combinaci\u00f3n con la hipnoterapia en vivo. Creo que las siguientes directrices aumentar\u00e1n la probabilidad de adquirir una cinta o un CD de hipnosis seguro y efectivo:<\/p>\n<p><strong>1. Busque la etiqueta de la asociaci\u00f3n que la avala.<\/strong> As\u00ed como he sugerido al buscar un hipnoterapeuta cl\u00ednico \u00aben vivo\u00bb, sus probabilidades de adquirir una cinta o un CD de hipnosis seguro y eficaz se incrementan si se limita a los producidos por los profesionales sanitarios con licencia para la pr\u00e1ctica en salud mental o por los profesionales de la medicina que est\u00e1n debidamente formados y tienen credenciales para el uso de la hipnosis cl\u00ednica. En mi experiencia, los cl\u00ednicos que son miembros de (o, mejor a\u00fan, que est\u00e1n certificados por) la ASCH, la SCEH o la APMHA suelen encajar en esa descripci\u00f3n.<\/p>\n<p><strong>2. Busque una fuente de confianza.<\/strong> Si usted no conoce a un profesional cualificado que grabe cintas y CDs de hipnosis, puede encontrar una editorial en Internet que le pueda ayudar. HypnosisNetwork.com es una de ellas. Un buen \u00abcontrol de calidad\u00bb para verificar la editorial es revisar su p\u00e1gina web, prestando especial atenci\u00f3n a las cualificaciones de las personas asociadas con ella. Desconf\u00ede de los sitios web que emplean un evidente lenguaje \u201crimbombante o exagerado\u201d (v\u00e9ase m\u00e1s abajo) y ofertan promesas dudosas. Compruebe las referencias que utilizan para hacer sus afirmaciones. El editor, \u00bfs\u00f3lo cita revisiones anecd\u00f3ticas (por ejemplo, testimonios personales), o hace referencia a estudios cient\u00edficos s\u00f3lidos? Los editores de calidad citar\u00e1n referencias de estudios cient\u00edficos publicados en revistas psicol\u00f3gicas o m\u00e9dicas de prestigio. La p\u00e1gina web, \u00bfproporciona informaci\u00f3n sobre la hipnosis de fuentes fidedignas, y proporciona advertencias sobre el mal uso de la hipnosis? Tambi\u00e9n es una buena idea comprar de editoriales que dan muestras de sus cintas\/CDs o que tienen una pol\u00edtica de reembolso segura.<\/p>\n<p><strong>3. Sea muy prudente con las afirmaciones exageradas y sin apoyo cient\u00edfico.<\/strong> La mayor\u00eda de las personas est\u00e1n familiarizadas con la publicidad exagerada encaminada a elevar las ventas, y, en general, conoce el viejo dicho de que si parece demasiado bueno para ser cierto&#8230; entonces probablemente no lo es. Ese refr\u00e1n se aplica tambi\u00e9n a la hipnosis. Las cintas de hipnosis (\u00a1y los profesionales!) que anuncian resultados instant\u00e1neos o s\u00faper r\u00e1pidos son probablemente enga\u00f1osas. Hay editoriales de cintas y CDs de hipnosis dirigidas por verdaderos charlatanes. Como regla general, si el sitio web va en contra del sentido com\u00fan, entonces hay que descartarlo. Tambi\u00e9n es prudente evitar las cintas y CDs (y sus promotores) que afirman ser capaces de \u00abcurar\u00bb problemas de larga duraci\u00f3n, como el alcoholismo o la depresi\u00f3n cr\u00f3nica. Si estas cintas y CDs llevan a retrasar o impedir a la persona buscar ayuda profesional, no s\u00f3lo no \u00abcuran\u00bb, sino que pueden causar verdadero da\u00f1o.<\/p>\n<p><strong>4. Las cintas y los CDs pueden ayudar, pero s\u00f3lo en parte.<\/strong> Muchos problemas no los pueden resolver por s\u00ed solos las cintas y los CDs. Los editores serios advierten de ello de manera clara y sencilla (y no oculto en la letra peque\u00f1a), y orientan al consumidor que puede beneficiarse de ayuda cualificada. Estos editores distinguen claramente entre la adecuada auto-ayuda y auto-mejora y los problemas conductuales serios que requieren la intervenci\u00f3n profesional. Los mejores centros de referencia utilizan asesores del m\u00e1s alto nivel posible (con acreditadas formaci\u00f3n y credenciales) para ayudar en este proceso.<\/p>\n<p>Con estas pautas en mente, los consumidores y potenciales clientes aumentar\u00e1n la probabilidad de obtener la ayuda que realmente quieren y necesitan. Limitar su elecci\u00f3n de materiales de hipnosis (como las cintas y CDs) y de profesionales de la hipnosis cl\u00ednica a aquellos profesionales de la salud debidamente formados y con licencia para la pr\u00e1ctica, son los primeros pasos importantes en el camino hacia una experiencia exitosa de la hipnosis.<\/p>\n","protected":false},"excerpt":{"rendered":"<p>Steve K. D. Eichel, Ph.D., ABPP Copyright HypnosisNetwork.com \u00a9 2005 (Originalmente publicado en\u00a0http:\/\/www.hypnosisnetwork.com\/library\/cat_hypnosis.php) (Traducido\u00a0 al castellano con autorizaci\u00f3n del autor,\u00a0 por M\u00aa Elena Mendoza Figueroa y revisado por el Grupo de Hipnosis Psicol\u00f3gica del Colegio de Psic\u00f3logos de la Comunidad Valenciana; \u00a9 de la traducci\u00f3n (2007)) Felix, Fritz, Garfield y Morris.\u00a0A esta lista de gatos &hellip;<\/p>\n","protected":false},"author":12,"featured_media":0,"parent":133,"menu_order":3,"comment_status":"closed","ping_status":"closed","template":"","meta":{"footnotes":""},"categories":[10],"tags":[],"class_list":["post-737","page","type-page","status-publish","hentry","category-noticias"],"_links":{"self":[{"href":"https:\/\/www.grupohipnosiscopcv.es\/wordpress\/wp-json\/wp\/v2\/pages\/737","targetHints":{"allow":["GET"]}}],"collection":[{"href":"https:\/\/www.grupohipnosiscopcv.es\/wordpress\/wp-json\/wp\/v2\/pages"}],"about":[{"href":"https:\/\/www.grupohipnosiscopcv.es\/wordpress\/wp-json\/wp\/v2\/types\/page"}],"author":[{"embeddable":true,"href":"https:\/\/www.grupohipnosiscopcv.es\/wordpress\/wp-json\/wp\/v2\/users\/12"}],"replies":[{"embeddable":true,"href":"https:\/\/www.grupohipnosiscopcv.es\/wordpress\/wp-json\/wp\/v2\/comments?post=737"}],"version-history":[{"count":7,"href":"https:\/\/www.grupohipnosiscopcv.es\/wordpress\/wp-json\/wp\/v2\/pages\/737\/revisions"}],"predecessor-version":[{"id":743,"href":"https:\/\/www.grupohipnosiscopcv.es\/wordpress\/wp-json\/wp\/v2\/pages\/737\/revisions\/743"}],"up":[{"embeddable":true,"href":"https:\/\/www.grupohipnosiscopcv.es\/wordpress\/wp-json\/wp\/v2\/pages\/133"}],"wp:attachment":[{"href":"https:\/\/www.grupohipnosiscopcv.es\/wordpress\/wp-json\/wp\/v2\/media?parent=737"}],"wp:term":[{"taxonomy":"category","embeddable":true,"href":"https:\/\/www.grupohipnosiscopcv.es\/wordpress\/wp-json\/wp\/v2\/categories?post=737"},{"taxonomy":"post_tag","embeddable":true,"href":"https:\/\/www.grupohipnosiscopcv.es\/wordpress\/wp-json\/wp\/v2\/tags?post=737"}],"curies":[{"name":"wp","href":"https:\/\/api.w.org\/{rel}","templated":true}]}}