{"id":644,"date":"2010-06-01T17:29:35","date_gmt":"2010-06-01T16:29:35","guid":{"rendered":"http:\/\/www.grupohipnosiscopcv.es\/wordpress\/?page_id=644"},"modified":"2012-01-28T20:50:07","modified_gmt":"2012-01-28T19:50:07","slug":"instrucciones-para-los-centros-de-ensenanza","status":"publish","type":"page","link":"https:\/\/www.grupohipnosiscopcv.es\/wordpress\/actividades-formativas\/instrucciones-para-los-centros-de-ensenanza\/","title":{"rendered":"Instrucciones para los centros de ense\u00f1anza"},"content":{"rendered":"<p>Si en su centro se imparte un curso de hipnosis y considera que cumple las recomendaciones se\u00f1aladas, o por lo menos la mayor\u00eda de ellas, puede solicitarnos, por correo electr\u00f3nico, autorizaci\u00f3n para incluir en su publicidad el logotipo de \u00abInformaci\u00f3n de Profesionales Cualificados\u00bb junto con un texto explicativo de su significado como puede verse a continuaci\u00f3n:<\/p>\n<table style=\"height: 155px;\" width=\"439\" border=\"0\" cellspacing=\"0\" cellpadding=\"0\">\n<tbody>\n<tr>\n<td valign=\"top\" width=\"203\"><img loading=\"lazy\" decoding=\"async\" class=\"alignleft\" title=\"logoprofcual\" src=\"http:\/\/www.grupohipnosiscopcv.es\/wordpress\/public\/LogoProfcual_medio.png\" alt=\"\" width=\"168\" height=\"145\" \/><\/td>\n<td style=\"text-align: justify;\" valign=\"top\" width=\"314\">Este curso cumple los requisitos de formaci\u00f3n en hipnosis requeridos para que, quien lo curse, pueda solicitar su inclusi\u00f3n en la relaci\u00f3n de profesionales cualificados mostrada en la p\u00e1gina web del Grupo de Trabajo de Hipnosis Psicol\u00f3gica del Colegio Oficial de Psic\u00f3logos de la Comunidad Valenciana (Espa\u00f1a).<\/td>\n<\/tr>\n<\/tbody>\n<\/table>\n<p>Para poder estudiar dicha solicitud debe aportarse la siguiente documentaci\u00f3n:<\/p>\n<ul>\n<li>Datos del centro (nombre, direcci\u00f3n, datos del director\/a, etc.)<\/li>\n<li>Detalle del profesorado (incluyendo el curr\u00edculum de cada profesor)<\/li>\n<li>Programa detallado del curso.<\/li>\n<li>Otros datos del curso (nombre, fechas, n\u00famero de horas, precio, etc.)<\/li>\n<li>Copia de la documentaci\u00f3n que certifique los reconocimientos conseguidos (por lo menos debe tener el reconocimiento de un Colegio Oficial, de Psic\u00f3logos o de M\u00e9dicos, esto se verificar\u00e1 y se rechazar\u00e1n las solicitudes que no cumplan con este requisito, aunque lo dem\u00e1s se ajuste a las recomendaciones estipuladas)<\/li>\n<\/ul>\n<p>Una vez revisada la documentaci\u00f3n se comunicar\u00e1 la autorizaci\u00f3n para poder utilizar el logotipo, su denegaci\u00f3n o las modificaciones que debe realizar el centro para conseguir dicha autorizaci\u00f3n.<\/p>\n<p>Grupo de Trabajo de Hipnosis Psicol\u00f3gica<\/p>\n<p>Colegio Oficial de Psic\u00f3logos de la Comunidad Valenciana<\/p>\n","protected":false},"excerpt":{"rendered":"<p>Si en su centro se imparte un curso de hipnosis y considera que cumple las recomendaciones se\u00f1aladas, o por lo menos la mayor\u00eda de ellas, puede solicitarnos, por correo electr\u00f3nico, autorizaci\u00f3n para incluir en su publicidad el logotipo de \u00abInformaci\u00f3n de Profesionales Cualificados\u00bb junto con un texto explicativo de su significado como puede verse a &hellip;<\/p>\n","protected":false},"author":12,"featured_media":0,"parent":139,"menu_order":8,"comment_status":"closed","ping_status":"closed","template":"","meta":{"footnotes":""},"categories":[10],"tags":[],"class_list":["post-644","page","type-page","status-publish","hentry","category-noticias"],"_links":{"self":[{"href":"https:\/\/www.grupohipnosiscopcv.es\/wordpress\/wp-json\/wp\/v2\/pages\/644","targetHints":{"allow":["GET"]}}],"collection":[{"href":"https:\/\/www.grupohipnosiscopcv.es\/wordpress\/wp-json\/wp\/v2\/pages"}],"about":[{"href":"https:\/\/www.grupohipnosiscopcv.es\/wordpress\/wp-json\/wp\/v2\/types\/page"}],"author":[{"embeddable":true,"href":"https:\/\/www.grupohipnosiscopcv.es\/wordpress\/wp-json\/wp\/v2\/users\/12"}],"replies":[{"embeddable":true,"href":"https:\/\/www.grupohipnosiscopcv.es\/wordpress\/wp-json\/wp\/v2\/comments?post=644"}],"version-history":[{"count":8,"href":"https:\/\/www.grupohipnosiscopcv.es\/wordpress\/wp-json\/wp\/v2\/pages\/644\/revisions"}],"predecessor-version":[{"id":650,"href":"https:\/\/www.grupohipnosiscopcv.es\/wordpress\/wp-json\/wp\/v2\/pages\/644\/revisions\/650"}],"up":[{"embeddable":true,"href":"https:\/\/www.grupohipnosiscopcv.es\/wordpress\/wp-json\/wp\/v2\/pages\/139"}],"wp:attachment":[{"href":"https:\/\/www.grupohipnosiscopcv.es\/wordpress\/wp-json\/wp\/v2\/media?parent=644"}],"wp:term":[{"taxonomy":"category","embeddable":true,"href":"https:\/\/www.grupohipnosiscopcv.es\/wordpress\/wp-json\/wp\/v2\/categories?post=644"},{"taxonomy":"post_tag","embeddable":true,"href":"https:\/\/www.grupohipnosiscopcv.es\/wordpress\/wp-json\/wp\/v2\/tags?post=644"}],"curies":[{"name":"wp","href":"https:\/\/api.w.org\/{rel}","templated":true}]}}