{"id":615,"date":"2010-05-11T12:39:12","date_gmt":"2010-05-11T11:39:12","guid":{"rendered":"http:\/\/www.grupohipnosiscopcv.es\/wordpress\/?page_id=615"},"modified":"2013-08-20T23:02:04","modified_gmt":"2013-08-20T22:02:04","slug":"winter-althaus-gustavo","status":"publish","type":"page","link":"https:\/\/www.grupohipnosiscopcv.es\/wordpress\/informacion-para-usuarios\/profesionales-cualificados\/winter-althaus-gustavo\/","title":{"rendered":"Winter Althaus, Gustavo"},"content":{"rendered":"<p><strong>Titulaci\u00f3n universitaria:<\/strong><\/p>\n<p>Licenciado en Medicina.<\/p>\n<p>Especialista en Psiquiatr\u00eda.<\/p>\n<p><strong>Colegiado:<\/strong><\/p>\n<p>35\/35\/0443<\/p>\n<p><strong>Titulaci\u00f3n o estudios de hipnosis:<\/strong><\/p>\n<p>Postgrado en Hipnosis Cl\u00ednica de la Facultad de Psicolog\u00eda de la Universidad de Barcelona (2007-2008).<\/p>\n<p>Especialista Universitario en Hipnosis Cl\u00ednica (UNED).<\/p>\n<p>Curso de Hipnosis Cl\u00ednica: Fundamentos y aplicaciones (2005-2006). Organizado por el Foro Psiqui\u00e1trico de Canarias. 40 horas. Impartido por Dr. D. Jos\u00e9 Sala Pay\u00e1 y Dr. D. Antonio Capafons Bonet).<\/p>\n<p>Asistencia a monogr\u00e1ficos del Postgrado en Hipnosis de la Universidad de Barcelona e Instituto Erickson: 1.- La hipnosis en los Trastornos Psicosom\u00e1ticos \/ La autohipnosis (Dr. Dirk Revenstorf, Octubre 2005); 2.- Hipnoterapia ultrabreve de los Trastornos Conversivos (Dr. Camilo Loriedo, Octubre 2006).<\/p>\n<p><strong>Temas que trata:<\/strong><\/p>\n<p>Trastornos de ansiedad, tabaquismo, dolor cr\u00f3nico, trastornos conversivos.<\/p>\n<p><strong>Datos de contacto:<\/strong><\/p>\n<p>C\/ Pamochamoso, 7,2<\/p>\n<p>35004 Las Palmas de Gran Canaria (Espa\u00f1a)<\/p>\n<p>Tel\u00e9fono\u00a0 928 233 419<\/p>\n<p>E-mail: <a href=\"mailto:gwa@comlp.es\">gwa@comlp.es<\/a><\/p>\n","protected":false},"excerpt":{"rendered":"<p>Titulaci\u00f3n universitaria: Licenciado en Medicina. Especialista en Psiquiatr\u00eda. Colegiado: 35\/35\/0443 Titulaci\u00f3n o estudios de hipnosis: Postgrado en Hipnosis Cl\u00ednica de la Facultad de Psicolog\u00eda de la Universidad de Barcelona (2007-2008). Especialista Universitario en Hipnosis Cl\u00ednica (UNED). Curso de Hipnosis Cl\u00ednica: Fundamentos y aplicaciones (2005-2006). Organizado por el Foro Psiqui\u00e1trico de Canarias. 40 horas. Impartido por &hellip;<\/p>\n","protected":false},"author":12,"featured_media":0,"parent":38,"menu_order":162,"comment_status":"closed","ping_status":"closed","template":"","meta":{"footnotes":""},"categories":[10],"tags":[],"class_list":["post-615","page","type-page","status-publish","hentry","category-noticias"],"_links":{"self":[{"href":"https:\/\/www.grupohipnosiscopcv.es\/wordpress\/wp-json\/wp\/v2\/pages\/615","targetHints":{"allow":["GET"]}}],"collection":[{"href":"https:\/\/www.grupohipnosiscopcv.es\/wordpress\/wp-json\/wp\/v2\/pages"}],"about":[{"href":"https:\/\/www.grupohipnosiscopcv.es\/wordpress\/wp-json\/wp\/v2\/types\/page"}],"author":[{"embeddable":true,"href":"https:\/\/www.grupohipnosiscopcv.es\/wordpress\/wp-json\/wp\/v2\/users\/12"}],"replies":[{"embeddable":true,"href":"https:\/\/www.grupohipnosiscopcv.es\/wordpress\/wp-json\/wp\/v2\/comments?post=615"}],"version-history":[{"count":6,"href":"https:\/\/www.grupohipnosiscopcv.es\/wordpress\/wp-json\/wp\/v2\/pages\/615\/revisions"}],"predecessor-version":[{"id":2086,"href":"https:\/\/www.grupohipnosiscopcv.es\/wordpress\/wp-json\/wp\/v2\/pages\/615\/revisions\/2086"}],"up":[{"embeddable":true,"href":"https:\/\/www.grupohipnosiscopcv.es\/wordpress\/wp-json\/wp\/v2\/pages\/38"}],"wp:attachment":[{"href":"https:\/\/www.grupohipnosiscopcv.es\/wordpress\/wp-json\/wp\/v2\/media?parent=615"}],"wp:term":[{"taxonomy":"category","embeddable":true,"href":"https:\/\/www.grupohipnosiscopcv.es\/wordpress\/wp-json\/wp\/v2\/categories?post=615"},{"taxonomy":"post_tag","embeddable":true,"href":"https:\/\/www.grupohipnosiscopcv.es\/wordpress\/wp-json\/wp\/v2\/tags?post=615"}],"curies":[{"name":"wp","href":"https:\/\/api.w.org\/{rel}","templated":true}]}}