{"id":613,"date":"2010-05-11T12:37:44","date_gmt":"2010-05-11T11:37:44","guid":{"rendered":"http:\/\/www.grupohipnosiscopcv.es\/wordpress\/?page_id=613"},"modified":"2013-08-20T23:02:04","modified_gmt":"2013-08-20T22:02:04","slug":"vazquez-tello-m%c2%aa-jose","status":"publish","type":"page","link":"https:\/\/www.grupohipnosiscopcv.es\/wordpress\/informacion-para-usuarios\/profesionales-cualificados\/vazquez-tello-m%c2%aa-jose\/","title":{"rendered":"V\u00e1zquez Tello, M\u00aa Jos\u00e9"},"content":{"rendered":"<p><strong>Titulaci\u00f3n universitaria:<\/strong><\/p>\n<p>Licenciada en Psicolog\u00eda por la  Universidad Complutense de Madrid (1979)<\/p>\n<p>Psic\u00f3loga Cl\u00ednica.<\/p>\n<p><strong>Colegiado:<\/strong><\/p>\n<p>M-2678\u00a0 Colegio Oficial de Psic\u00f3logos de Madrid<\/p>\n<p><strong>Titulaci\u00f3n o estudios de hipnosis:<\/strong><\/p>\n<p>Cursos impartidos por H\u00e9ctor Gonz\u00e1lez Ord\u00ed en el COP de Madrid (2000 y 2005).<\/p>\n<p><strong>Temas que trata:<\/strong><\/p>\n<p>Orientaci\u00f3n cognitivo-conductual con aplicaci\u00f3n de la hipnosis como t\u00e9cnica dentro de la propia terapia cuando se considera necesario: relajaci\u00f3n, fobias, etc.<\/p>\n<p><strong>Datos de contacto:<\/strong><\/p>\n<p>Centro de Psicolog\u00eda NAHAR<\/p>\n<p>C\/ Bego\u00f1a, 34<\/p>\n<p>28803 Alcal\u00e1 de Henares &#8211; Madrid (Espa\u00f1a)<\/p>\n<p>Tel\u00e9fono\u00a0 619 290 646<\/p>\n","protected":false},"excerpt":{"rendered":"<p>Titulaci\u00f3n universitaria: Licenciada en Psicolog\u00eda por la Universidad Complutense de Madrid (1979) Psic\u00f3loga Cl\u00ednica. Colegiado: M-2678\u00a0 Colegio Oficial de Psic\u00f3logos de Madrid Titulaci\u00f3n o estudios de hipnosis: Cursos impartidos por H\u00e9ctor Gonz\u00e1lez Ord\u00ed en el COP de Madrid (2000 y 2005). Temas que trata: Orientaci\u00f3n cognitivo-conductual con aplicaci\u00f3n de la hipnosis como t\u00e9cnica dentro de &hellip;<\/p>\n","protected":false},"author":12,"featured_media":0,"parent":38,"menu_order":157,"comment_status":"closed","ping_status":"closed","template":"","meta":{"footnotes":""},"categories":[10],"tags":[],"class_list":["post-613","page","type-page","status-publish","hentry","category-noticias"],"_links":{"self":[{"href":"https:\/\/www.grupohipnosiscopcv.es\/wordpress\/wp-json\/wp\/v2\/pages\/613","targetHints":{"allow":["GET"]}}],"collection":[{"href":"https:\/\/www.grupohipnosiscopcv.es\/wordpress\/wp-json\/wp\/v2\/pages"}],"about":[{"href":"https:\/\/www.grupohipnosiscopcv.es\/wordpress\/wp-json\/wp\/v2\/types\/page"}],"author":[{"embeddable":true,"href":"https:\/\/www.grupohipnosiscopcv.es\/wordpress\/wp-json\/wp\/v2\/users\/12"}],"replies":[{"embeddable":true,"href":"https:\/\/www.grupohipnosiscopcv.es\/wordpress\/wp-json\/wp\/v2\/comments?post=613"}],"version-history":[{"count":4,"href":"https:\/\/www.grupohipnosiscopcv.es\/wordpress\/wp-json\/wp\/v2\/pages\/613\/revisions"}],"predecessor-version":[{"id":2083,"href":"https:\/\/www.grupohipnosiscopcv.es\/wordpress\/wp-json\/wp\/v2\/pages\/613\/revisions\/2083"}],"up":[{"embeddable":true,"href":"https:\/\/www.grupohipnosiscopcv.es\/wordpress\/wp-json\/wp\/v2\/pages\/38"}],"wp:attachment":[{"href":"https:\/\/www.grupohipnosiscopcv.es\/wordpress\/wp-json\/wp\/v2\/media?parent=613"}],"wp:term":[{"taxonomy":"category","embeddable":true,"href":"https:\/\/www.grupohipnosiscopcv.es\/wordpress\/wp-json\/wp\/v2\/categories?post=613"},{"taxonomy":"post_tag","embeddable":true,"href":"https:\/\/www.grupohipnosiscopcv.es\/wordpress\/wp-json\/wp\/v2\/tags?post=613"}],"curies":[{"name":"wp","href":"https:\/\/api.w.org\/{rel}","templated":true}]}}