{"id":611,"date":"2010-05-11T12:36:37","date_gmt":"2010-05-11T11:36:37","guid":{"rendered":"http:\/\/www.grupohipnosiscopcv.es\/wordpress\/?page_id=611"},"modified":"2013-08-20T23:02:04","modified_gmt":"2013-08-20T22:02:04","slug":"valenzuela-entrala-javier","status":"publish","type":"page","link":"https:\/\/www.grupohipnosiscopcv.es\/wordpress\/informacion-para-usuarios\/profesionales-cualificados\/valenzuela-entrala-javier\/","title":{"rendered":"Valenzuela Entrala, Javier"},"content":{"rendered":"<p><strong>Titulaci\u00f3n universitaria:<\/strong><\/p>\n<p>Licenciado en Psicolog\u00eda.<\/p>\n<p><strong>Colegiado:<\/strong><\/p>\n<p>176 de Granada (Colegio Oficial de Psic\u00f3logos de Andaluc\u00eda Oriental).<\/p>\n<p><strong>Titulaci\u00f3n o estudios de hipnosis:<\/strong><\/p>\n<p>Experto universitario en Hipnosis Cl\u00ednica (UNED).<\/p>\n<p><strong>Temas que trata:<\/strong><\/p>\n<p>Psicopatolog\u00eda del adulto: Fobias, ansiedad, dolor, etc.<\/p>\n<p><strong>Datos de contacto:<\/strong><\/p>\n<p>C\/ Alcal\u00e1 de Henares, 10<\/p>\n<p>18008 Granada (Espa\u00f1a)<\/p>\n<p>Tel\u00e9fono: 608 753 372<\/p>\n<p>E-mail: <a href=\"mailto:sicobuleia@supercable.es\">sicobuleia@supercable.es<\/a><\/p>\n<p><strong>Otros datos:<\/strong><\/p>\n<p>Ejercicio privado en Psicolog\u00eda Cl\u00ednica desde 1982.<\/p>\n","protected":false},"excerpt":{"rendered":"<p>Titulaci\u00f3n universitaria: Licenciado en Psicolog\u00eda. Colegiado: 176 de Granada (Colegio Oficial de Psic\u00f3logos de Andaluc\u00eda Oriental). Titulaci\u00f3n o estudios de hipnosis: Experto universitario en Hipnosis Cl\u00ednica (UNED). Temas que trata: Psicopatolog\u00eda del adulto: Fobias, ansiedad, dolor, etc. Datos de contacto: C\/ Alcal\u00e1 de Henares, 10 18008 Granada (Espa\u00f1a) Tel\u00e9fono: 608 753 372 E-mail: sicobuleia@supercable.es Otros &hellip;<\/p>\n","protected":false},"author":12,"featured_media":0,"parent":38,"menu_order":154,"comment_status":"closed","ping_status":"closed","template":"","meta":{"footnotes":""},"categories":[10],"tags":[],"class_list":["post-611","page","type-page","status-publish","hentry","category-noticias"],"_links":{"self":[{"href":"https:\/\/www.grupohipnosiscopcv.es\/wordpress\/wp-json\/wp\/v2\/pages\/611","targetHints":{"allow":["GET"]}}],"collection":[{"href":"https:\/\/www.grupohipnosiscopcv.es\/wordpress\/wp-json\/wp\/v2\/pages"}],"about":[{"href":"https:\/\/www.grupohipnosiscopcv.es\/wordpress\/wp-json\/wp\/v2\/types\/page"}],"author":[{"embeddable":true,"href":"https:\/\/www.grupohipnosiscopcv.es\/wordpress\/wp-json\/wp\/v2\/users\/12"}],"replies":[{"embeddable":true,"href":"https:\/\/www.grupohipnosiscopcv.es\/wordpress\/wp-json\/wp\/v2\/comments?post=611"}],"version-history":[{"count":4,"href":"https:\/\/www.grupohipnosiscopcv.es\/wordpress\/wp-json\/wp\/v2\/pages\/611\/revisions"}],"predecessor-version":[{"id":2081,"href":"https:\/\/www.grupohipnosiscopcv.es\/wordpress\/wp-json\/wp\/v2\/pages\/611\/revisions\/2081"}],"up":[{"embeddable":true,"href":"https:\/\/www.grupohipnosiscopcv.es\/wordpress\/wp-json\/wp\/v2\/pages\/38"}],"wp:attachment":[{"href":"https:\/\/www.grupohipnosiscopcv.es\/wordpress\/wp-json\/wp\/v2\/media?parent=611"}],"wp:term":[{"taxonomy":"category","embeddable":true,"href":"https:\/\/www.grupohipnosiscopcv.es\/wordpress\/wp-json\/wp\/v2\/categories?post=611"},{"taxonomy":"post_tag","embeddable":true,"href":"https:\/\/www.grupohipnosiscopcv.es\/wordpress\/wp-json\/wp\/v2\/tags?post=611"}],"curies":[{"name":"wp","href":"https:\/\/api.w.org\/{rel}","templated":true}]}}