{"id":609,"date":"2010-05-11T12:35:11","date_gmt":"2010-05-11T11:35:11","guid":{"rendered":"http:\/\/www.grupohipnosiscopcv.es\/wordpress\/?page_id=609"},"modified":"2013-08-20T23:02:04","modified_gmt":"2013-08-20T22:02:04","slug":"suarez-roa-jose-francisco","status":"publish","type":"page","link":"https:\/\/www.grupohipnosiscopcv.es\/wordpress\/informacion-para-usuarios\/profesionales-cualificados\/suarez-roa-jose-francisco\/","title":{"rendered":"Su\u00e1rez Roa, Jos\u00e9 Francisco"},"content":{"rendered":"<p><strong>Titulaci\u00f3n universitaria:<\/strong><\/p>\n<p>Psic\u00f3logo.<\/p>\n<p><strong>Colegiado:<\/strong><\/p>\n<p>B-01610\u00a0 Col.legi de Psicolegs de les Illes Balears<\/p>\n<p><strong>Titulaci\u00f3n o estudios de hipnosis:<\/strong><\/p>\n<p>Master en Terapia de Conducta. Hipnosis con Antonio Capafons.<\/p>\n<p>Curso de hipnosis en el COP de Palma.<\/p>\n<p><strong>Temas que trata:<\/strong><\/p>\n<p>Conductas adictivas, deportistas, autoestima y confianza, depresi\u00f3n, estr\u00e9s, fobias.<\/p>\n<p><strong>Datos de contacto:<\/strong><\/p>\n<p>C\/ Sant Josep, 7\u00a0 Puerta 9<\/p>\n<p>Es Castell &#8211; Menorca &#8211; Illes Balears (Espa\u00f1a)<\/p>\n<p>Tel\u00e9fono:\u00a0618880884<\/p>\n","protected":false},"excerpt":{"rendered":"<p>Titulaci\u00f3n universitaria: Psic\u00f3logo. Colegiado: B-01610\u00a0 Col.legi de Psicolegs de les Illes Balears Titulaci\u00f3n o estudios de hipnosis: Master en Terapia de Conducta. Hipnosis con Antonio Capafons. Curso de hipnosis en el COP de Palma. Temas que trata: Conductas adictivas, deportistas, autoestima y confianza, depresi\u00f3n, estr\u00e9s, fobias. Datos de contacto: C\/ Sant Josep, 7\u00a0 Puerta 9 &hellip;<\/p>\n","protected":false},"author":12,"featured_media":0,"parent":38,"menu_order":156,"comment_status":"closed","ping_status":"closed","template":"","meta":{"footnotes":""},"categories":[10],"tags":[],"class_list":["post-609","page","type-page","status-publish","hentry","category-noticias"],"_links":{"self":[{"href":"https:\/\/www.grupohipnosiscopcv.es\/wordpress\/wp-json\/wp\/v2\/pages\/609","targetHints":{"allow":["GET"]}}],"collection":[{"href":"https:\/\/www.grupohipnosiscopcv.es\/wordpress\/wp-json\/wp\/v2\/pages"}],"about":[{"href":"https:\/\/www.grupohipnosiscopcv.es\/wordpress\/wp-json\/wp\/v2\/types\/page"}],"author":[{"embeddable":true,"href":"https:\/\/www.grupohipnosiscopcv.es\/wordpress\/wp-json\/wp\/v2\/users\/12"}],"replies":[{"embeddable":true,"href":"https:\/\/www.grupohipnosiscopcv.es\/wordpress\/wp-json\/wp\/v2\/comments?post=609"}],"version-history":[{"count":6,"href":"https:\/\/www.grupohipnosiscopcv.es\/wordpress\/wp-json\/wp\/v2\/pages\/609\/revisions"}],"predecessor-version":[{"id":2082,"href":"https:\/\/www.grupohipnosiscopcv.es\/wordpress\/wp-json\/wp\/v2\/pages\/609\/revisions\/2082"}],"up":[{"embeddable":true,"href":"https:\/\/www.grupohipnosiscopcv.es\/wordpress\/wp-json\/wp\/v2\/pages\/38"}],"wp:attachment":[{"href":"https:\/\/www.grupohipnosiscopcv.es\/wordpress\/wp-json\/wp\/v2\/media?parent=609"}],"wp:term":[{"taxonomy":"category","embeddable":true,"href":"https:\/\/www.grupohipnosiscopcv.es\/wordpress\/wp-json\/wp\/v2\/categories?post=609"},{"taxonomy":"post_tag","embeddable":true,"href":"https:\/\/www.grupohipnosiscopcv.es\/wordpress\/wp-json\/wp\/v2\/tags?post=609"}],"curies":[{"name":"wp","href":"https:\/\/api.w.org\/{rel}","templated":true}]}}