{"id":607,"date":"2010-05-11T12:34:09","date_gmt":"2010-05-11T11:34:09","guid":{"rendered":"http:\/\/www.grupohipnosiscopcv.es\/wordpress\/?page_id=607"},"modified":"2013-08-20T23:02:04","modified_gmt":"2013-08-20T22:02:04","slug":"valencia-juan-pedro","status":"publish","type":"page","link":"https:\/\/www.grupohipnosiscopcv.es\/wordpress\/informacion-para-usuarios\/profesionales-cualificados\/valencia-juan-pedro\/","title":{"rendered":"Valencia, Juan Pedro"},"content":{"rendered":"<p><strong>Titulaci\u00f3n universitaria:<\/strong><\/p>\n<p>Licenciado en Psicolog\u00eda. Perfil: Cl\u00ednica<\/p>\n<p><strong>Colegiado:<\/strong><\/p>\n<p>M-15229\u00a0 Colegio Oficial de Psic\u00f3logos de Madrid.<\/p>\n<p><strong>Titulaci\u00f3n o estudios de hipnosis:<\/strong><\/p>\n<p>Cursos impartidos por H\u00e9ctor Gonz\u00e1lez Ord\u00ed en el COP de Madrid (2000 y 2006).<\/p>\n<p><strong>Temas que trata:<\/strong><\/p>\n<p>Ansiedad, fobias (a volar, animales, sangre, alturas, hablar en p\u00fablico&#8230;&#8230;), tabaquismo, manejo del dolor (de espalda, en fibromialgia, etc.), depresi\u00f3n, estr\u00e9s, etc.<\/p>\n<p><strong>Datos de contacto:<\/strong><\/p>\n<p>C\/ Diego de Le\u00f3n, 27<\/p>\n<p>28006 Madrid (Espa\u00f1a)<\/p>\n<p>Tel\u00e9fono: 654 99 14 42<\/p>\n<p>E-mail: <a href=\"mailto:psicogab@correo.cop.es\">psicogab@correo.cop.es<\/a><\/p>\n","protected":false},"excerpt":{"rendered":"<p>Titulaci\u00f3n universitaria: Licenciado en Psicolog\u00eda. Perfil: Cl\u00ednica Colegiado: M-15229\u00a0 Colegio Oficial de Psic\u00f3logos de Madrid. Titulaci\u00f3n o estudios de hipnosis: Cursos impartidos por H\u00e9ctor Gonz\u00e1lez Ord\u00ed en el COP de Madrid (2000 y 2006). Temas que trata: Ansiedad, fobias (a volar, animales, sangre, alturas, hablar en p\u00fablico&#8230;&#8230;), tabaquismo, manejo del dolor (de espalda, en fibromialgia, &hellip;<\/p>\n","protected":false},"author":12,"featured_media":0,"parent":38,"menu_order":153,"comment_status":"closed","ping_status":"closed","template":"","meta":{"footnotes":""},"categories":[10],"tags":[],"class_list":["post-607","page","type-page","status-publish","hentry","category-noticias"],"_links":{"self":[{"href":"https:\/\/www.grupohipnosiscopcv.es\/wordpress\/wp-json\/wp\/v2\/pages\/607","targetHints":{"allow":["GET"]}}],"collection":[{"href":"https:\/\/www.grupohipnosiscopcv.es\/wordpress\/wp-json\/wp\/v2\/pages"}],"about":[{"href":"https:\/\/www.grupohipnosiscopcv.es\/wordpress\/wp-json\/wp\/v2\/types\/page"}],"author":[{"embeddable":true,"href":"https:\/\/www.grupohipnosiscopcv.es\/wordpress\/wp-json\/wp\/v2\/users\/12"}],"replies":[{"embeddable":true,"href":"https:\/\/www.grupohipnosiscopcv.es\/wordpress\/wp-json\/wp\/v2\/comments?post=607"}],"version-history":[{"count":4,"href":"https:\/\/www.grupohipnosiscopcv.es\/wordpress\/wp-json\/wp\/v2\/pages\/607\/revisions"}],"predecessor-version":[{"id":2080,"href":"https:\/\/www.grupohipnosiscopcv.es\/wordpress\/wp-json\/wp\/v2\/pages\/607\/revisions\/2080"}],"up":[{"embeddable":true,"href":"https:\/\/www.grupohipnosiscopcv.es\/wordpress\/wp-json\/wp\/v2\/pages\/38"}],"wp:attachment":[{"href":"https:\/\/www.grupohipnosiscopcv.es\/wordpress\/wp-json\/wp\/v2\/media?parent=607"}],"wp:term":[{"taxonomy":"category","embeddable":true,"href":"https:\/\/www.grupohipnosiscopcv.es\/wordpress\/wp-json\/wp\/v2\/categories?post=607"},{"taxonomy":"post_tag","embeddable":true,"href":"https:\/\/www.grupohipnosiscopcv.es\/wordpress\/wp-json\/wp\/v2\/tags?post=607"}],"curies":[{"name":"wp","href":"https:\/\/api.w.org\/{rel}","templated":true}]}}