{"id":605,"date":"2010-05-11T12:32:09","date_gmt":"2010-05-11T11:32:09","guid":{"rendered":"http:\/\/www.grupohipnosiscopcv.es\/wordpress\/?page_id=605"},"modified":"2013-08-20T23:02:04","modified_gmt":"2013-08-20T22:02:04","slug":"serrano-fernandez-maria-jose","status":"publish","type":"page","link":"https:\/\/www.grupohipnosiscopcv.es\/wordpress\/informacion-para-usuarios\/profesionales-cualificados\/serrano-fernandez-maria-jose\/","title":{"rendered":"Serrano Fern\u00e1ndez, Mar\u00eda Jos\u00e9"},"content":{"rendered":"<p><strong>Titulaci\u00f3n universitaria:<\/strong><\/p>\n<p>Licenciada en Psicolog\u00eda.<\/p>\n<p>Master en Salud Mental.<\/p>\n<p>Experta Profesional en T\u00e9cnicas Psicol\u00f3gicas para Control de Estr\u00e9s.<\/p>\n<p><strong>Colegiado:<\/strong><\/p>\n<p>14.211\u00a0 Colegio Oficial de Psic\u00f3logos de Catalu\u00f1a (COPC)<\/p>\n<p><strong>Titulaci\u00f3n o estudios de hipnosis:<\/strong><\/p>\n<p>Curso con Antoni Castell, en COPC Tarragona.<\/p>\n<p>Postgrado de Hipnosis Cl\u00ednica en la  Universidad de Barcelona.<\/p>\n<p>Nivel II EMDR.<\/p>\n<p><strong>Temas que trata:<\/strong><\/p>\n<p>Trauma, ansiedad, autoestima y confianza, duelo, dolor, depresi\u00f3n, control de estr\u00e9s, fobias.<\/p>\n<p><strong>Datos de contacto:<\/strong><\/p>\n<p>C. Crist\u00f2for Colom, 24, 2on<\/p>\n<p>Tarragona (Espa\u00f1a)<\/p>\n<p>Tel\u00e9fono: 977 220 759<\/p>\n<p>M\u00f3vil: 619 172 427<\/p>\n<p>E-mail: <a href=\"mailto:info@albapsicologia.com\">info@albapsicologia.com<\/a><\/p>\n<p><strong>Otros datos:<\/strong><\/p>\n<p><a href=\"http:\/\/www.albapsicologia.com\/\">www.albapsicologia.com<\/a><\/p>\n","protected":false},"excerpt":{"rendered":"<p>Titulaci\u00f3n universitaria: Licenciada en Psicolog\u00eda. Master en Salud Mental. Experta Profesional en T\u00e9cnicas Psicol\u00f3gicas para Control de Estr\u00e9s. Colegiado: 14.211\u00a0 Colegio Oficial de Psic\u00f3logos de Catalu\u00f1a (COPC) Titulaci\u00f3n o estudios de hipnosis: Curso con Antoni Castell, en COPC Tarragona. Postgrado de Hipnosis Cl\u00ednica en la Universidad de Barcelona. Nivel II EMDR. Temas que trata: Trauma, &hellip;<\/p>\n","protected":false},"author":12,"featured_media":0,"parent":38,"menu_order":151,"comment_status":"closed","ping_status":"closed","template":"","meta":{"footnotes":""},"categories":[10],"tags":[],"class_list":["post-605","page","type-page","status-publish","hentry","category-noticias"],"_links":{"self":[{"href":"https:\/\/www.grupohipnosiscopcv.es\/wordpress\/wp-json\/wp\/v2\/pages\/605","targetHints":{"allow":["GET"]}}],"collection":[{"href":"https:\/\/www.grupohipnosiscopcv.es\/wordpress\/wp-json\/wp\/v2\/pages"}],"about":[{"href":"https:\/\/www.grupohipnosiscopcv.es\/wordpress\/wp-json\/wp\/v2\/types\/page"}],"author":[{"embeddable":true,"href":"https:\/\/www.grupohipnosiscopcv.es\/wordpress\/wp-json\/wp\/v2\/users\/12"}],"replies":[{"embeddable":true,"href":"https:\/\/www.grupohipnosiscopcv.es\/wordpress\/wp-json\/wp\/v2\/comments?post=605"}],"version-history":[{"count":4,"href":"https:\/\/www.grupohipnosiscopcv.es\/wordpress\/wp-json\/wp\/v2\/pages\/605\/revisions"}],"predecessor-version":[{"id":2079,"href":"https:\/\/www.grupohipnosiscopcv.es\/wordpress\/wp-json\/wp\/v2\/pages\/605\/revisions\/2079"}],"up":[{"embeddable":true,"href":"https:\/\/www.grupohipnosiscopcv.es\/wordpress\/wp-json\/wp\/v2\/pages\/38"}],"wp:attachment":[{"href":"https:\/\/www.grupohipnosiscopcv.es\/wordpress\/wp-json\/wp\/v2\/media?parent=605"}],"wp:term":[{"taxonomy":"category","embeddable":true,"href":"https:\/\/www.grupohipnosiscopcv.es\/wordpress\/wp-json\/wp\/v2\/categories?post=605"},{"taxonomy":"post_tag","embeddable":true,"href":"https:\/\/www.grupohipnosiscopcv.es\/wordpress\/wp-json\/wp\/v2\/tags?post=605"}],"curies":[{"name":"wp","href":"https:\/\/api.w.org\/{rel}","templated":true}]}}