{"id":599,"date":"2010-05-11T12:27:59","date_gmt":"2010-05-11T11:27:59","guid":{"rendered":"http:\/\/www.grupohipnosiscopcv.es\/wordpress\/?page_id=599"},"modified":"2013-08-20T23:02:04","modified_gmt":"2013-08-20T22:02:04","slug":"ruiz-flores-bistuer-miguel","status":"publish","type":"page","link":"https:\/\/www.grupohipnosiscopcv.es\/wordpress\/informacion-para-usuarios\/profesionales-cualificados\/ruiz-flores-bistuer-miguel\/","title":{"rendered":"Ruiz-Flores Bistuer, Miguel"},"content":{"rendered":"<p><strong>Titulaci\u00f3n universitaria:<\/strong><\/p>\n<p>Licenciado en Medicina y Cirug\u00eda, especialista en Psiquiatr\u00eda.<\/p>\n<p><strong>Colegiado:<\/strong><\/p>\n<p>22\/50\/12067\u00a0 Colegio Oficial de M\u00e9dicos de Huesca.<\/p>\n<p><strong>Titulaci\u00f3n o estudios de hipnosis:<\/strong><\/p>\n<p>Instituto Erickson Madrid, durante tres a\u00f1os, seminarios con Norma y Phillip Barretta, con Jeffrey Zeig, con Betty A. Erickson &amp; Eric Greenleaf, con Barbara Anger-Diaz y Katharina Anger de Mental Research Institute de Palo Alto, con A. Capafons, con J. M. Sala, &#8230;<\/p>\n<p><strong>Temas que trata:<\/strong><\/p>\n<p>Ni\u00f1os y adolescentes, dolor, somatizaciones, tabaquismo, trastornos adaptativos, trastornos del estado de \u00e1nimo,&#8230;<\/p>\n<p><strong>Datos de contacto:<\/strong><\/p>\n<p>Centro Cl\u00ednico Ibiza,<br \/>\nAvda Espa\u00f1a 69<br \/>\n07800 IBIZA (BALEARES)<\/p>\n<p>Tel\u00e9fono 971 304 868<\/p>\n<p>E-mail: <a href=\"mailto: miguelpsq@hotmail.com\"> miguelpsq@hotmail.com<\/a><\/p>\n","protected":false},"excerpt":{"rendered":"<p>Titulaci\u00f3n universitaria: Licenciado en Medicina y Cirug\u00eda, especialista en Psiquiatr\u00eda. Colegiado: 22\/50\/12067\u00a0 Colegio Oficial de M\u00e9dicos de Huesca. Titulaci\u00f3n o estudios de hipnosis: Instituto Erickson Madrid, durante tres a\u00f1os, seminarios con Norma y Phillip Barretta, con Jeffrey Zeig, con Betty A. Erickson &amp; Eric Greenleaf, con Barbara Anger-Diaz y Katharina Anger de Mental Research Institute &hellip;<\/p>\n","protected":false},"author":12,"featured_media":0,"parent":38,"menu_order":148,"comment_status":"closed","ping_status":"closed","template":"","meta":{"footnotes":""},"categories":[10],"tags":[],"class_list":["post-599","page","type-page","status-publish","hentry","category-noticias"],"_links":{"self":[{"href":"https:\/\/www.grupohipnosiscopcv.es\/wordpress\/wp-json\/wp\/v2\/pages\/599","targetHints":{"allow":["GET"]}}],"collection":[{"href":"https:\/\/www.grupohipnosiscopcv.es\/wordpress\/wp-json\/wp\/v2\/pages"}],"about":[{"href":"https:\/\/www.grupohipnosiscopcv.es\/wordpress\/wp-json\/wp\/v2\/types\/page"}],"author":[{"embeddable":true,"href":"https:\/\/www.grupohipnosiscopcv.es\/wordpress\/wp-json\/wp\/v2\/users\/12"}],"replies":[{"embeddable":true,"href":"https:\/\/www.grupohipnosiscopcv.es\/wordpress\/wp-json\/wp\/v2\/comments?post=599"}],"version-history":[{"count":7,"href":"https:\/\/www.grupohipnosiscopcv.es\/wordpress\/wp-json\/wp\/v2\/pages\/599\/revisions"}],"predecessor-version":[{"id":2141,"href":"https:\/\/www.grupohipnosiscopcv.es\/wordpress\/wp-json\/wp\/v2\/pages\/599\/revisions\/2141"}],"up":[{"embeddable":true,"href":"https:\/\/www.grupohipnosiscopcv.es\/wordpress\/wp-json\/wp\/v2\/pages\/38"}],"wp:attachment":[{"href":"https:\/\/www.grupohipnosiscopcv.es\/wordpress\/wp-json\/wp\/v2\/media?parent=599"}],"wp:term":[{"taxonomy":"category","embeddable":true,"href":"https:\/\/www.grupohipnosiscopcv.es\/wordpress\/wp-json\/wp\/v2\/categories?post=599"},{"taxonomy":"post_tag","embeddable":true,"href":"https:\/\/www.grupohipnosiscopcv.es\/wordpress\/wp-json\/wp\/v2\/tags?post=599"}],"curies":[{"name":"wp","href":"https:\/\/api.w.org\/{rel}","templated":true}]}}