{"id":595,"date":"2010-05-11T12:24:54","date_gmt":"2010-05-11T11:24:54","guid":{"rendered":"http:\/\/www.grupohipnosiscopcv.es\/wordpress\/?page_id=595"},"modified":"2013-08-20T23:02:04","modified_gmt":"2013-08-20T22:02:04","slug":"rodriguez-salinas-pilar","status":"publish","type":"page","link":"https:\/\/www.grupohipnosiscopcv.es\/wordpress\/informacion-para-usuarios\/profesionales-cualificados\/rodriguez-salinas-pilar\/","title":{"rendered":"Rodr\u00edguez Salinas, Pilar"},"content":{"rendered":"<p><strong>Titulaci\u00f3n universitaria:<\/strong><\/p>\n<p>Licenciada en Psicolog\u00eda, especialidad cl\u00ednica.<\/p>\n<p>Especialista Universitario en Psicopatolog\u00eda y Salud.<\/p>\n<p><strong>Colegiado:<\/strong><\/p>\n<p>CV-10391\u00a0 Colegio Oficial de Psic\u00f3logos de la Comunidad Valenciana<\/p>\n<p><strong>Titulaci\u00f3n o estudios de hipnosis:<\/strong><\/p>\n<p>Curso de Introducci\u00f3n a la Hipnosis cl\u00ednica. impartido por el Dr. Antonio Capafons.<\/p>\n<p><strong>Temas que trata:<\/strong><\/p>\n<p>Estr\u00e9s, Autoestima, problemas de pareja, trastornos alimentarios, adicciones, depresi\u00f3n&#8230;<\/p>\n<p><strong>Datos de contacto:<\/strong><\/p>\n<p>C\/ Hern\u00e1n Cort\u00e9s, 29<\/p>\n<p>Alzira, Valencia<\/p>\n<p>Tel\u00e9fono 627783039<\/p>\n<p>E-mail: <a href=\"mailto:islasfenix@arkatass.com\">islasfenix@arkatass.com<\/a><\/p>\n","protected":false},"excerpt":{"rendered":"<p>Titulaci\u00f3n universitaria: Licenciada en Psicolog\u00eda, especialidad cl\u00ednica. Especialista Universitario en Psicopatolog\u00eda y Salud. Colegiado: CV-10391\u00a0 Colegio Oficial de Psic\u00f3logos de la Comunidad Valenciana Titulaci\u00f3n o estudios de hipnosis: Curso de Introducci\u00f3n a la Hipnosis cl\u00ednica. impartido por el Dr. Antonio Capafons. Temas que trata: Estr\u00e9s, Autoestima, problemas de pareja, trastornos alimentarios, adicciones, depresi\u00f3n&#8230; Datos de &hellip;<\/p>\n","protected":false},"author":12,"featured_media":0,"parent":38,"menu_order":146,"comment_status":"closed","ping_status":"closed","template":"","meta":{"footnotes":""},"categories":[10],"tags":[],"class_list":["post-595","page","type-page","status-publish","hentry","category-noticias"],"_links":{"self":[{"href":"https:\/\/www.grupohipnosiscopcv.es\/wordpress\/wp-json\/wp\/v2\/pages\/595","targetHints":{"allow":["GET"]}}],"collection":[{"href":"https:\/\/www.grupohipnosiscopcv.es\/wordpress\/wp-json\/wp\/v2\/pages"}],"about":[{"href":"https:\/\/www.grupohipnosiscopcv.es\/wordpress\/wp-json\/wp\/v2\/types\/page"}],"author":[{"embeddable":true,"href":"https:\/\/www.grupohipnosiscopcv.es\/wordpress\/wp-json\/wp\/v2\/users\/12"}],"replies":[{"embeddable":true,"href":"https:\/\/www.grupohipnosiscopcv.es\/wordpress\/wp-json\/wp\/v2\/comments?post=595"}],"version-history":[{"count":4,"href":"https:\/\/www.grupohipnosiscopcv.es\/wordpress\/wp-json\/wp\/v2\/pages\/595\/revisions"}],"predecessor-version":[{"id":2074,"href":"https:\/\/www.grupohipnosiscopcv.es\/wordpress\/wp-json\/wp\/v2\/pages\/595\/revisions\/2074"}],"up":[{"embeddable":true,"href":"https:\/\/www.grupohipnosiscopcv.es\/wordpress\/wp-json\/wp\/v2\/pages\/38"}],"wp:attachment":[{"href":"https:\/\/www.grupohipnosiscopcv.es\/wordpress\/wp-json\/wp\/v2\/media?parent=595"}],"wp:term":[{"taxonomy":"category","embeddable":true,"href":"https:\/\/www.grupohipnosiscopcv.es\/wordpress\/wp-json\/wp\/v2\/categories?post=595"},{"taxonomy":"post_tag","embeddable":true,"href":"https:\/\/www.grupohipnosiscopcv.es\/wordpress\/wp-json\/wp\/v2\/tags?post=595"}],"curies":[{"name":"wp","href":"https:\/\/api.w.org\/{rel}","templated":true}]}}