{"id":593,"date":"2010-05-11T12:23:30","date_gmt":"2010-05-11T11:23:30","guid":{"rendered":"http:\/\/www.grupohipnosiscopcv.es\/wordpress\/?page_id=593"},"modified":"2013-08-20T23:02:04","modified_gmt":"2013-08-20T22:02:04","slug":"rodrigo-garcia-lourdes","status":"publish","type":"page","link":"https:\/\/www.grupohipnosiscopcv.es\/wordpress\/informacion-para-usuarios\/profesionales-cualificados\/rodrigo-garcia-lourdes\/","title":{"rendered":"Rodrigo Garc\u00eda, Lourdes"},"content":{"rendered":"<p><strong>Titulaci\u00f3n universitaria:<\/strong><\/p>\n<p>Licenciada en Psicolog\u00eda por la  Universidad de Valencia.<\/p>\n<p>Master en Psicolog\u00eda Cl\u00ednica (500 horas).<\/p>\n<p><strong>Colegiado:<\/strong><\/p>\n<p>CV-06238\u00a0 Colegio Oficial de Psic\u00f3logos de la Comunidad Valenciana<\/p>\n<p><strong>Titulaci\u00f3n o estudios de hipnosis:<\/strong><\/p>\n<p>Curso de Aplicaciones Cl\u00ednicas de la  Hipnosis y Terapia de Autorregulaci\u00f3n de 45 horas. Impartido por el Dr. Antonio Capafons en el COP-CV. A\u00f1o 1997.<\/p>\n<p><strong>Temas que trata:<\/strong><\/p>\n<p>Evaluaci\u00f3n y tratamiento de trastornos de ansiedad, estr\u00e9s, autoestima, habilidades sociales, trastorno de p\u00e1nico, obsesiones, terapia de pareja, problemas de la infancia y adolescencia, depresi\u00f3n&#8230;<\/p>\n<p>Formaci\u00f3n a psic\u00f3logos y estudiantes de psicolog\u00eda.<\/p>\n<p><strong>Datos de contacto:<\/strong><\/p>\n<p>Centro de Psicolog\u00eda Especializada<\/p>\n<p>Valencia (Espa\u00f1a)<\/p>\n<p>Tel\u00e9fono: 963 329 065<\/p>\n<p>E-mail: <a href=\"mailto:masterpsico100@hotmail.com\">masterpsico100@hotmail.com<\/a><\/p>\n","protected":false},"excerpt":{"rendered":"<p>Titulaci\u00f3n universitaria: Licenciada en Psicolog\u00eda por la Universidad de Valencia. Master en Psicolog\u00eda Cl\u00ednica (500 horas). Colegiado: CV-06238\u00a0 Colegio Oficial de Psic\u00f3logos de la Comunidad Valenciana Titulaci\u00f3n o estudios de hipnosis: Curso de Aplicaciones Cl\u00ednicas de la Hipnosis y Terapia de Autorregulaci\u00f3n de 45 horas. Impartido por el Dr. Antonio Capafons en el COP-CV. A\u00f1o &hellip;<\/p>\n","protected":false},"author":12,"featured_media":0,"parent":38,"menu_order":133,"comment_status":"closed","ping_status":"closed","template":"","meta":{"footnotes":""},"categories":[10],"tags":[],"class_list":["post-593","page","type-page","status-publish","hentry","category-noticias"],"_links":{"self":[{"href":"https:\/\/www.grupohipnosiscopcv.es\/wordpress\/wp-json\/wp\/v2\/pages\/593","targetHints":{"allow":["GET"]}}],"collection":[{"href":"https:\/\/www.grupohipnosiscopcv.es\/wordpress\/wp-json\/wp\/v2\/pages"}],"about":[{"href":"https:\/\/www.grupohipnosiscopcv.es\/wordpress\/wp-json\/wp\/v2\/types\/page"}],"author":[{"embeddable":true,"href":"https:\/\/www.grupohipnosiscopcv.es\/wordpress\/wp-json\/wp\/v2\/users\/12"}],"replies":[{"embeddable":true,"href":"https:\/\/www.grupohipnosiscopcv.es\/wordpress\/wp-json\/wp\/v2\/comments?post=593"}],"version-history":[{"count":4,"href":"https:\/\/www.grupohipnosiscopcv.es\/wordpress\/wp-json\/wp\/v2\/pages\/593\/revisions"}],"predecessor-version":[{"id":2072,"href":"https:\/\/www.grupohipnosiscopcv.es\/wordpress\/wp-json\/wp\/v2\/pages\/593\/revisions\/2072"}],"up":[{"embeddable":true,"href":"https:\/\/www.grupohipnosiscopcv.es\/wordpress\/wp-json\/wp\/v2\/pages\/38"}],"wp:attachment":[{"href":"https:\/\/www.grupohipnosiscopcv.es\/wordpress\/wp-json\/wp\/v2\/media?parent=593"}],"wp:term":[{"taxonomy":"category","embeddable":true,"href":"https:\/\/www.grupohipnosiscopcv.es\/wordpress\/wp-json\/wp\/v2\/categories?post=593"},{"taxonomy":"post_tag","embeddable":true,"href":"https:\/\/www.grupohipnosiscopcv.es\/wordpress\/wp-json\/wp\/v2\/tags?post=593"}],"curies":[{"name":"wp","href":"https:\/\/api.w.org\/{rel}","templated":true}]}}