{"id":591,"date":"2010-05-11T12:21:05","date_gmt":"2010-05-11T11:21:05","guid":{"rendered":"http:\/\/www.grupohipnosiscopcv.es\/wordpress\/ramirez-cagigas-ascension\/"},"modified":"2013-08-20T23:02:04","modified_gmt":"2013-08-20T22:02:04","slug":"ramirez-cagigas-ascension","status":"publish","type":"page","link":"https:\/\/www.grupohipnosiscopcv.es\/wordpress\/informacion-para-usuarios\/profesionales-cualificados\/ramirez-cagigas-ascension\/","title":{"rendered":"Ram\u00edrez Cagigas, Ascensi\u00f3n"},"content":{"rendered":"<p><strong>Titulaci\u00f3n universitaria:<\/strong><\/p>\n<p>Licenciada en Psicolog\u00eda. UNED, 1995.<\/p>\n<p><strong>Colegiado:<\/strong><\/p>\n<p>S-02955\u00a0 Colegio Oficial de Psicolog\u00eda de Andaluc\u00eda Occidental<\/p>\n<p><strong>Titulaci\u00f3n o estudios de hipnosis:<\/strong><\/p>\n<p>Especialista Universitario en Hipnosis Cl\u00ednica, UNED, 2005, 1\u00aa Promoci\u00f3n.<\/p>\n<p><strong>Temas que trata:<\/strong><\/p>\n<p>Psicosom\u00e1tica, dolor, \u00e1nimo, ansiedad, tabaquismo.<\/p>\n<p><strong>Datos de contacto:<\/strong><\/p>\n<p>C\/ Manuel Siurot, 9<\/p>\n<p>41701 Dos Hermanas &#8211; Sevilla (Espa\u00f1a)<\/p>\n<p>Tel\u00e9fono 955 675 349<\/p>\n<p>M\u00f3vil 609 566 228<\/p>\n<p><strong>Otros datos:<\/strong><\/p>\n<p>Psicoterapeuta acreditada por la FEAP.<\/p>\n<p>Master en Terapia de Conducta (UNED).<\/p>\n<p>Master en Psicoterapia de Tiempo Limitado y Psicolog\u00eda de la Salud (Instituto Europeo de Psicoterapias de Tiempo Limitado).<\/p>\n","protected":false},"excerpt":{"rendered":"<p>Titulaci\u00f3n universitaria: Licenciada en Psicolog\u00eda. UNED, 1995. Colegiado: S-02955\u00a0 Colegio Oficial de Psicolog\u00eda de Andaluc\u00eda Occidental Titulaci\u00f3n o estudios de hipnosis: Especialista Universitario en Hipnosis Cl\u00ednica, UNED, 2005, 1\u00aa Promoci\u00f3n. Temas que trata: Psicosom\u00e1tica, dolor, \u00e1nimo, ansiedad, tabaquismo. Datos de contacto: C\/ Manuel Siurot, 9 41701 Dos Hermanas &#8211; Sevilla (Espa\u00f1a) Tel\u00e9fono 955 675 349 &hellip;<\/p>\n","protected":false},"author":12,"featured_media":0,"parent":38,"menu_order":132,"comment_status":"closed","ping_status":"closed","template":"","meta":{"footnotes":""},"categories":[10],"tags":[],"class_list":["post-591","page","type-page","status-publish","hentry","category-noticias"],"_links":{"self":[{"href":"https:\/\/www.grupohipnosiscopcv.es\/wordpress\/wp-json\/wp\/v2\/pages\/591","targetHints":{"allow":["GET"]}}],"collection":[{"href":"https:\/\/www.grupohipnosiscopcv.es\/wordpress\/wp-json\/wp\/v2\/pages"}],"about":[{"href":"https:\/\/www.grupohipnosiscopcv.es\/wordpress\/wp-json\/wp\/v2\/types\/page"}],"author":[{"embeddable":true,"href":"https:\/\/www.grupohipnosiscopcv.es\/wordpress\/wp-json\/wp\/v2\/users\/12"}],"replies":[{"embeddable":true,"href":"https:\/\/www.grupohipnosiscopcv.es\/wordpress\/wp-json\/wp\/v2\/comments?post=591"}],"version-history":[{"count":4,"href":"https:\/\/www.grupohipnosiscopcv.es\/wordpress\/wp-json\/wp\/v2\/pages\/591\/revisions"}],"predecessor-version":[{"id":2071,"href":"https:\/\/www.grupohipnosiscopcv.es\/wordpress\/wp-json\/wp\/v2\/pages\/591\/revisions\/2071"}],"up":[{"embeddable":true,"href":"https:\/\/www.grupohipnosiscopcv.es\/wordpress\/wp-json\/wp\/v2\/pages\/38"}],"wp:attachment":[{"href":"https:\/\/www.grupohipnosiscopcv.es\/wordpress\/wp-json\/wp\/v2\/media?parent=591"}],"wp:term":[{"taxonomy":"category","embeddable":true,"href":"https:\/\/www.grupohipnosiscopcv.es\/wordpress\/wp-json\/wp\/v2\/categories?post=591"},{"taxonomy":"post_tag","embeddable":true,"href":"https:\/\/www.grupohipnosiscopcv.es\/wordpress\/wp-json\/wp\/v2\/tags?post=591"}],"curies":[{"name":"wp","href":"https:\/\/api.w.org\/{rel}","templated":true}]}}