{"id":59,"date":"2009-12-30T22:16:28","date_gmt":"2009-12-30T21:16:28","guid":{"rendered":"http:\/\/www.grupohipnosiscopcv.es\/wordpress\/faq\/"},"modified":"2012-01-28T20:56:45","modified_gmt":"2012-01-28T19:56:45","slug":"faq","status":"publish","type":"page","link":"https:\/\/www.grupohipnosiscopcv.es\/wordpress\/informacion-para-usuarios\/faq\/","title":{"rendered":"FAQ"},"content":{"rendered":"<p>En esta p\u00e1gina puede encontrar respondidas las preguntas m\u00e1s frecuentes que la gente se suele hacer acerca de la hipnosis. Asimismo, le recomendamos que visite nuestra p\u00e1gina de <a href=\"http:\/\/www.grupohipnosiscopcv.es\/wordpress\/informacion-para-usuarios\/consultas\/\">Consultas<\/a>, donde est\u00e1n respondidas las preguntas enviadas por e-mail a Grupo de Trabajo.<\/p>\n<p><strong>\u00bfQui\u00e9n puede tratar con hipnosis cl\u00ednica?<\/strong><\/p>\n<p>Aquellos profesionales de la salud (psic\u00f3logos, m\u00e9dicos, dentistas, etc.) que tengan formaci\u00f3n espec\u00edfica en el uso de este conjunto de t\u00e9cnicas. Normalmente, estos profesionales se anuncian con su n\u00famero de colegiado que avala que tienen la titulaci\u00f3n requerida para ejercer como tales, y tambi\u00e9n a\u00f1aden d\u00f3nde se han formado para el correcto uso de la hipnosis. Es aconsejable que los estudios de capacitaci\u00f3n en el uso de la hipnosis se hayan cursado en universidades y colegios oficiales de profesionales (de psic\u00f3logos, m\u00e9dicos, etc.). Desconf\u00ede de aquellos supuestos profesionales que se anuncian como hipnoterapeutas, t\u00e9cnicos en regresiones hipn\u00f3ticas o hipn\u00f3logos, aunque en sus credenciales incluyan estudios en EE.UU. y la pertenencia a asociaciones internacionales. Un colega nuestro consigui\u00f3 que su \u00a1GATO! Obtuviera un t\u00edtulo en EE.UU. de experto en hipnosis cl\u00ednica\u2026 Los hipnoterapeutas legos (aquellos que no poseen una formaci\u00f3n profesional espec\u00edfica, ni una base cient\u00edfica de la hipnosis que usan) se organizan en asociaciones internacionales para garantizar su permanencia e incrementar su prestigio cara al usuario, aunque su formaci\u00f3n cient\u00edfica sea endeble o simplemente nula.<\/p>\n<p><strong>\u00bfEs la hipnosis una terapia?<\/strong><\/p>\n<p>No, la hipnosis no es un tipo de psicoterapia o tratamiento psicol\u00f3gico en s\u00ed misma. La hipnosis cl\u00ednica abarca un conjunto de t\u00e9cnicas que se utilizan junto a otras t\u00e9cnicas y tratamientos que son los realmente imprescindibles para que la persona mejore. La hipnosis cl\u00ednica es \u00fatil para facilitar y mejorar la eficacia de la intervenci\u00f3n. Por s\u00ed misma o usada como \u00fanico tratamiento no suele ser muy \u00fatil, tal como indican las investigaciones cient\u00edficas.<br \/>\n<strong>\u00bfPara qu\u00e9 se puede utilizar la hipnosis cl\u00ednica?<\/strong><\/p>\n<p>La hipnosis se utiliza en el tratamiento de la ansiedad, la depresi\u00f3n, el tabaquismo, el control de h\u00e1bitos, el dolor cr\u00f3nico y otros muchos problemas psicol\u00f3gicos. Tambi\u00e9n se utiliza en medicina, en dermatolog\u00eda, en el control del dolor, en anestesia y cirug\u00eda, etc. Sin embargo, puede no ser \u00fatil para todos los problemas psicol\u00f3gicos o m\u00e9dicos, ni para todos los pacientes. Por lo tanto, la decisi\u00f3n de su uso debe basarse en la evaluaci\u00f3n y opini\u00f3n de un profesional formado en el uso y las limitaciones de la hipnosis cl\u00ednica.<\/p>\n<p><strong>\u00bfDe cu\u00e1ntas sesiones requiere un tratamiento con hipnosis?<\/strong><\/p>\n<p>El n\u00famero de sesiones de un tratamiento que incorpora la hipnosis variar\u00e1 dependiendo de la naturaleza y la gravedad del problema. Aunque la hipnosis suele acelerar y facilitar los resultados del tratamiento, no es lo habitual que en una sola sesi\u00f3n de hipnosis se resuelva el problema, y menos a\u00fan sin el apoyo de otras estrategias terap\u00e9uticas.<\/p>\n<p><strong>\u00bfPuedo aprender a hipnotizarme a m\u00ed mismo\/a?<\/strong><\/p>\n<p>Toda hipnosis es una forma de auto-hipnosis, puesto que la capacidad para hipnotizarse la tiene la persona, no el hipnotizador. Adem\u00e1s, el profesional ense\u00f1ar\u00e1 a su cliente, siempre que sea posible, a manejar las t\u00e9cnicas hipn\u00f3ticas m\u00e1s apropiadas para su problema, junto con otras estrategias terap\u00e9uticas. As\u00ed, una vez aprendidas, el cliente podr\u00e1 disponer de estas t\u00e9cnicas siempre que las necesite sin tener que recurrir al terapeuta.<br \/>\n<strong> \u00bfSe pierde el control de uno mismo\/a bajo hipnosis quedando en manos del hipnotizador?<\/strong><\/p>\n<p>Dado que la hipnosis es una t\u00e9cnica que se utiliza para el incremento del auto-control, las personas hipnotizadas, no s\u00f3lo perciben todo lo que ocurre durante la sesi\u00f3n de hipnosis, sino que mantienen el control de su conducta, pudiendo ignorar a voluntad cualquier sugesti\u00f3n que no les guste o agrade, as\u00ed como aceptar aquellas que quieran. Son muy pocas las personas que pierden la noci\u00f3n de donde est\u00e1n o que no recuerdan lo que les sucedi\u00f3 bajo hipnosis, y tambi\u00e9n les pasa en otras facetas de su vida cotidiana (por ejemplo, cuando practican relajaci\u00f3n). Por ello, el profesional utilizar\u00e1 las sugestiones terap\u00e9uticas que considere oportunas para cada persona, y ense\u00f1ar\u00e1 al usuario a construir las sugestiones y a auto-hipnotizarse. As\u00ed, no es la labor del profesional \u201ccontrolar\u201d al cliente, sino ense\u00f1arle a tener m\u00e1s auto-control sobre aquellas conductas que son problem\u00e1ticas para \u00e9l o ella.<\/p>\n<p><strong>Las personas hipnotizadas, \u00bfsiempre dicen la verdad?<\/strong><\/p>\n<p>Ya que la persona hipnotizada mantiene el control de lo que le ocurre en todo momento, no revelar\u00e1 ninguna informaci\u00f3n que no revelar\u00eda fuera de hipnosis y, por tanto, puede mentir a voluntad. La hipnosis no es la m\u00e1quina de la verdad, y, puesto que es \u00fatil para incrementar el auto-control, incluso podr\u00eda facilitar la capacidad de una persona para mentir.<\/p>\n<p><strong>Estando bajo hipnosis, \u00bfpuedo recordar eventos del pasado que tengo olvidados porque est\u00e1n \u201creprimidos\u201d, disociados u ocultos en mi inconsciente? \u00bfEs terap\u00e9utico recordarlos?<\/strong><\/p>\n<p>La hipnosis no es m\u00e1s eficaz para incrementar la memoria que cualquier otra t\u00e9cnica, a la hora de aumentar la cantidad y precisi\u00f3n del recuerdo. Pero, lo malo es que s\u00ed se ha comprobado que la persona que supuestamente recuerda sucesos bajo hipnosis cree con m\u00e1s confianza en su veracidad, a\u00fan no siendo reales, lo que puede llevarle a generar falsos recuerdos. El recuperar recuerdos de eventos pasados no ha demostrado ser terap\u00e9utico, sin embargo, los falsos recuerdos s\u00ed se ha comprobado que tienen efectos negativos, especialmente cuando se recuerdan cosas como haber sido abusado sexualmente en la infancia, haber sido abducido por extraterrestres, o haber sufrido rituales sat\u00e1nicos. La investigaci\u00f3n cient\u00edfica indica que, actualmente, no hay forma de distinguir cu\u00e1ndo un recuerdo es verdadero de cu\u00e1ndo es falso. La persona puede dar muchos detalles, sintiendo mucho dolor psicol\u00f3gico, etc., y el recuerdo ser falso. Cuando una persona ha recibido sugestiones de regresi\u00f3n hipn\u00f3tica, no recuerda ni m\u00e1s ni mejor lo que le pas\u00f3 a la edad a la que supuestamente se le ha enviado. Ni siquiera est\u00e1 de verdad re-viviendo esa edad, sino que act\u00faa conforme cree que actuaba en aquella \u00e9poca. Recuerdos previos a los dos a\u00f1os de edad deben tomarse m\u00e1s como creaciones e interpretaciones por parte de nuestro cerebro, que como recuerdos verdaderos, ya que nuestras neuronas no est\u00e1n maduras para almacenar y recuperar correctamente la informaci\u00f3n. Por tanto, el uso de la hipnosis para mejorar el recuerdo o recuperar la memoria de sucesos supuestamente olvidados est\u00e1 completamente desaconsejado.<\/p>\n<p><strong>\u00bfEs posible utilizar la regresi\u00f3n hipn\u00f3tica para ir a \u201cvidas pasadas\u201d?<\/strong><\/p>\n<p>Tal como se indica en el apartado anterior, la investigaci\u00f3n sobre este tema indica que las personas hipnotizadas no regresan realmente a momentos previos de su vida, por lo que es a\u00fan m\u00e1s dif\u00edcil aceptar que lo hagan a vidas pasadas, puesto que ni si siquiera se tiene prueba alguna de que existan. Las personas que indican haber regresado a vidas pasadas suelen dar informaci\u00f3n sobre esas vidas que es, casi siempre, incorrecta al ser contrastada. Las experiencias que cuentan estas personas son normalmente fantas\u00edas elaboradas a partir de los conocimientos culturales disponibles sobre determinadas \u00e9pocas hist\u00f3ricas. M\u00e1s a\u00fan, no hay ninguna evidencia cient\u00edfica que muestre que las terapias de regresi\u00f3n a vidas pasadas sean eficaces, mientras que pueden abrir la puerta a todo tipo de creencias sobre la hipnosis y el m\u00e1s all\u00e1, altamente iatrog\u00e9nicas (que generan problemas), como creencias en m\u00e9diums, contacto con los esp\u00edritus, etc. La experiencia indica que mantener estas creencias puede favorecen delirios paranoides, supersticiones sobre males de ojo, maleficios, posesiones demon\u00edacas, etc., que suelen alterar el \u00e1nimo y la vida de la persona. Por tanto, el uso de la hipnosis para volver a vidas pasadas est\u00e1 desaconsejado y carece de valor terap\u00e9utico.<\/p>\n","protected":false},"excerpt":{"rendered":"<p>En esta p\u00e1gina puede encontrar respondidas las preguntas m\u00e1s frecuentes que la gente se suele hacer acerca de la hipnosis. Asimismo, le recomendamos que visite nuestra p\u00e1gina de Consultas, donde est\u00e1n respondidas las preguntas enviadas por e-mail a Grupo de Trabajo. \u00bfQui\u00e9n puede tratar con hipnosis cl\u00ednica? Aquellos profesionales de la salud (psic\u00f3logos, m\u00e9dicos, dentistas, &hellip;<\/p>\n","protected":false},"author":12,"featured_media":0,"parent":27,"menu_order":3,"comment_status":"closed","ping_status":"closed","template":"","meta":{"footnotes":""},"categories":[10],"tags":[],"class_list":["post-59","page","type-page","status-publish","hentry","category-noticias"],"_links":{"self":[{"href":"https:\/\/www.grupohipnosiscopcv.es\/wordpress\/wp-json\/wp\/v2\/pages\/59","targetHints":{"allow":["GET"]}}],"collection":[{"href":"https:\/\/www.grupohipnosiscopcv.es\/wordpress\/wp-json\/wp\/v2\/pages"}],"about":[{"href":"https:\/\/www.grupohipnosiscopcv.es\/wordpress\/wp-json\/wp\/v2\/types\/page"}],"author":[{"embeddable":true,"href":"https:\/\/www.grupohipnosiscopcv.es\/wordpress\/wp-json\/wp\/v2\/users\/12"}],"replies":[{"embeddable":true,"href":"https:\/\/www.grupohipnosiscopcv.es\/wordpress\/wp-json\/wp\/v2\/comments?post=59"}],"version-history":[{"count":9,"href":"https:\/\/www.grupohipnosiscopcv.es\/wordpress\/wp-json\/wp\/v2\/pages\/59\/revisions"}],"predecessor-version":[{"id":60,"href":"https:\/\/www.grupohipnosiscopcv.es\/wordpress\/wp-json\/wp\/v2\/pages\/59\/revisions\/60"}],"up":[{"embeddable":true,"href":"https:\/\/www.grupohipnosiscopcv.es\/wordpress\/wp-json\/wp\/v2\/pages\/27"}],"wp:attachment":[{"href":"https:\/\/www.grupohipnosiscopcv.es\/wordpress\/wp-json\/wp\/v2\/media?parent=59"}],"wp:term":[{"taxonomy":"category","embeddable":true,"href":"https:\/\/www.grupohipnosiscopcv.es\/wordpress\/wp-json\/wp\/v2\/categories?post=59"},{"taxonomy":"post_tag","embeddable":true,"href":"https:\/\/www.grupohipnosiscopcv.es\/wordpress\/wp-json\/wp\/v2\/tags?post=59"}],"curies":[{"name":"wp","href":"https:\/\/api.w.org\/{rel}","templated":true}]}}