{"id":587,"date":"2010-05-11T12:19:07","date_gmt":"2010-05-11T11:19:07","guid":{"rendered":"http:\/\/www.grupohipnosiscopcv.es\/wordpress\/?page_id=587"},"modified":"2013-08-20T23:02:04","modified_gmt":"2013-08-20T22:02:04","slug":"pellicer-asensio-xavier","status":"publish","type":"page","link":"https:\/\/www.grupohipnosiscopcv.es\/wordpress\/informacion-para-usuarios\/profesionales-cualificados\/pellicer-asensio-xavier\/","title":{"rendered":"Pellicer Asensio, Xavier"},"content":{"rendered":"<p><strong>Titulaci\u00f3n universitaria:<\/strong><\/p>\n<p>Licenciado en Psicolog\u00eda (1983).<\/p>\n<p>Doctor en Psicolog\u00eda (1991), Universidad de Barcelona.<br \/>\nPsic\u00f3logo Especialista en Psicolog\u00eda Cl\u00ednica.<\/p>\n<p><strong>Colegiado:<\/strong><\/p>\n<p>648\u00a0 Colegio Oficial de Psic\u00f3logos de Catalunya<\/p>\n<p><strong>Titulaci\u00f3n o estudios de hipnosis:<\/strong><\/p>\n<p>Curso de 40 horas con Jos\u00e9 Mir Rocafort. Barcelona, 1981.<\/p>\n<p>Seminario \u00abClinical Hypnosis and Behavioral Medicine\u00bb. Impartido por Gary R. Elkins &amp; Charles P. Colosimo. International Society of Hypnosis. La Haya. Agosto, 1988.<\/p>\n<p>Seminario \u00abClinical Hypnosis and Sexual Disfunction\u00bb. Impartido por William C. Wester &amp; Charles C. Guyer. International Society of Hipnosis. La Haya. Agosto, 1988.<\/p>\n<p>Actualmente profesor del curso de postgrado \u00abHipnosis Cl\u00ednica\u00bb de la Universidad de Barcelona, y otras labores docentes en hipnosis y en TCC.<\/p>\n<p><strong>Temas que trata:<\/strong><\/p>\n<p>T. ansiedad, depresi\u00f3n, trastornos psicosom\u00e1ticos, disfunciones sexuales, terapia de pareja.<\/p>\n<p><strong>Datos de contacto:<\/strong><\/p>\n<p>Centro M\u00e9dico Teknon<\/p>\n<p>C\/ Marquesa de Villalonga, 12. despacho 56<\/p>\n<p>08017 Barcelona (Espa\u00f1a)<\/p>\n<p>Tel\u00e9fono 93 290 64 56<\/p>\n<p><strong>Otros datos:<\/strong><\/p>\n<p>E-mail: pellicer@copc.es<\/p>\n<p>Web: <a href=\"http:\/\/www.xpellicer.com\">www.xpellicer.com<\/a><\/p>\n","protected":false},"excerpt":{"rendered":"<p>Titulaci\u00f3n universitaria: Licenciado en Psicolog\u00eda (1983). Doctor en Psicolog\u00eda (1991), Universidad de Barcelona. Psic\u00f3logo Especialista en Psicolog\u00eda Cl\u00ednica. Colegiado: 648\u00a0 Colegio Oficial de Psic\u00f3logos de Catalunya Titulaci\u00f3n o estudios de hipnosis: Curso de 40 horas con Jos\u00e9 Mir Rocafort. Barcelona, 1981. Seminario \u00abClinical Hypnosis and Behavioral Medicine\u00bb. Impartido por Gary R. Elkins &amp; Charles P. &hellip;<\/p>\n","protected":false},"author":12,"featured_media":0,"parent":38,"menu_order":127,"comment_status":"closed","ping_status":"closed","template":"","meta":{"footnotes":""},"categories":[10],"tags":[],"class_list":["post-587","page","type-page","status-publish","hentry","category-noticias"],"_links":{"self":[{"href":"https:\/\/www.grupohipnosiscopcv.es\/wordpress\/wp-json\/wp\/v2\/pages\/587","targetHints":{"allow":["GET"]}}],"collection":[{"href":"https:\/\/www.grupohipnosiscopcv.es\/wordpress\/wp-json\/wp\/v2\/pages"}],"about":[{"href":"https:\/\/www.grupohipnosiscopcv.es\/wordpress\/wp-json\/wp\/v2\/types\/page"}],"author":[{"embeddable":true,"href":"https:\/\/www.grupohipnosiscopcv.es\/wordpress\/wp-json\/wp\/v2\/users\/12"}],"replies":[{"embeddable":true,"href":"https:\/\/www.grupohipnosiscopcv.es\/wordpress\/wp-json\/wp\/v2\/comments?post=587"}],"version-history":[{"count":7,"href":"https:\/\/www.grupohipnosiscopcv.es\/wordpress\/wp-json\/wp\/v2\/pages\/587\/revisions"}],"predecessor-version":[{"id":2068,"href":"https:\/\/www.grupohipnosiscopcv.es\/wordpress\/wp-json\/wp\/v2\/pages\/587\/revisions\/2068"}],"up":[{"embeddable":true,"href":"https:\/\/www.grupohipnosiscopcv.es\/wordpress\/wp-json\/wp\/v2\/pages\/38"}],"wp:attachment":[{"href":"https:\/\/www.grupohipnosiscopcv.es\/wordpress\/wp-json\/wp\/v2\/media?parent=587"}],"wp:term":[{"taxonomy":"category","embeddable":true,"href":"https:\/\/www.grupohipnosiscopcv.es\/wordpress\/wp-json\/wp\/v2\/categories?post=587"},{"taxonomy":"post_tag","embeddable":true,"href":"https:\/\/www.grupohipnosiscopcv.es\/wordpress\/wp-json\/wp\/v2\/tags?post=587"}],"curies":[{"name":"wp","href":"https:\/\/api.w.org\/{rel}","templated":true}]}}