{"id":585,"date":"2010-05-11T12:17:51","date_gmt":"2010-05-11T11:17:51","guid":{"rendered":"http:\/\/www.grupohipnosiscopcv.es\/wordpress\/?page_id=585"},"modified":"2013-08-20T23:02:04","modified_gmt":"2013-08-20T22:02:04","slug":"moreno-ferrero-manuel-jose","status":"publish","type":"page","link":"https:\/\/www.grupohipnosiscopcv.es\/wordpress\/informacion-para-usuarios\/profesionales-cualificados\/moreno-ferrero-manuel-jose\/","title":{"rendered":"Moreno Ferrero, Manuel Jos\u00e9"},"content":{"rendered":"<p><strong>Titulaci\u00f3n universitaria:<\/strong><\/p>\n<p>Licenciado en Psicolog\u00eda<\/p>\n<p><strong>Colegiado:<\/strong><\/p>\n<p>O-02024<\/p>\n<p><strong>Titulaci\u00f3n o estudios de hipnosis:<\/strong><\/p>\n<p>Especialista Universitario en hipnosis Cl\u00ednica por la UNED<\/p>\n<p><strong>Temas que trata:<\/strong><\/p>\n<p>Cl\u00ednica general<\/p>\n<p><strong>Datos de contacto:<\/strong><\/p>\n<p>C\/ Nore\u00f1a N\u00ba 1 \u2013 9\u00ba B<\/p>\n<p>33208 \u2013 Gij\u00f3n\u00a0&#8211; Principado de Asturias (Espa\u00f1a)<\/p>\n<p>Tel\u00e9fonos:\u00a0 984 19 33 51\u00a0 &#8211;\u00a0\u00a0 670 57 87 66<\/p>\n<p>E-mail: <a href=\"mailto:mjomoreno@cop.es\">mjomoreno@cop.es<\/a><\/p>\n","protected":false},"excerpt":{"rendered":"<p>Titulaci\u00f3n universitaria: Licenciado en Psicolog\u00eda Colegiado: O-02024 Titulaci\u00f3n o estudios de hipnosis: Especialista Universitario en hipnosis Cl\u00ednica por la UNED Temas que trata: Cl\u00ednica general Datos de contacto: C\/ Nore\u00f1a N\u00ba 1 \u2013 9\u00ba B 33208 \u2013 Gij\u00f3n\u00a0&#8211; Principado de Asturias (Espa\u00f1a) Tel\u00e9fonos:\u00a0 984 19 33 51\u00a0 &#8211;\u00a0\u00a0 670 57 87 66 E-mail: mjomoreno@cop.es<\/p>\n","protected":false},"author":12,"featured_media":0,"parent":38,"menu_order":126,"comment_status":"closed","ping_status":"closed","template":"","meta":{"footnotes":""},"categories":[10],"tags":[],"class_list":["post-585","page","type-page","status-publish","hentry","category-noticias"],"_links":{"self":[{"href":"https:\/\/www.grupohipnosiscopcv.es\/wordpress\/wp-json\/wp\/v2\/pages\/585","targetHints":{"allow":["GET"]}}],"collection":[{"href":"https:\/\/www.grupohipnosiscopcv.es\/wordpress\/wp-json\/wp\/v2\/pages"}],"about":[{"href":"https:\/\/www.grupohipnosiscopcv.es\/wordpress\/wp-json\/wp\/v2\/types\/page"}],"author":[{"embeddable":true,"href":"https:\/\/www.grupohipnosiscopcv.es\/wordpress\/wp-json\/wp\/v2\/users\/12"}],"replies":[{"embeddable":true,"href":"https:\/\/www.grupohipnosiscopcv.es\/wordpress\/wp-json\/wp\/v2\/comments?post=585"}],"version-history":[{"count":4,"href":"https:\/\/www.grupohipnosiscopcv.es\/wordpress\/wp-json\/wp\/v2\/pages\/585\/revisions"}],"predecessor-version":[{"id":2067,"href":"https:\/\/www.grupohipnosiscopcv.es\/wordpress\/wp-json\/wp\/v2\/pages\/585\/revisions\/2067"}],"up":[{"embeddable":true,"href":"https:\/\/www.grupohipnosiscopcv.es\/wordpress\/wp-json\/wp\/v2\/pages\/38"}],"wp:attachment":[{"href":"https:\/\/www.grupohipnosiscopcv.es\/wordpress\/wp-json\/wp\/v2\/media?parent=585"}],"wp:term":[{"taxonomy":"category","embeddable":true,"href":"https:\/\/www.grupohipnosiscopcv.es\/wordpress\/wp-json\/wp\/v2\/categories?post=585"},{"taxonomy":"post_tag","embeddable":true,"href":"https:\/\/www.grupohipnosiscopcv.es\/wordpress\/wp-json\/wp\/v2\/tags?post=585"}],"curies":[{"name":"wp","href":"https:\/\/api.w.org\/{rel}","templated":true}]}}