{"id":583,"date":"2010-05-11T12:16:40","date_gmt":"2010-05-11T11:16:40","guid":{"rendered":"http:\/\/www.grupohipnosiscopcv.es\/wordpress\/?page_id=583"},"modified":"2013-08-20T23:02:04","modified_gmt":"2013-08-20T22:02:04","slug":"morales-homar-guillermo","status":"publish","type":"page","link":"https:\/\/www.grupohipnosiscopcv.es\/wordpress\/informacion-para-usuarios\/profesionales-cualificados\/morales-homar-guillermo\/","title":{"rendered":"Morales Homar, Guillermo"},"content":{"rendered":"<p><strong>Titulaci\u00f3n universitaria:<\/strong><\/p>\n<p>Licenciado en Psicolog\u00eda.<\/p>\n<p><strong>Titulaci\u00f3n o estudios de hipnosis:<\/strong><\/p>\n<p>Especialista Universitario en Hipnosis, UCM.<\/p>\n<p><strong>Temas que trata:<\/strong><\/p>\n<p>Trastornos de ansiedad, trastornos derivados del maltrato infantil, adicciones, formaci\u00f3n de otros profesionales.<\/p>\n<p><strong>Datos de contacto:<\/strong><\/p>\n<p>Palma de Mallorca (Espa\u00f1a)<\/p>\n<p>E-mail: <a href=\"mailto:guillemorales@ono.com\">guillemorales@ono.com<\/a><\/p>\n","protected":false},"excerpt":{"rendered":"<p>Titulaci\u00f3n universitaria: Licenciado en Psicolog\u00eda. Titulaci\u00f3n o estudios de hipnosis: Especialista Universitario en Hipnosis, UCM. Temas que trata: Trastornos de ansiedad, trastornos derivados del maltrato infantil, adicciones, formaci\u00f3n de otros profesionales. Datos de contacto: Palma de Mallorca (Espa\u00f1a) E-mail: guillemorales@ono.com<\/p>\n","protected":false},"author":12,"featured_media":0,"parent":38,"menu_order":125,"comment_status":"closed","ping_status":"closed","template":"","meta":{"footnotes":""},"categories":[10],"tags":[],"class_list":["post-583","page","type-page","status-publish","hentry","category-noticias"],"_links":{"self":[{"href":"https:\/\/www.grupohipnosiscopcv.es\/wordpress\/wp-json\/wp\/v2\/pages\/583","targetHints":{"allow":["GET"]}}],"collection":[{"href":"https:\/\/www.grupohipnosiscopcv.es\/wordpress\/wp-json\/wp\/v2\/pages"}],"about":[{"href":"https:\/\/www.grupohipnosiscopcv.es\/wordpress\/wp-json\/wp\/v2\/types\/page"}],"author":[{"embeddable":true,"href":"https:\/\/www.grupohipnosiscopcv.es\/wordpress\/wp-json\/wp\/v2\/users\/12"}],"replies":[{"embeddable":true,"href":"https:\/\/www.grupohipnosiscopcv.es\/wordpress\/wp-json\/wp\/v2\/comments?post=583"}],"version-history":[{"count":5,"href":"https:\/\/www.grupohipnosiscopcv.es\/wordpress\/wp-json\/wp\/v2\/pages\/583\/revisions"}],"predecessor-version":[{"id":2430,"href":"https:\/\/www.grupohipnosiscopcv.es\/wordpress\/wp-json\/wp\/v2\/pages\/583\/revisions\/2430"}],"up":[{"embeddable":true,"href":"https:\/\/www.grupohipnosiscopcv.es\/wordpress\/wp-json\/wp\/v2\/pages\/38"}],"wp:attachment":[{"href":"https:\/\/www.grupohipnosiscopcv.es\/wordpress\/wp-json\/wp\/v2\/media?parent=583"}],"wp:term":[{"taxonomy":"category","embeddable":true,"href":"https:\/\/www.grupohipnosiscopcv.es\/wordpress\/wp-json\/wp\/v2\/categories?post=583"},{"taxonomy":"post_tag","embeddable":true,"href":"https:\/\/www.grupohipnosiscopcv.es\/wordpress\/wp-json\/wp\/v2\/tags?post=583"}],"curies":[{"name":"wp","href":"https:\/\/api.w.org\/{rel}","templated":true}]}}