{"id":581,"date":"2010-05-11T12:15:23","date_gmt":"2010-05-11T11:15:23","guid":{"rendered":"http:\/\/www.grupohipnosiscopcv.es\/wordpress\/?page_id=581"},"modified":"2013-08-20T23:02:04","modified_gmt":"2013-08-20T22:02:04","slug":"montaner-juan","status":"publish","type":"page","link":"https:\/\/www.grupohipnosiscopcv.es\/wordpress\/informacion-para-usuarios\/profesionales-cualificados\/montaner-juan\/","title":{"rendered":"Montaner, Juan"},"content":{"rendered":"<p><strong>Titulaci\u00f3n universitaria:<\/strong><\/p>\n<p>Psic\u00f3logo.<\/p>\n<p><strong>Colegiado:<\/strong><\/p>\n<p>CV 06223\u00a0 Colegio Oficial de Psic\u00f3logos de la Comunidad Valenciana<\/p>\n<p><strong>Titulaci\u00f3n o estudios de hipnosis:<\/strong><\/p>\n<p>Cursos de formaci\u00f3n del COP Valencia y con Antonio Capafons.<\/p>\n<p><strong>Temas que trata:<\/strong><\/p>\n<p>Ansiedad, depresi\u00f3n, estr\u00e9s, adicciones, estudio, trastornos alimentaci\u00f3n, etc.<\/p>\n<p><strong>Datos de contacto:<\/strong><\/p>\n<p>Valencia (Espa\u00f1a)<\/p>\n<p>Tel\u00e9fono 619 053 140<\/p>\n","protected":false},"excerpt":{"rendered":"<p>Titulaci\u00f3n universitaria: Psic\u00f3logo. Colegiado: CV 06223\u00a0 Colegio Oficial de Psic\u00f3logos de la Comunidad Valenciana Titulaci\u00f3n o estudios de hipnosis: Cursos de formaci\u00f3n del COP Valencia y con Antonio Capafons. Temas que trata: Ansiedad, depresi\u00f3n, estr\u00e9s, adicciones, estudio, trastornos alimentaci\u00f3n, etc. Datos de contacto: Valencia (Espa\u00f1a) Tel\u00e9fono 619 053 140<\/p>\n","protected":false},"author":12,"featured_media":0,"parent":38,"menu_order":122,"comment_status":"closed","ping_status":"closed","template":"","meta":{"footnotes":""},"categories":[10],"tags":[],"class_list":["post-581","page","type-page","status-publish","hentry","category-noticias"],"_links":{"self":[{"href":"https:\/\/www.grupohipnosiscopcv.es\/wordpress\/wp-json\/wp\/v2\/pages\/581","targetHints":{"allow":["GET"]}}],"collection":[{"href":"https:\/\/www.grupohipnosiscopcv.es\/wordpress\/wp-json\/wp\/v2\/pages"}],"about":[{"href":"https:\/\/www.grupohipnosiscopcv.es\/wordpress\/wp-json\/wp\/v2\/types\/page"}],"author":[{"embeddable":true,"href":"https:\/\/www.grupohipnosiscopcv.es\/wordpress\/wp-json\/wp\/v2\/users\/12"}],"replies":[{"embeddable":true,"href":"https:\/\/www.grupohipnosiscopcv.es\/wordpress\/wp-json\/wp\/v2\/comments?post=581"}],"version-history":[{"count":4,"href":"https:\/\/www.grupohipnosiscopcv.es\/wordpress\/wp-json\/wp\/v2\/pages\/581\/revisions"}],"predecessor-version":[{"id":2064,"href":"https:\/\/www.grupohipnosiscopcv.es\/wordpress\/wp-json\/wp\/v2\/pages\/581\/revisions\/2064"}],"up":[{"embeddable":true,"href":"https:\/\/www.grupohipnosiscopcv.es\/wordpress\/wp-json\/wp\/v2\/pages\/38"}],"wp:attachment":[{"href":"https:\/\/www.grupohipnosiscopcv.es\/wordpress\/wp-json\/wp\/v2\/media?parent=581"}],"wp:term":[{"taxonomy":"category","embeddable":true,"href":"https:\/\/www.grupohipnosiscopcv.es\/wordpress\/wp-json\/wp\/v2\/categories?post=581"},{"taxonomy":"post_tag","embeddable":true,"href":"https:\/\/www.grupohipnosiscopcv.es\/wordpress\/wp-json\/wp\/v2\/tags?post=581"}],"curies":[{"name":"wp","href":"https:\/\/api.w.org\/{rel}","templated":true}]}}