{"id":579,"date":"2010-05-11T12:14:13","date_gmt":"2010-05-11T11:14:13","guid":{"rendered":"http:\/\/www.grupohipnosiscopcv.es\/wordpress\/?page_id=579"},"modified":"2013-08-20T23:02:03","modified_gmt":"2013-08-20T22:02:03","slug":"molina-fernandez-cristina","status":"publish","type":"page","link":"https:\/\/www.grupohipnosiscopcv.es\/wordpress\/informacion-para-usuarios\/profesionales-cualificados\/molina-fernandez-cristina\/","title":{"rendered":"Molina Fern\u00e1ndez, Cristina"},"content":{"rendered":"<p><strong>Titulaci\u00f3n universitaria:<\/strong><\/p>\n<p>Licenciada en Psicolog\u00eda.<\/p>\n<p><strong>Colegiado:<\/strong><\/p>\n<p>CV-4699\u00a0 Colegio Oficial de Psic\u00f3logos de la Comunidad Valenciana<\/p>\n<p><strong>Titulaci\u00f3n o estudios de hipnosis:<\/strong><\/p>\n<p>Introducci\u00f3n a la Hipnosis Cl\u00ednica, COP-CV.<\/p>\n<p>La Hipnosis y sus aplicaciones cl\u00ednicas: desarrollo y profundizaci\u00f3n, COP-CV.<\/p>\n<p>Hipnosis para en el alivio del dolor y deontolog\u00eda, COP-CV<\/p>\n<p>Hipnosis en el tratamiento del dolor, COP-CV.<\/p>\n<p>Hipnosis en los trastornos alimentarios, COP-CV.<\/p>\n<p>Hipnosis para trastornos postraum\u00e1ticos, COP-CV<\/p>\n<p><strong>Temas que trata:<\/strong><\/p>\n<p>Ansiedad, fobias, ataques de p\u00e1nico, trastorno obsesivo-compulsivo, hipocondria, estr\u00e9s, estr\u00e9s postraum\u00e1tico, asertividad y habilidades sociales, autoestima, depresi\u00f3n, duelo, problemas de pareja, infertilidad, tabaquismo y obesidad.<\/p>\n<p><strong>Datos de contacto:<\/strong><\/p>\n<p>CEPSIS<\/p>\n<p>C\/ Ribera, 14 &#8211; 10C<\/p>\n<p>Valencia (Espa\u00f1a)<\/p>\n<p>Tel\u00e9fonos: 96 352 14 36 \u2013 606 69 39 62<\/p>\n","protected":false},"excerpt":{"rendered":"<p>Titulaci\u00f3n universitaria: Licenciada en Psicolog\u00eda. Colegiado: CV-4699\u00a0 Colegio Oficial de Psic\u00f3logos de la Comunidad Valenciana Titulaci\u00f3n o estudios de hipnosis: Introducci\u00f3n a la Hipnosis Cl\u00ednica, COP-CV. La Hipnosis y sus aplicaciones cl\u00ednicas: desarrollo y profundizaci\u00f3n, COP-CV. Hipnosis para en el alivio del dolor y deontolog\u00eda, COP-CV Hipnosis en el tratamiento del dolor, COP-CV. Hipnosis en &hellip;<\/p>\n","protected":false},"author":12,"featured_media":0,"parent":38,"menu_order":121,"comment_status":"closed","ping_status":"closed","template":"","meta":{"footnotes":""},"categories":[10],"tags":[],"class_list":["post-579","page","type-page","status-publish","hentry","category-noticias"],"_links":{"self":[{"href":"https:\/\/www.grupohipnosiscopcv.es\/wordpress\/wp-json\/wp\/v2\/pages\/579","targetHints":{"allow":["GET"]}}],"collection":[{"href":"https:\/\/www.grupohipnosiscopcv.es\/wordpress\/wp-json\/wp\/v2\/pages"}],"about":[{"href":"https:\/\/www.grupohipnosiscopcv.es\/wordpress\/wp-json\/wp\/v2\/types\/page"}],"author":[{"embeddable":true,"href":"https:\/\/www.grupohipnosiscopcv.es\/wordpress\/wp-json\/wp\/v2\/users\/12"}],"replies":[{"embeddable":true,"href":"https:\/\/www.grupohipnosiscopcv.es\/wordpress\/wp-json\/wp\/v2\/comments?post=579"}],"version-history":[{"count":5,"href":"https:\/\/www.grupohipnosiscopcv.es\/wordpress\/wp-json\/wp\/v2\/pages\/579\/revisions"}],"predecessor-version":[{"id":2063,"href":"https:\/\/www.grupohipnosiscopcv.es\/wordpress\/wp-json\/wp\/v2\/pages\/579\/revisions\/2063"}],"up":[{"embeddable":true,"href":"https:\/\/www.grupohipnosiscopcv.es\/wordpress\/wp-json\/wp\/v2\/pages\/38"}],"wp:attachment":[{"href":"https:\/\/www.grupohipnosiscopcv.es\/wordpress\/wp-json\/wp\/v2\/media?parent=579"}],"wp:term":[{"taxonomy":"category","embeddable":true,"href":"https:\/\/www.grupohipnosiscopcv.es\/wordpress\/wp-json\/wp\/v2\/categories?post=579"},{"taxonomy":"post_tag","embeddable":true,"href":"https:\/\/www.grupohipnosiscopcv.es\/wordpress\/wp-json\/wp\/v2\/tags?post=579"}],"curies":[{"name":"wp","href":"https:\/\/api.w.org\/{rel}","templated":true}]}}