{"id":577,"date":"2010-05-11T12:12:42","date_gmt":"2010-05-11T11:12:42","guid":{"rendered":"http:\/\/www.grupohipnosiscopcv.es\/wordpress\/?page_id=577"},"modified":"2013-08-20T23:02:03","modified_gmt":"2013-08-20T22:02:03","slug":"molina-del-peral-jose-antonio","status":"publish","type":"page","link":"https:\/\/www.grupohipnosiscopcv.es\/wordpress\/informacion-para-usuarios\/profesionales-cualificados\/molina-del-peral-jose-antonio\/","title":{"rendered":"Molina del Peral, Jos\u00e9 Antonio"},"content":{"rendered":"<p><strong>Titulaci\u00f3n universitaria:<\/strong><\/p>\n<p>Licenciado en Psicolog\u00eda.<\/p>\n<p><strong>Colegiado:<\/strong><\/p>\n<p>M-13064\u00a0 Colegio Oficial de Psic\u00f3logos de Madrid<\/p>\n<p><strong>Titulaci\u00f3n o estudios de hipnosis:<\/strong><\/p>\n<p>Curso de doctorado: Hipnosis cl\u00ednica y experimental. Universidad Complutense de Madrid.<\/p>\n<p>Curso de Especialista en Hipnosis. Asociaci\u00f3n Espa\u00f1ola de Hipnosis (134 horas).<\/p>\n<p>Curso de Hipnosis Cl\u00ednica: Fundamentos y Aplicaciones. Colegio Oficial de Psic\u00f3logos de Madrid (20 horas).<\/p>\n<p><strong>Temas que trata:<\/strong><\/p>\n<p>Ansiedad, fobias, tabaquismo, adicciones, manejo del dolor, depresi\u00f3n, estr\u00e9s, peritajes psicol\u00f3gicos, etc.<\/p>\n<p><strong>Datos de contacto:<\/strong><\/p>\n<p>C\/ Ascao, 58, 4\u00ba D<\/p>\n<p>28017 Madrid (Espa\u00f1a)<\/p>\n<p>Tel\u00e9fono 606 827 304<\/p>\n<p>E-mail: <a href=\"mailto:josemolper@yahoo.com\">josemolper@yahoo.com<\/a><\/p>\n<p><strong>Otros datos:<\/strong><\/p>\n<p>Web: <a href=\"http:\/\/www.psicologo-terapeuta.com\/\">www.psicologo-terapeuta.com<\/a><\/p>\n<p>Diversas publicaciones en revistas de investigaci\u00f3n: Cl\u00ednica y Salud (vol. 12 p\u00e1g. 121-139), <a href=\"http:\/\/www.adicciones.es\/files\/31-38%20Original.pdf\">Adicciones<\/a> (13, 31-38), Australian Journal of Clinical and Experimental Hipnosis (34, 28-43), Revista de Psicolog\u00eda General y Aplicada (53, 489-501), Revista Espa\u00f1ola de Drogodependencias (3, 265-283).<\/p>\n<p>Docente (conferencias e impartici\u00f3n de Cursos en el Colegio Oficial de Psic\u00f3logos de Madrid, Universidad Nacional de Educaci\u00f3n a Distancia, Universidad Complutense de Madrid, etc.).<\/p>\n","protected":false},"excerpt":{"rendered":"<p>Titulaci\u00f3n universitaria: Licenciado en Psicolog\u00eda. Colegiado: M-13064\u00a0 Colegio Oficial de Psic\u00f3logos de Madrid Titulaci\u00f3n o estudios de hipnosis: Curso de doctorado: Hipnosis cl\u00ednica y experimental. Universidad Complutense de Madrid. Curso de Especialista en Hipnosis. Asociaci\u00f3n Espa\u00f1ola de Hipnosis (134 horas). Curso de Hipnosis Cl\u00ednica: Fundamentos y Aplicaciones. Colegio Oficial de Psic\u00f3logos de Madrid (20 horas). &hellip;<\/p>\n","protected":false},"author":12,"featured_media":0,"parent":38,"menu_order":120,"comment_status":"closed","ping_status":"closed","template":"","meta":{"footnotes":""},"categories":[10],"tags":[],"class_list":["post-577","page","type-page","status-publish","hentry","category-noticias"],"_links":{"self":[{"href":"https:\/\/www.grupohipnosiscopcv.es\/wordpress\/wp-json\/wp\/v2\/pages\/577","targetHints":{"allow":["GET"]}}],"collection":[{"href":"https:\/\/www.grupohipnosiscopcv.es\/wordpress\/wp-json\/wp\/v2\/pages"}],"about":[{"href":"https:\/\/www.grupohipnosiscopcv.es\/wordpress\/wp-json\/wp\/v2\/types\/page"}],"author":[{"embeddable":true,"href":"https:\/\/www.grupohipnosiscopcv.es\/wordpress\/wp-json\/wp\/v2\/users\/12"}],"replies":[{"embeddable":true,"href":"https:\/\/www.grupohipnosiscopcv.es\/wordpress\/wp-json\/wp\/v2\/comments?post=577"}],"version-history":[{"count":5,"href":"https:\/\/www.grupohipnosiscopcv.es\/wordpress\/wp-json\/wp\/v2\/pages\/577\/revisions"}],"predecessor-version":[{"id":2062,"href":"https:\/\/www.grupohipnosiscopcv.es\/wordpress\/wp-json\/wp\/v2\/pages\/577\/revisions\/2062"}],"up":[{"embeddable":true,"href":"https:\/\/www.grupohipnosiscopcv.es\/wordpress\/wp-json\/wp\/v2\/pages\/38"}],"wp:attachment":[{"href":"https:\/\/www.grupohipnosiscopcv.es\/wordpress\/wp-json\/wp\/v2\/media?parent=577"}],"wp:term":[{"taxonomy":"category","embeddable":true,"href":"https:\/\/www.grupohipnosiscopcv.es\/wordpress\/wp-json\/wp\/v2\/categories?post=577"},{"taxonomy":"post_tag","embeddable":true,"href":"https:\/\/www.grupohipnosiscopcv.es\/wordpress\/wp-json\/wp\/v2\/tags?post=577"}],"curies":[{"name":"wp","href":"https:\/\/api.w.org\/{rel}","templated":true}]}}