{"id":575,"date":"2010-05-11T12:10:54","date_gmt":"2010-05-11T11:10:54","guid":{"rendered":"http:\/\/www.grupohipnosiscopcv.es\/wordpress\/?page_id=575"},"modified":"2013-08-20T23:02:03","modified_gmt":"2013-08-20T22:02:03","slug":"milan-abril-m%c2%aa-jose","status":"publish","type":"page","link":"https:\/\/www.grupohipnosiscopcv.es\/wordpress\/informacion-para-usuarios\/profesionales-cualificados\/milan-abril-m%c2%aa-jose\/","title":{"rendered":"Mil\u00e1n Abril, M\u00aa Jos\u00e9"},"content":{"rendered":"<p><strong>Titulaci\u00f3n universitaria:<\/strong><\/p>\n<p>Licenciada en Psicolog\u00eda.<\/p>\n<p><strong>Colegiado:<\/strong><\/p>\n<p>CV-4698\u00a0 Colegio Oficial de Psic\u00f3logos de la Comunidad Valenciana<\/p>\n<p><strong>Titulaci\u00f3n o estudios de hipnosis:<\/strong><\/p>\n<p>Introducci\u00f3n a la Hipnosis Cl\u00ednica, COP-CV.<\/p>\n<p>La Hipnosis y sus aplicaciones cl\u00ednicas: desarrollo y profundizaci\u00f3n, COP-CV.<\/p>\n<p>Procedimientos sugestivos y preguntas tendenciosas para generar falsos recuerdos en la cl\u00ednica y en los interrogatorios, COP-CV.<\/p>\n<p>Hipnosis, herramienta terap\u00e9utica: teor\u00eda y pr\u00e1ctica, Universidad del Pa\u00eds Vasco.<\/p>\n<p>Hipnosis en el tratamiento del dolor, COP-CV.<\/p>\n<p>Hipnosis en los trastornos alimentarios, COP-CV.<\/p>\n<p>Intervenci\u00f3n con hipnosis sobre el sistema inmunol\u00f3gico, COP-CV.<\/p>\n<p><strong>Temas que trata:<\/strong><\/p>\n<p>Ansiedad, fobias, ataques de p\u00e1nico, trastorno obsesivo-compulsivo, hipcondria, estr\u00e9s, asertividad y habilidades sociales, autoestima, depresi\u00f3n, duelo, problemas de pareja, tabaquismo.<\/p>\n<p><strong>Datos de contacto:<\/strong><\/p>\n<p>CEPSIS<\/p>\n<p>C\/ Ribera, 14 &#8211; 10C<\/p>\n<p>Valencia (Espa\u00f1a)<\/p>\n<p>Tel\u00e9fonos: 96 352 14 36 &#8211; 677 756 958<\/p>\n","protected":false},"excerpt":{"rendered":"<p>Titulaci\u00f3n universitaria: Licenciada en Psicolog\u00eda. Colegiado: CV-4698\u00a0 Colegio Oficial de Psic\u00f3logos de la Comunidad Valenciana Titulaci\u00f3n o estudios de hipnosis: Introducci\u00f3n a la Hipnosis Cl\u00ednica, COP-CV. La Hipnosis y sus aplicaciones cl\u00ednicas: desarrollo y profundizaci\u00f3n, COP-CV. Procedimientos sugestivos y preguntas tendenciosas para generar falsos recuerdos en la cl\u00ednica y en los interrogatorios, COP-CV. Hipnosis, herramienta &hellip;<\/p>\n","protected":false},"author":12,"featured_media":0,"parent":38,"menu_order":119,"comment_status":"closed","ping_status":"closed","template":"","meta":{"footnotes":""},"categories":[10],"tags":[],"class_list":["post-575","page","type-page","status-publish","hentry","category-noticias"],"_links":{"self":[{"href":"https:\/\/www.grupohipnosiscopcv.es\/wordpress\/wp-json\/wp\/v2\/pages\/575","targetHints":{"allow":["GET"]}}],"collection":[{"href":"https:\/\/www.grupohipnosiscopcv.es\/wordpress\/wp-json\/wp\/v2\/pages"}],"about":[{"href":"https:\/\/www.grupohipnosiscopcv.es\/wordpress\/wp-json\/wp\/v2\/types\/page"}],"author":[{"embeddable":true,"href":"https:\/\/www.grupohipnosiscopcv.es\/wordpress\/wp-json\/wp\/v2\/users\/12"}],"replies":[{"embeddable":true,"href":"https:\/\/www.grupohipnosiscopcv.es\/wordpress\/wp-json\/wp\/v2\/comments?post=575"}],"version-history":[{"count":5,"href":"https:\/\/www.grupohipnosiscopcv.es\/wordpress\/wp-json\/wp\/v2\/pages\/575\/revisions"}],"predecessor-version":[{"id":2061,"href":"https:\/\/www.grupohipnosiscopcv.es\/wordpress\/wp-json\/wp\/v2\/pages\/575\/revisions\/2061"}],"up":[{"embeddable":true,"href":"https:\/\/www.grupohipnosiscopcv.es\/wordpress\/wp-json\/wp\/v2\/pages\/38"}],"wp:attachment":[{"href":"https:\/\/www.grupohipnosiscopcv.es\/wordpress\/wp-json\/wp\/v2\/media?parent=575"}],"wp:term":[{"taxonomy":"category","embeddable":true,"href":"https:\/\/www.grupohipnosiscopcv.es\/wordpress\/wp-json\/wp\/v2\/categories?post=575"},{"taxonomy":"post_tag","embeddable":true,"href":"https:\/\/www.grupohipnosiscopcv.es\/wordpress\/wp-json\/wp\/v2\/tags?post=575"}],"curies":[{"name":"wp","href":"https:\/\/api.w.org\/{rel}","templated":true}]}}