{"id":573,"date":"2010-05-11T12:09:36","date_gmt":"2010-05-11T11:09:36","guid":{"rendered":"http:\/\/www.grupohipnosiscopcv.es\/wordpress\/?page_id=573"},"modified":"2019-07-13T12:42:19","modified_gmt":"2019-07-13T11:42:19","slug":"miguel-quilis-m%c2%aa-jose","status":"publish","type":"page","link":"https:\/\/www.grupohipnosiscopcv.es\/wordpress\/informacion-para-usuarios\/profesionales-cualificados\/miguel-quilis-m%c2%aa-jose\/","title":{"rendered":"Miguel Quilis, M\u00aa Jos\u00e9"},"content":{"rendered":"<p><strong>Titulaci\u00f3n universitaria: Psic\u00f3loga<\/strong><\/p>\n<p>Licenciada en Psicolog\u00eda.<\/p>\n<p>Master en Psicolog\u00eda Cl\u00ednica.<\/p>\n<p><strong>Colegiado:<\/strong><\/p>\n<p>CV-07553 Colegio Oficial de Psic\u00f3logos de la Comunidad Valenciana<\/p>\n<p><strong>Titulaci\u00f3n o estudios de hipnosis: <\/strong><\/p>\n<p>\u00abCurso de Introducci\u00f3n a la Hipnosis Cl\u00ednica\u00bb, impartido por D. Antonio Capafons.<\/p>\n<p>\u00abHipnosis y dolor\u00bb, impartido por D. Jos\u00e9 Sala, jefe de anestesistas del Hospital Joan XXIII.<\/p>\n<p>\u00abAplicaci\u00f3n de la hipnosis al tratamiento de los trastornos de la conducta alimentaria\u00bb, impartido por D. Javier Pellicer.<\/p>\n<p>\u00abLa hipnosis y sus aplicaciones cl\u00ednicas: desarrollo y profundizaci\u00f3n\u00bb, impartido por D. Antonio Capafons.<\/p>\n<p><strong>Temas que trata: <\/strong><\/p>\n<p>Evaluaci\u00f3n e intervenci\u00f3n de problemas emocionales y de conducta en adultos desde una perspectiva cognitivo-comportamental.<\/p>\n<p>ANSIEDAD: Fobias, obsesiones, ataques de p\u00e1nico, estr\u00e9s.<\/p>\n<p>ESTADO DE \u00c1NIMO: depresi\u00f3n, desmotivaci\u00f3n, apat\u00eda.<\/p>\n<p>RELACIONES DE PAREJA Y SEXUALES: problemas de comunicaci\u00f3n, disfunciones sexuales en la mujer (falta de deseo, vaginismo).<\/p>\n<p>TRASTORNOS DE LA CONDUCTA ALIMENTARIA: bulimia, sobreingesta compulsiva, obesidad, trastorno por atrac\u00f3n.<\/p>\n<p>OTROS: Autoestima, entrenamiento en habilidades sociales y asertividad.<\/p>\n<p><strong>Datos de contacto:<\/strong><\/p>\n<p>M\u00aa Jos\u00e9 Miguel Quilis<\/p>\n<p>Psic\u00f3logos en Valencia APAI<\/p>\n<p>Pla\u00e7a de l\u00b4Ajuntament, 8, 3<br \/>\n46002 Val\u00e8ncia<br \/>\nTel\u00e9fono: 963 94 47 95<\/p>\n<p>&nbsp;<\/p>\n<p>E-mail: <a href=\"mailto:info@apai-psicologos.com\">info@apai-psicologos.com<\/a><\/p>\n<p><strong>Otros datos:<\/strong><\/p>\n<p>Web: <a href=\"http:\/\/www.apai-psicologos.com\/\">www.apai-psicologos.com<\/a><\/p>\n","protected":false},"excerpt":{"rendered":"<p>Titulaci\u00f3n universitaria: Psic\u00f3loga Licenciada en Psicolog\u00eda. Master en Psicolog\u00eda Cl\u00ednica. Colegiado: CV-07553 Colegio Oficial de Psic\u00f3logos de la Comunidad Valenciana Titulaci\u00f3n o estudios de hipnosis: \u00abCurso de Introducci\u00f3n a la Hipnosis Cl\u00ednica\u00bb, impartido por D. Antonio Capafons. \u00abHipnosis y dolor\u00bb, impartido por D. Jos\u00e9 Sala, jefe de anestesistas del Hospital Joan XXIII. \u00abAplicaci\u00f3n de la &hellip;<\/p>\n","protected":false},"author":12,"featured_media":0,"parent":38,"menu_order":118,"comment_status":"closed","ping_status":"closed","template":"","meta":{"footnotes":""},"categories":[10],"tags":[],"class_list":["post-573","page","type-page","status-publish","hentry","category-noticias"],"_links":{"self":[{"href":"https:\/\/www.grupohipnosiscopcv.es\/wordpress\/wp-json\/wp\/v2\/pages\/573","targetHints":{"allow":["GET"]}}],"collection":[{"href":"https:\/\/www.grupohipnosiscopcv.es\/wordpress\/wp-json\/wp\/v2\/pages"}],"about":[{"href":"https:\/\/www.grupohipnosiscopcv.es\/wordpress\/wp-json\/wp\/v2\/types\/page"}],"author":[{"embeddable":true,"href":"https:\/\/www.grupohipnosiscopcv.es\/wordpress\/wp-json\/wp\/v2\/users\/12"}],"replies":[{"embeddable":true,"href":"https:\/\/www.grupohipnosiscopcv.es\/wordpress\/wp-json\/wp\/v2\/comments?post=573"}],"version-history":[{"count":7,"href":"https:\/\/www.grupohipnosiscopcv.es\/wordpress\/wp-json\/wp\/v2\/pages\/573\/revisions"}],"predecessor-version":[{"id":2597,"href":"https:\/\/www.grupohipnosiscopcv.es\/wordpress\/wp-json\/wp\/v2\/pages\/573\/revisions\/2597"}],"up":[{"embeddable":true,"href":"https:\/\/www.grupohipnosiscopcv.es\/wordpress\/wp-json\/wp\/v2\/pages\/38"}],"wp:attachment":[{"href":"https:\/\/www.grupohipnosiscopcv.es\/wordpress\/wp-json\/wp\/v2\/media?parent=573"}],"wp:term":[{"taxonomy":"category","embeddable":true,"href":"https:\/\/www.grupohipnosiscopcv.es\/wordpress\/wp-json\/wp\/v2\/categories?post=573"},{"taxonomy":"post_tag","embeddable":true,"href":"https:\/\/www.grupohipnosiscopcv.es\/wordpress\/wp-json\/wp\/v2\/tags?post=573"}],"curies":[{"name":"wp","href":"https:\/\/api.w.org\/{rel}","templated":true}]}}