{"id":571,"date":"2010-05-11T12:07:40","date_gmt":"2010-05-11T11:07:40","guid":{"rendered":"http:\/\/www.grupohipnosiscopcv.es\/wordpress\/?page_id=571"},"modified":"2013-08-20T23:02:03","modified_gmt":"2013-08-20T22:02:03","slug":"mendoza-figueroa-m-elena","status":"publish","type":"page","link":"https:\/\/www.grupohipnosiscopcv.es\/wordpress\/informacion-para-usuarios\/profesionales-cualificados\/mendoza-figueroa-m-elena\/","title":{"rendered":"Mendoza Figueroa, M. Elena"},"content":{"rendered":"<p><strong>Titulaci\u00f3n universitaria:<\/strong><\/p>\n<p>Licenciada en Psicolog\u00eda.<\/p>\n<p>Doctora en Psicolog\u00eda.<\/p>\n<p><strong>Colegiado:<\/strong><\/p>\n<p>P-00614\u00a0 Colegio Oficial de Psic\u00f3logos de las Palmas<\/p>\n<p><strong>Titulaci\u00f3n o estudios de hipnosis:<\/strong><\/p>\n<p>Postgrado en hipnosis cl\u00ednica como becaria Fulbright. Universidad de Indiana, EE.UU. (John F. Chaves, Ph.D.).<\/p>\n<p>Programa de investigaci\u00f3n en hipnosis cl\u00ednica con ni\u00f1os y adolescentes y para el tratamiento del tabaquismo durante el embarazo. Universidad de Indiana, EE.UU. (Eric Scott, Ph.D. y Linn LaClave, Ph.D.).<\/p>\n<p>Estudios de Tercer Ciclo. Universidad de Valencia (Antonio Capafons, Ph.D.).<\/p>\n<p><strong>Temas que trata:<\/strong><\/p>\n<p>Ansiedad, fobias, tabaquismo, ataques de p\u00e1nico, manejo del dolor, depresi\u00f3n, estr\u00e9s, asertividad y habilidades sociales, autoestima, duelo, problemas de pareja, etc.<\/p>\n<p><strong>Datos de contacto:<\/strong><\/p>\n<p>La Laguna &#8211; Santa Cruz de Tenerife (Espa\u00f1a)<\/p>\n<p>Tel\u00e9fono\u00a0 696 817 605<\/p>\n<p>E-mail: <a href=\"mailto:elenamendoza28@gmail.com\">elenamendoza28@gmail.com<\/a><\/p>\n","protected":false},"excerpt":{"rendered":"<p>Titulaci\u00f3n universitaria: Licenciada en Psicolog\u00eda. Doctora en Psicolog\u00eda. Colegiado: P-00614\u00a0 Colegio Oficial de Psic\u00f3logos de las Palmas Titulaci\u00f3n o estudios de hipnosis: Postgrado en hipnosis cl\u00ednica como becaria Fulbright. Universidad de Indiana, EE.UU. (John F. Chaves, Ph.D.). Programa de investigaci\u00f3n en hipnosis cl\u00ednica con ni\u00f1os y adolescentes y para el tratamiento del tabaquismo durante el &hellip;<\/p>\n","protected":false},"author":12,"featured_media":0,"parent":38,"menu_order":117,"comment_status":"closed","ping_status":"closed","template":"","meta":{"footnotes":""},"categories":[10],"tags":[],"class_list":["post-571","page","type-page","status-publish","hentry","category-noticias"],"_links":{"self":[{"href":"https:\/\/www.grupohipnosiscopcv.es\/wordpress\/wp-json\/wp\/v2\/pages\/571","targetHints":{"allow":["GET"]}}],"collection":[{"href":"https:\/\/www.grupohipnosiscopcv.es\/wordpress\/wp-json\/wp\/v2\/pages"}],"about":[{"href":"https:\/\/www.grupohipnosiscopcv.es\/wordpress\/wp-json\/wp\/v2\/types\/page"}],"author":[{"embeddable":true,"href":"https:\/\/www.grupohipnosiscopcv.es\/wordpress\/wp-json\/wp\/v2\/users\/12"}],"replies":[{"embeddable":true,"href":"https:\/\/www.grupohipnosiscopcv.es\/wordpress\/wp-json\/wp\/v2\/comments?post=571"}],"version-history":[{"count":5,"href":"https:\/\/www.grupohipnosiscopcv.es\/wordpress\/wp-json\/wp\/v2\/pages\/571\/revisions"}],"predecessor-version":[{"id":2059,"href":"https:\/\/www.grupohipnosiscopcv.es\/wordpress\/wp-json\/wp\/v2\/pages\/571\/revisions\/2059"}],"up":[{"embeddable":true,"href":"https:\/\/www.grupohipnosiscopcv.es\/wordpress\/wp-json\/wp\/v2\/pages\/38"}],"wp:attachment":[{"href":"https:\/\/www.grupohipnosiscopcv.es\/wordpress\/wp-json\/wp\/v2\/media?parent=571"}],"wp:term":[{"taxonomy":"category","embeddable":true,"href":"https:\/\/www.grupohipnosiscopcv.es\/wordpress\/wp-json\/wp\/v2\/categories?post=571"},{"taxonomy":"post_tag","embeddable":true,"href":"https:\/\/www.grupohipnosiscopcv.es\/wordpress\/wp-json\/wp\/v2\/tags?post=571"}],"curies":[{"name":"wp","href":"https:\/\/api.w.org\/{rel}","templated":true}]}}