{"id":569,"date":"2010-05-11T12:05:56","date_gmt":"2010-05-11T11:05:56","guid":{"rendered":"http:\/\/www.grupohipnosiscopcv.es\/wordpress\/?page_id=569"},"modified":"2013-08-20T23:02:03","modified_gmt":"2013-08-20T22:02:03","slug":"mateu-sisternes-m%c2%aa-isabel","status":"publish","type":"page","link":"https:\/\/www.grupohipnosiscopcv.es\/wordpress\/informacion-para-usuarios\/profesionales-cualificados\/mateu-sisternes-m%c2%aa-isabel\/","title":{"rendered":"Mateu Sisternes M\u00aa Isabel"},"content":{"rendered":"<p><strong>Titulaci\u00f3n universitaria:<\/strong><\/p>\n<p>Licenciada en Psicolog\u00eda<\/p>\n<p><strong>Colegiado:<\/strong><\/p>\n<p>CV-09597 Colegio Oficial de Psic\u00f3logos de la Comunidad Valenciana.<\/p>\n<p><strong>Titulaci\u00f3n o estudios de hipnosis:<\/strong><\/p>\n<p>Introducci\u00f3n a la hipnosis cl\u00ednica. La hipnosis y sus aplicaciones cl\u00ednicas: Desarrollo y profundizaci\u00f3n. Cursos realizados en el COPCV<\/p>\n<p><strong>Temas que trata:<\/strong><\/p>\n<p>En las asociaciones de familiares y pacientes de fibromialgia, como terapeuta grupal; autoestima, dolor cr\u00f3nico, reestructuraci\u00f3n cognitiva, estr\u00e9s, depresi\u00f3n, habilidades sociales, colon irritable.En consulta privada: depresi\u00f3n, ansiedad, problemas de pareja, duelo. Fobias, memoria, insomnio.<\/p>\n<p>Consulta a domicilio. Sobre todo, depresi\u00f3n, baja autoestima y duelo.<\/p>\n<p><strong>Datos de contacto:<\/strong><\/p>\n<p>C\/ Bocairent, n\u00ba6<\/p>\n<p>46870 Ontinyent, Val\u00e8ncia<\/p>\n<p>Tel. 962388179 \/ 675651957<\/p>\n<p>E-mail: <a href=\"mailto:isamasis77@hotmail.com\">isamasis77@hotmail.com<\/a><\/p>\n","protected":false},"excerpt":{"rendered":"<p>Titulaci\u00f3n universitaria: Licenciada en Psicolog\u00eda Colegiado: CV-09597 Colegio Oficial de Psic\u00f3logos de la Comunidad Valenciana. Titulaci\u00f3n o estudios de hipnosis: Introducci\u00f3n a la hipnosis cl\u00ednica. La hipnosis y sus aplicaciones cl\u00ednicas: Desarrollo y profundizaci\u00f3n. Cursos realizados en el COPCV Temas que trata: En las asociaciones de familiares y pacientes de fibromialgia, como terapeuta grupal; autoestima, &hellip;<\/p>\n","protected":false},"author":12,"featured_media":0,"parent":38,"menu_order":111,"comment_status":"closed","ping_status":"closed","template":"","meta":{"footnotes":""},"categories":[10],"tags":[],"class_list":["post-569","page","type-page","status-publish","hentry","category-noticias"],"_links":{"self":[{"href":"https:\/\/www.grupohipnosiscopcv.es\/wordpress\/wp-json\/wp\/v2\/pages\/569","targetHints":{"allow":["GET"]}}],"collection":[{"href":"https:\/\/www.grupohipnosiscopcv.es\/wordpress\/wp-json\/wp\/v2\/pages"}],"about":[{"href":"https:\/\/www.grupohipnosiscopcv.es\/wordpress\/wp-json\/wp\/v2\/types\/page"}],"author":[{"embeddable":true,"href":"https:\/\/www.grupohipnosiscopcv.es\/wordpress\/wp-json\/wp\/v2\/users\/12"}],"replies":[{"embeddable":true,"href":"https:\/\/www.grupohipnosiscopcv.es\/wordpress\/wp-json\/wp\/v2\/comments?post=569"}],"version-history":[{"count":5,"href":"https:\/\/www.grupohipnosiscopcv.es\/wordpress\/wp-json\/wp\/v2\/pages\/569\/revisions"}],"predecessor-version":[{"id":2057,"href":"https:\/\/www.grupohipnosiscopcv.es\/wordpress\/wp-json\/wp\/v2\/pages\/569\/revisions\/2057"}],"up":[{"embeddable":true,"href":"https:\/\/www.grupohipnosiscopcv.es\/wordpress\/wp-json\/wp\/v2\/pages\/38"}],"wp:attachment":[{"href":"https:\/\/www.grupohipnosiscopcv.es\/wordpress\/wp-json\/wp\/v2\/media?parent=569"}],"wp:term":[{"taxonomy":"category","embeddable":true,"href":"https:\/\/www.grupohipnosiscopcv.es\/wordpress\/wp-json\/wp\/v2\/categories?post=569"},{"taxonomy":"post_tag","embeddable":true,"href":"https:\/\/www.grupohipnosiscopcv.es\/wordpress\/wp-json\/wp\/v2\/tags?post=569"}],"curies":[{"name":"wp","href":"https:\/\/api.w.org\/{rel}","templated":true}]}}