{"id":567,"date":"2010-05-11T12:03:52","date_gmt":"2010-05-11T11:03:52","guid":{"rendered":"http:\/\/www.grupohipnosiscopcv.es\/wordpress\/?page_id=567"},"modified":"2013-08-20T23:02:03","modified_gmt":"2013-08-20T22:02:03","slug":"martinez-valero-consuelo","status":"publish","type":"page","link":"https:\/\/www.grupohipnosiscopcv.es\/wordpress\/informacion-para-usuarios\/profesionales-cualificados\/martinez-valero-consuelo\/","title":{"rendered":"Mart\u00ednez Valero, Consuelo"},"content":{"rendered":"<p><strong>Titulaci\u00f3n universitaria:<\/strong><\/p>\n<p>Licenciada en Psicolog\u00eda<\/p>\n<p>Diploma de Estudios Avanzados<\/p>\n<p>Master en Psicolog\u00eda Cl\u00ednica<\/p>\n<p><strong>Colegiado:<\/strong><\/p>\n<p>CV-03795 Colegio Oficial de Psic\u00f3logos de la Comunidad Valenciana.<\/p>\n<p><strong>Titulaci\u00f3n o estudios de hipnosis:<\/strong><\/p>\n<p>Investigaci\u00f3n sobre fibromialgia e hipnosis en el hospital Joan XXIII de Tarragona<\/p>\n<p><strong>Temas que trata:<\/strong><\/p>\n<p>Problemas de ansiedad, depresi\u00f3n, adicciones, trastornos psicosom\u00e1ticos, dolor cr\u00f3nico, disfunciones sexuales, terapia de pareja.<\/p>\n<p><strong>Datos de contacto:<\/strong><\/p>\n<p>Centro de Aplicaciones Psicol\u00f3gicas<\/p>\n<p>C\/ Archiduque Carlos, 101,7\u00ba, 27<\/p>\n<p>46014 Valencia\u00a0 (Espa\u00f1a)<\/p>\n<p>Telf. 96 358 09 53 \/676 200 178<\/p>\n<p>E-mail: <a href=\"mailto:consu.martinez@hotmail.com\">consu.martinez@hotmail.com<\/a><\/p>\n<p><strong>Otros datos:<\/strong><\/p>\n<p>Web: <a href=\"http:\/\/www.centrodepsicologia.net\/\">www.centrodepsicologia.net<\/a><\/p>\n","protected":false},"excerpt":{"rendered":"<p>Titulaci\u00f3n universitaria: Licenciada en Psicolog\u00eda Diploma de Estudios Avanzados Master en Psicolog\u00eda Cl\u00ednica Colegiado: CV-03795 Colegio Oficial de Psic\u00f3logos de la Comunidad Valenciana. Titulaci\u00f3n o estudios de hipnosis: Investigaci\u00f3n sobre fibromialgia e hipnosis en el hospital Joan XXIII de Tarragona Temas que trata: Problemas de ansiedad, depresi\u00f3n, adicciones, trastornos psicosom\u00e1ticos, dolor cr\u00f3nico, disfunciones sexuales, terapia &hellip;<\/p>\n","protected":false},"author":12,"featured_media":0,"parent":38,"menu_order":108,"comment_status":"closed","ping_status":"closed","template":"","meta":{"footnotes":""},"categories":[10],"tags":[],"class_list":["post-567","page","type-page","status-publish","hentry","category-noticias"],"_links":{"self":[{"href":"https:\/\/www.grupohipnosiscopcv.es\/wordpress\/wp-json\/wp\/v2\/pages\/567","targetHints":{"allow":["GET"]}}],"collection":[{"href":"https:\/\/www.grupohipnosiscopcv.es\/wordpress\/wp-json\/wp\/v2\/pages"}],"about":[{"href":"https:\/\/www.grupohipnosiscopcv.es\/wordpress\/wp-json\/wp\/v2\/types\/page"}],"author":[{"embeddable":true,"href":"https:\/\/www.grupohipnosiscopcv.es\/wordpress\/wp-json\/wp\/v2\/users\/12"}],"replies":[{"embeddable":true,"href":"https:\/\/www.grupohipnosiscopcv.es\/wordpress\/wp-json\/wp\/v2\/comments?post=567"}],"version-history":[{"count":6,"href":"https:\/\/www.grupohipnosiscopcv.es\/wordpress\/wp-json\/wp\/v2\/pages\/567\/revisions"}],"predecessor-version":[{"id":2055,"href":"https:\/\/www.grupohipnosiscopcv.es\/wordpress\/wp-json\/wp\/v2\/pages\/567\/revisions\/2055"}],"up":[{"embeddable":true,"href":"https:\/\/www.grupohipnosiscopcv.es\/wordpress\/wp-json\/wp\/v2\/pages\/38"}],"wp:attachment":[{"href":"https:\/\/www.grupohipnosiscopcv.es\/wordpress\/wp-json\/wp\/v2\/media?parent=567"}],"wp:term":[{"taxonomy":"category","embeddable":true,"href":"https:\/\/www.grupohipnosiscopcv.es\/wordpress\/wp-json\/wp\/v2\/categories?post=567"},{"taxonomy":"post_tag","embeddable":true,"href":"https:\/\/www.grupohipnosiscopcv.es\/wordpress\/wp-json\/wp\/v2\/tags?post=567"}],"curies":[{"name":"wp","href":"https:\/\/api.w.org\/{rel}","templated":true}]}}