{"id":565,"date":"2010-05-11T12:02:09","date_gmt":"2010-05-11T11:02:09","guid":{"rendered":"http:\/\/www.grupohipnosiscopcv.es\/wordpress\/?page_id=565"},"modified":"2013-08-20T23:02:03","modified_gmt":"2013-08-20T22:02:03","slug":"martinez-pastor-belen","status":"publish","type":"page","link":"https:\/\/www.grupohipnosiscopcv.es\/wordpress\/informacion-para-usuarios\/profesionales-cualificados\/martinez-pastor-belen\/","title":{"rendered":"Mart\u00ednez Pastor, Bel\u00e9n"},"content":{"rendered":"<p><strong>Titulaci\u00f3n universitaria:<\/strong><\/p>\n<p>Licenciada en Psicolog\u00eda.<\/p>\n<p><strong>Colegiado:<\/strong><\/p>\n<p>CL-2473\u00a0 Colegio Oficial de Psic\u00f3logos de Castilla y Le\u00f3n.<\/p>\n<p><strong>Titulaci\u00f3n o estudios de hipnosis:<\/strong><\/p>\n<p>Curso ofrecido por el Colegio Oficial de Psic\u00f3logos de Castilla y Le\u00f3n, impartido por Hector Gonz\u00e1lez Ord\u00ed.<\/p>\n<p>Curso en el Instituto Erikson de Madrid, por Burns, sobre utilizaci\u00f3n de par\u00e1bolas.<\/p>\n<p>Curso ofrecido por la  Universidad de Barcelona sobre \u00abLa hipnosis en los trastornos psicosom\u00e1ticos\u00bb.<\/p>\n<p><strong>Temas que trata:<\/strong><\/p>\n<p>Consulta privada de Psicolog\u00eda Cl\u00ednica, tratamientos de ansiedad y estr\u00e9s.<\/p>\n<p><strong>Datos de contacto:<\/strong><\/p>\n<p>Palencia (Espa\u00f1a)<\/p>\n<p>E-mail: <a href=\"mailto:belen7133@hotmail.com\">belen7133@hotmail.com<\/a><\/p>\n","protected":false},"excerpt":{"rendered":"<p>Titulaci\u00f3n universitaria: Licenciada en Psicolog\u00eda. Colegiado: CL-2473\u00a0 Colegio Oficial de Psic\u00f3logos de Castilla y Le\u00f3n. Titulaci\u00f3n o estudios de hipnosis: Curso ofrecido por el Colegio Oficial de Psic\u00f3logos de Castilla y Le\u00f3n, impartido por Hector Gonz\u00e1lez Ord\u00ed. Curso en el Instituto Erikson de Madrid, por Burns, sobre utilizaci\u00f3n de par\u00e1bolas. Curso ofrecido por la Universidad &hellip;<\/p>\n","protected":false},"author":12,"featured_media":0,"parent":38,"menu_order":110,"comment_status":"closed","ping_status":"closed","template":"","meta":{"footnotes":""},"categories":[10],"tags":[],"class_list":["post-565","page","type-page","status-publish","hentry","category-noticias"],"_links":{"self":[{"href":"https:\/\/www.grupohipnosiscopcv.es\/wordpress\/wp-json\/wp\/v2\/pages\/565","targetHints":{"allow":["GET"]}}],"collection":[{"href":"https:\/\/www.grupohipnosiscopcv.es\/wordpress\/wp-json\/wp\/v2\/pages"}],"about":[{"href":"https:\/\/www.grupohipnosiscopcv.es\/wordpress\/wp-json\/wp\/v2\/types\/page"}],"author":[{"embeddable":true,"href":"https:\/\/www.grupohipnosiscopcv.es\/wordpress\/wp-json\/wp\/v2\/users\/12"}],"replies":[{"embeddable":true,"href":"https:\/\/www.grupohipnosiscopcv.es\/wordpress\/wp-json\/wp\/v2\/comments?post=565"}],"version-history":[{"count":4,"href":"https:\/\/www.grupohipnosiscopcv.es\/wordpress\/wp-json\/wp\/v2\/pages\/565\/revisions"}],"predecessor-version":[{"id":2056,"href":"https:\/\/www.grupohipnosiscopcv.es\/wordpress\/wp-json\/wp\/v2\/pages\/565\/revisions\/2056"}],"up":[{"embeddable":true,"href":"https:\/\/www.grupohipnosiscopcv.es\/wordpress\/wp-json\/wp\/v2\/pages\/38"}],"wp:attachment":[{"href":"https:\/\/www.grupohipnosiscopcv.es\/wordpress\/wp-json\/wp\/v2\/media?parent=565"}],"wp:term":[{"taxonomy":"category","embeddable":true,"href":"https:\/\/www.grupohipnosiscopcv.es\/wordpress\/wp-json\/wp\/v2\/categories?post=565"},{"taxonomy":"post_tag","embeddable":true,"href":"https:\/\/www.grupohipnosiscopcv.es\/wordpress\/wp-json\/wp\/v2\/tags?post=565"}],"curies":[{"name":"wp","href":"https:\/\/api.w.org\/{rel}","templated":true}]}}