{"id":559,"date":"2010-05-11T11:56:14","date_gmt":"2010-05-11T10:56:14","guid":{"rendered":"http:\/\/www.grupohipnosiscopcv.es\/wordpress\/?page_id=559"},"modified":"2013-08-20T23:02:03","modified_gmt":"2013-08-20T22:02:03","slug":"lopez-juan-noemi","status":"publish","type":"page","link":"https:\/\/www.grupohipnosiscopcv.es\/wordpress\/informacion-para-usuarios\/profesionales-cualificados\/lopez-juan-noemi\/","title":{"rendered":"L\u00f3pez Juan, Noem\u00ed"},"content":{"rendered":"<p><strong>Titulaci\u00f3n universitaria:<\/strong><\/p>\n<p>Licenciada en Psicolog\u00eda del Trabajo y las Organizaciones por la Universidad de Barcelona.<\/p>\n<p>Diplomada Universitaria en Enfermer\u00eda por la  Escuela Universitaria de Enfermer\u00eda Santa Madrona de Barcelona.<\/p>\n<p>Postgrado de T\u00e9cnico en Recursos Humanos. Universidad Ramon Llull.<\/p>\n<p><strong>Colegiado:<\/strong><\/p>\n<p>15027\u00a0 Colegio Oficial de Psic\u00f3logos de Catalunya (COPC)<\/p>\n<p><strong>Titulaci\u00f3n o estudios de hipnosis:<\/strong><\/p>\n<p>Curso de Hipnosis con Antonio Castells en COPC (Tarragona).<\/p>\n<p>Cursando Postgrado de Hipnosis Cl\u00ednica en la  Universidad de Barcelona (finaliza en febrero 2007).<\/p>\n<p><strong>Temas que trata:<\/strong><\/p>\n<p>Especialidad en el capital humano del entorno empresarial, realizando Coaching a directivos y mandos intermedios de distintas empresas. Actualmente trabajando con hipnosis en temas relacionados con alteraciones psicosom\u00e1ticas provocadas por estr\u00e9s (cefaleas, insomnios, trastornos de ansiedad, trastornos digestivos, etc.) y dependencias propias del colectivo con el que trabaja, b\u00e1sicamente el tabaquismo.<\/p>\n<p><strong>Datos de contacto:<\/strong><\/p>\n<p>Consulta en Barcelona capital y Tarragona capital (Espa\u00f1a).<\/p>\n<p>Tel\u00e9fono\u00a0 609 731 223<\/p>\n<p>E-mail: <a href=\"mailto:nlj@tinet.org\">nlj@tinet.org<\/a><\/p>\n","protected":false},"excerpt":{"rendered":"<p>Titulaci\u00f3n universitaria: Licenciada en Psicolog\u00eda del Trabajo y las Organizaciones por la Universidad de Barcelona. Diplomada Universitaria en Enfermer\u00eda por la Escuela Universitaria de Enfermer\u00eda Santa Madrona de Barcelona. Postgrado de T\u00e9cnico en Recursos Humanos. Universidad Ramon Llull. Colegiado: 15027\u00a0 Colegio Oficial de Psic\u00f3logos de Catalunya (COPC) Titulaci\u00f3n o estudios de hipnosis: Curso de Hipnosis &hellip;<\/p>\n","protected":false},"author":12,"featured_media":0,"parent":38,"menu_order":100,"comment_status":"closed","ping_status":"closed","template":"","meta":{"footnotes":""},"categories":[10],"tags":[],"class_list":["post-559","page","type-page","status-publish","hentry","category-noticias"],"_links":{"self":[{"href":"https:\/\/www.grupohipnosiscopcv.es\/wordpress\/wp-json\/wp\/v2\/pages\/559","targetHints":{"allow":["GET"]}}],"collection":[{"href":"https:\/\/www.grupohipnosiscopcv.es\/wordpress\/wp-json\/wp\/v2\/pages"}],"about":[{"href":"https:\/\/www.grupohipnosiscopcv.es\/wordpress\/wp-json\/wp\/v2\/types\/page"}],"author":[{"embeddable":true,"href":"https:\/\/www.grupohipnosiscopcv.es\/wordpress\/wp-json\/wp\/v2\/users\/12"}],"replies":[{"embeddable":true,"href":"https:\/\/www.grupohipnosiscopcv.es\/wordpress\/wp-json\/wp\/v2\/comments?post=559"}],"version-history":[{"count":4,"href":"https:\/\/www.grupohipnosiscopcv.es\/wordpress\/wp-json\/wp\/v2\/pages\/559\/revisions"}],"predecessor-version":[{"id":2052,"href":"https:\/\/www.grupohipnosiscopcv.es\/wordpress\/wp-json\/wp\/v2\/pages\/559\/revisions\/2052"}],"up":[{"embeddable":true,"href":"https:\/\/www.grupohipnosiscopcv.es\/wordpress\/wp-json\/wp\/v2\/pages\/38"}],"wp:attachment":[{"href":"https:\/\/www.grupohipnosiscopcv.es\/wordpress\/wp-json\/wp\/v2\/media?parent=559"}],"wp:term":[{"taxonomy":"category","embeddable":true,"href":"https:\/\/www.grupohipnosiscopcv.es\/wordpress\/wp-json\/wp\/v2\/categories?post=559"},{"taxonomy":"post_tag","embeddable":true,"href":"https:\/\/www.grupohipnosiscopcv.es\/wordpress\/wp-json\/wp\/v2\/tags?post=559"}],"curies":[{"name":"wp","href":"https:\/\/api.w.org\/{rel}","templated":true}]}}