{"id":557,"date":"2010-05-11T11:54:14","date_gmt":"2010-05-11T10:54:14","guid":{"rendered":"http:\/\/www.grupohipnosiscopcv.es\/wordpress\/?page_id=557"},"modified":"2013-08-20T23:02:03","modified_gmt":"2013-08-20T22:02:03","slug":"llavayol-i-solanes-enric","status":"publish","type":"page","link":"https:\/\/www.grupohipnosiscopcv.es\/wordpress\/informacion-para-usuarios\/profesionales-cualificados\/llavayol-i-solanes-enric\/","title":{"rendered":"Llavayol i Solanes, Enric"},"content":{"rendered":"<p><strong>Titulaci\u00f3n universitaria:<\/strong><\/p>\n<p>Licenciado en Psicolog\u00eda por la  Universidad de Barcelona.<\/p>\n<p><strong>Colegiado:<\/strong><\/p>\n<p>13.705\u00a0 Colegio Oficial de Psic\u00f3logos de Catalunya<\/p>\n<p><strong>Titulaci\u00f3n o estudios de hipnosis:<\/strong><\/p>\n<p>Postgraduado en Hipnosis Cl\u00ednica, por la  Universidad de Barcelona.<\/p>\n<p>Miembro fundador de la Societat Catalana d&#8217;Hipnosi Cl\u00ednica i Psicoter\u00e0pia.<\/p>\n<p><strong>Temas que trata:<\/strong><\/p>\n<p>Psicoterapia individual y de pareja.<\/p>\n<p>Terapia familiar.<\/p>\n<p><strong>Datos de contacto:<\/strong><\/p>\n<p>Tandem Psicoterapia<\/p>\n<p>C\/ Balmes, 373 Bajos 1\u00aa<\/p>\n<p>Barcelona (Espa\u00f1a)<\/p>\n<p>Tel\u00e9fono\u00a0 93 254 06 67<\/p>\n<p><strong>Otros datos:<\/strong><\/p>\n<p><a href=\"http:\/\/www.tandempsicoterapia.com\/\">http:\/\/www.tandempsicoterapia.com<\/a><\/p>\n","protected":false},"excerpt":{"rendered":"<p>Titulaci\u00f3n universitaria: Licenciado en Psicolog\u00eda por la Universidad de Barcelona. Colegiado: 13.705\u00a0 Colegio Oficial de Psic\u00f3logos de Catalunya Titulaci\u00f3n o estudios de hipnosis: Postgraduado en Hipnosis Cl\u00ednica, por la Universidad de Barcelona. Miembro fundador de la Societat Catalana d&#8217;Hipnosi Cl\u00ednica i Psicoter\u00e0pia. Temas que trata: Psicoterapia individual y de pareja. Terapia familiar. Datos de contacto: &hellip;<\/p>\n","protected":false},"author":12,"featured_media":0,"parent":38,"menu_order":99,"comment_status":"closed","ping_status":"closed","template":"","meta":{"footnotes":""},"categories":[10],"tags":[],"class_list":["post-557","page","type-page","status-publish","hentry","category-noticias"],"_links":{"self":[{"href":"https:\/\/www.grupohipnosiscopcv.es\/wordpress\/wp-json\/wp\/v2\/pages\/557","targetHints":{"allow":["GET"]}}],"collection":[{"href":"https:\/\/www.grupohipnosiscopcv.es\/wordpress\/wp-json\/wp\/v2\/pages"}],"about":[{"href":"https:\/\/www.grupohipnosiscopcv.es\/wordpress\/wp-json\/wp\/v2\/types\/page"}],"author":[{"embeddable":true,"href":"https:\/\/www.grupohipnosiscopcv.es\/wordpress\/wp-json\/wp\/v2\/users\/12"}],"replies":[{"embeddable":true,"href":"https:\/\/www.grupohipnosiscopcv.es\/wordpress\/wp-json\/wp\/v2\/comments?post=557"}],"version-history":[{"count":4,"href":"https:\/\/www.grupohipnosiscopcv.es\/wordpress\/wp-json\/wp\/v2\/pages\/557\/revisions"}],"predecessor-version":[{"id":2051,"href":"https:\/\/www.grupohipnosiscopcv.es\/wordpress\/wp-json\/wp\/v2\/pages\/557\/revisions\/2051"}],"up":[{"embeddable":true,"href":"https:\/\/www.grupohipnosiscopcv.es\/wordpress\/wp-json\/wp\/v2\/pages\/38"}],"wp:attachment":[{"href":"https:\/\/www.grupohipnosiscopcv.es\/wordpress\/wp-json\/wp\/v2\/media?parent=557"}],"wp:term":[{"taxonomy":"category","embeddable":true,"href":"https:\/\/www.grupohipnosiscopcv.es\/wordpress\/wp-json\/wp\/v2\/categories?post=557"},{"taxonomy":"post_tag","embeddable":true,"href":"https:\/\/www.grupohipnosiscopcv.es\/wordpress\/wp-json\/wp\/v2\/tags?post=557"}],"curies":[{"name":"wp","href":"https:\/\/api.w.org\/{rel}","templated":true}]}}