{"id":555,"date":"2010-05-11T11:52:37","date_gmt":"2010-05-11T10:52:37","guid":{"rendered":"http:\/\/www.grupohipnosiscopcv.es\/wordpress\/?page_id=555"},"modified":"2013-08-20T23:02:03","modified_gmt":"2013-08-20T22:02:03","slug":"lanza-saiz-ricardo","status":"publish","type":"page","link":"https:\/\/www.grupohipnosiscopcv.es\/wordpress\/informacion-para-usuarios\/profesionales-cualificados\/lanza-saiz-ricardo\/","title":{"rendered":"Lanza Saiz, Ricardo"},"content":{"rendered":"<p><strong>Titulaci\u00f3n universitaria:<\/strong><\/p>\n<p>Licenciado en\u00a0 Psicolog\u00eda, especialidad Cl\u00ednica<\/p>\n<p><strong>Colegiado:<\/strong><\/p>\n<p>CA-503\u00a0 Colegio Oficial de Psic\u00f3logos de Cantabria<\/p>\n<p><strong>Titulaci\u00f3n o estudios de hipnosis:<\/strong><\/p>\n<p>Especialista Universitario en Hipnosis Cl\u00ednica. UNED<strong>.<\/strong><\/p>\n<p><strong>Temas que trata:<\/strong><\/p>\n<p>Trastornos del \u00e1nimo (depresi\u00f3n, ansiedad, stress).Fobias. TDAH. Psicolog\u00eda deportiva. Tabaquismo. Trastornos alimentarios. Etc.<\/p>\n<p><strong>Datos de contacto:<\/strong><\/p>\n<p>C\/ Ladredo 41<\/p>\n<p>39609 Camargo &#8211; Cantabria (Espa\u00f1a)<\/p>\n<p>Tel\u00e9fono:\u00a0 676 55 75 05<\/p>\n<p>E-mail: <a href=\"mailto:riclsaiz@hotmail.com\">riclsaiz@hotmail.com<\/a><\/p>\n<p><strong>Otros datos:<\/strong><\/p>\n<p>Posibilidad de consulta a domicilio.<\/p>\n","protected":false},"excerpt":{"rendered":"<p>Titulaci\u00f3n universitaria: Licenciado en\u00a0 Psicolog\u00eda, especialidad Cl\u00ednica Colegiado: CA-503\u00a0 Colegio Oficial de Psic\u00f3logos de Cantabria Titulaci\u00f3n o estudios de hipnosis: Especialista Universitario en Hipnosis Cl\u00ednica. UNED. Temas que trata: Trastornos del \u00e1nimo (depresi\u00f3n, ansiedad, stress).Fobias. TDAH. Psicolog\u00eda deportiva. Tabaquismo. Trastornos alimentarios. Etc. Datos de contacto: C\/ Ladredo 41 39609 Camargo &#8211; Cantabria (Espa\u00f1a) Tel\u00e9fono:\u00a0 676 &hellip;<\/p>\n","protected":false},"author":12,"featured_media":0,"parent":38,"menu_order":112,"comment_status":"closed","ping_status":"closed","template":"","meta":{"footnotes":""},"categories":[10],"tags":[],"class_list":["post-555","page","type-page","status-publish","hentry","category-noticias"],"_links":{"self":[{"href":"https:\/\/www.grupohipnosiscopcv.es\/wordpress\/wp-json\/wp\/v2\/pages\/555","targetHints":{"allow":["GET"]}}],"collection":[{"href":"https:\/\/www.grupohipnosiscopcv.es\/wordpress\/wp-json\/wp\/v2\/pages"}],"about":[{"href":"https:\/\/www.grupohipnosiscopcv.es\/wordpress\/wp-json\/wp\/v2\/types\/page"}],"author":[{"embeddable":true,"href":"https:\/\/www.grupohipnosiscopcv.es\/wordpress\/wp-json\/wp\/v2\/users\/12"}],"replies":[{"embeddable":true,"href":"https:\/\/www.grupohipnosiscopcv.es\/wordpress\/wp-json\/wp\/v2\/comments?post=555"}],"version-history":[{"count":4,"href":"https:\/\/www.grupohipnosiscopcv.es\/wordpress\/wp-json\/wp\/v2\/pages\/555\/revisions"}],"predecessor-version":[{"id":2058,"href":"https:\/\/www.grupohipnosiscopcv.es\/wordpress\/wp-json\/wp\/v2\/pages\/555\/revisions\/2058"}],"up":[{"embeddable":true,"href":"https:\/\/www.grupohipnosiscopcv.es\/wordpress\/wp-json\/wp\/v2\/pages\/38"}],"wp:attachment":[{"href":"https:\/\/www.grupohipnosiscopcv.es\/wordpress\/wp-json\/wp\/v2\/media?parent=555"}],"wp:term":[{"taxonomy":"category","embeddable":true,"href":"https:\/\/www.grupohipnosiscopcv.es\/wordpress\/wp-json\/wp\/v2\/categories?post=555"},{"taxonomy":"post_tag","embeddable":true,"href":"https:\/\/www.grupohipnosiscopcv.es\/wordpress\/wp-json\/wp\/v2\/tags?post=555"}],"curies":[{"name":"wp","href":"https:\/\/api.w.org\/{rel}","templated":true}]}}