{"id":551,"date":"2010-05-11T11:47:57","date_gmt":"2010-05-11T10:47:57","guid":{"rendered":"http:\/\/www.grupohipnosiscopcv.es\/wordpress\/?page_id=551"},"modified":"2013-08-20T23:02:03","modified_gmt":"2013-08-20T22:02:03","slug":"jimenez-santamaria-ignacio","status":"publish","type":"page","link":"https:\/\/www.grupohipnosiscopcv.es\/wordpress\/informacion-para-usuarios\/profesionales-cualificados\/jimenez-santamaria-ignacio\/","title":{"rendered":"Jim\u00e9nez Santamar\u00eda, Ignacio"},"content":{"rendered":"<p><strong>Titulaci\u00f3n universitaria:<\/strong><\/p>\n<p>Licenciado en Psicolog\u00eda, \u00a0Especialidad Cl\u00ednica<\/p>\n<p><strong>Colegiado:<\/strong><\/p>\n<p>CL- 02739 Colegio Oficial de Psic\u00f3logos de Castilla y Le\u00f3n<\/p>\n<p><strong>Titulaci\u00f3n o estudios de hipnosis:<\/strong><\/p>\n<p>Especialista Universitario en Hipnosis Cl\u00ednica, Fundaci\u00f3n UNED<\/p>\n<p><strong>Temas que trata:<\/strong><\/p>\n<p>Ansiedad,\u00a0Estr\u00e9s\u00a0y Acoso\u00a0Psicol\u00f3gico Laboral,\u00a0Insatisfacci\u00f3n Personal,\u00a0 Miedos, Fobias, Situaciones Dif\u00edciles, Duelo, Manejo del Dolor Cr\u00f3nico, Insomnio, Tabaquismo, Ludopat\u00eda, Trastornos \u00a0Sexuales, Terapia de Pareja, Hiperactividad, TDA, Trastornos Alimentarios, T\u00e9cnicas\u00a0 de Relajaci\u00f3n \u00a0y Autocontrol Emocional, etc. En general los propios de la Psicolog\u00eda  Cl\u00ednica desde una perspectiva Cognitivo-Comportamental.<\/p>\n<p><strong>Datos de contacto:<\/strong><\/p>\n<p>Burgos (Espa\u00f1a)<\/p>\n<p>Tel\u00e9fonos: \u00a0639 95 42 90\u00a0 &#8211;\u00a0 947 26 84 92<\/p>\n<p>E-mail: <a href=\"mailto:ignaciojisan@terra.es\">ignaciojisan@terra.es<\/a><\/p>\n<p><strong>Otros datos:<\/strong><\/p>\n<p>Psic\u00f3logo interviniente en\u00a0 Emergencias, Desastres y Cat\u00e1strofes, \u00a0Castilla &#8211; Le\u00f3n.<\/p>\n<p>T\u00e9cnico Superior en PRL, especialidades de Ergonom\u00eda y Psicosociolog\u00eda Aplicada, Seguridad en el Trabajo e Higiene Industrial.<\/p>\n<p>Psic\u00f3logo especializado en \u00a0Salud Psico-Laboral.<\/p>\n","protected":false},"excerpt":{"rendered":"<p>Titulaci\u00f3n universitaria: Licenciado en Psicolog\u00eda, \u00a0Especialidad Cl\u00ednica Colegiado: CL- 02739 Colegio Oficial de Psic\u00f3logos de Castilla y Le\u00f3n Titulaci\u00f3n o estudios de hipnosis: Especialista Universitario en Hipnosis Cl\u00ednica, Fundaci\u00f3n UNED Temas que trata: Ansiedad,\u00a0Estr\u00e9s\u00a0y Acoso\u00a0Psicol\u00f3gico Laboral,\u00a0Insatisfacci\u00f3n Personal,\u00a0 Miedos, Fobias, Situaciones Dif\u00edciles, Duelo, Manejo del Dolor Cr\u00f3nico, Insomnio, Tabaquismo, Ludopat\u00eda, Trastornos \u00a0Sexuales, Terapia de Pareja, Hiperactividad, &hellip;<\/p>\n","protected":false},"author":12,"featured_media":0,"parent":38,"menu_order":97,"comment_status":"closed","ping_status":"closed","template":"","meta":{"footnotes":""},"categories":[10],"tags":[],"class_list":["post-551","page","type-page","status-publish","hentry","category-noticias"],"_links":{"self":[{"href":"https:\/\/www.grupohipnosiscopcv.es\/wordpress\/wp-json\/wp\/v2\/pages\/551","targetHints":{"allow":["GET"]}}],"collection":[{"href":"https:\/\/www.grupohipnosiscopcv.es\/wordpress\/wp-json\/wp\/v2\/pages"}],"about":[{"href":"https:\/\/www.grupohipnosiscopcv.es\/wordpress\/wp-json\/wp\/v2\/types\/page"}],"author":[{"embeddable":true,"href":"https:\/\/www.grupohipnosiscopcv.es\/wordpress\/wp-json\/wp\/v2\/users\/12"}],"replies":[{"embeddable":true,"href":"https:\/\/www.grupohipnosiscopcv.es\/wordpress\/wp-json\/wp\/v2\/comments?post=551"}],"version-history":[{"count":4,"href":"https:\/\/www.grupohipnosiscopcv.es\/wordpress\/wp-json\/wp\/v2\/pages\/551\/revisions"}],"predecessor-version":[{"id":2049,"href":"https:\/\/www.grupohipnosiscopcv.es\/wordpress\/wp-json\/wp\/v2\/pages\/551\/revisions\/2049"}],"up":[{"embeddable":true,"href":"https:\/\/www.grupohipnosiscopcv.es\/wordpress\/wp-json\/wp\/v2\/pages\/38"}],"wp:attachment":[{"href":"https:\/\/www.grupohipnosiscopcv.es\/wordpress\/wp-json\/wp\/v2\/media?parent=551"}],"wp:term":[{"taxonomy":"category","embeddable":true,"href":"https:\/\/www.grupohipnosiscopcv.es\/wordpress\/wp-json\/wp\/v2\/categories?post=551"},{"taxonomy":"post_tag","embeddable":true,"href":"https:\/\/www.grupohipnosiscopcv.es\/wordpress\/wp-json\/wp\/v2\/tags?post=551"}],"curies":[{"name":"wp","href":"https:\/\/api.w.org\/{rel}","templated":true}]}}