{"id":547,"date":"2010-05-11T11:42:50","date_gmt":"2010-05-11T10:42:50","guid":{"rendered":"http:\/\/www.grupohipnosiscopcv.es\/wordpress\/?page_id=547"},"modified":"2013-08-20T23:02:03","modified_gmt":"2013-08-20T22:02:03","slug":"gutierrez-fernandez-jacinto","status":"publish","type":"page","link":"https:\/\/www.grupohipnosiscopcv.es\/wordpress\/informacion-para-usuarios\/profesionales-cualificados\/gutierrez-fernandez-jacinto\/","title":{"rendered":"Guti\u00e9rrez Fern\u00e1ndez, Jacinto"},"content":{"rendered":"<p><strong>Titulaci\u00f3n universitaria:<\/strong><\/p>\n<p>Licenciado en Psicolog\u00eda por la  Universidad de Sevilla<\/p>\n<p><strong>Colegiado:<\/strong><\/p>\n<p>SE-125. Colegio Oficial de Psic\u00f3logos de Andaluc\u00eda Occidental<\/p>\n<p><strong>Titulaci\u00f3n o estudios de hipnosis:<\/strong><\/p>\n<p>Hipnosis Clinica: fundamentos y aplicaciones. Colegio Oficial de Psic\u00f3logos.Madrid-1992<\/p>\n<p>T\u00e9cnico en Hipnosis Clinica. Estudio de Bioinformaci\u00f3n. Valencia 1993.<\/p>\n<p>T\u00e9cnico en Hipnolog\u00eda Cl\u00ednica. Estudio de Bioinformaci\u00f3n. Valencia 1995<\/p>\n<p>Especialista Universitario en Hipnosis Clinica por la UNED (1\u00aa Promoci\u00f3n).<\/p>\n<p><strong>Temas que trata:<\/strong><\/p>\n<p>Psicoterapia de adultos: trastornos del estado de \u00e1nimo, trastornos sexuales, terapia de pareja, obsesiones, fobias, \u2026\u2026<\/p>\n<p><strong>Datos de contacto:<\/strong><\/p>\n<p>Jerez de la Frontera &#8211; C\u00e1diz (Espa\u00f1a)<\/p>\n<p>Tel\u00e9fono:\u00a0 956346383<\/p>\n<p><strong>Otros datos:<\/strong><\/p>\n<p>Diplomado en Pedagog\u00eda Terap\u00e9utica por la  Universidad de C\u00e1diz. 1983<\/p>\n<p>Master en Psicoterapia Integral. Estudio de Bioinformaci\u00f3n. Valencia 1993<\/p>\n","protected":false},"excerpt":{"rendered":"<p>Titulaci\u00f3n universitaria: Licenciado en Psicolog\u00eda por la Universidad de Sevilla Colegiado: SE-125. Colegio Oficial de Psic\u00f3logos de Andaluc\u00eda Occidental Titulaci\u00f3n o estudios de hipnosis: Hipnosis Clinica: fundamentos y aplicaciones. Colegio Oficial de Psic\u00f3logos.Madrid-1992 T\u00e9cnico en Hipnosis Clinica. Estudio de Bioinformaci\u00f3n. Valencia 1993. T\u00e9cnico en Hipnolog\u00eda Cl\u00ednica. Estudio de Bioinformaci\u00f3n. Valencia 1995 Especialista Universitario en Hipnosis &hellip;<\/p>\n","protected":false},"author":12,"featured_media":0,"parent":38,"menu_order":95,"comment_status":"closed","ping_status":"closed","template":"","meta":{"footnotes":""},"categories":[10],"tags":[],"class_list":["post-547","page","type-page","status-publish","hentry","category-noticias"],"_links":{"self":[{"href":"https:\/\/www.grupohipnosiscopcv.es\/wordpress\/wp-json\/wp\/v2\/pages\/547","targetHints":{"allow":["GET"]}}],"collection":[{"href":"https:\/\/www.grupohipnosiscopcv.es\/wordpress\/wp-json\/wp\/v2\/pages"}],"about":[{"href":"https:\/\/www.grupohipnosiscopcv.es\/wordpress\/wp-json\/wp\/v2\/types\/page"}],"author":[{"embeddable":true,"href":"https:\/\/www.grupohipnosiscopcv.es\/wordpress\/wp-json\/wp\/v2\/users\/12"}],"replies":[{"embeddable":true,"href":"https:\/\/www.grupohipnosiscopcv.es\/wordpress\/wp-json\/wp\/v2\/comments?post=547"}],"version-history":[{"count":4,"href":"https:\/\/www.grupohipnosiscopcv.es\/wordpress\/wp-json\/wp\/v2\/pages\/547\/revisions"}],"predecessor-version":[{"id":2047,"href":"https:\/\/www.grupohipnosiscopcv.es\/wordpress\/wp-json\/wp\/v2\/pages\/547\/revisions\/2047"}],"up":[{"embeddable":true,"href":"https:\/\/www.grupohipnosiscopcv.es\/wordpress\/wp-json\/wp\/v2\/pages\/38"}],"wp:attachment":[{"href":"https:\/\/www.grupohipnosiscopcv.es\/wordpress\/wp-json\/wp\/v2\/media?parent=547"}],"wp:term":[{"taxonomy":"category","embeddable":true,"href":"https:\/\/www.grupohipnosiscopcv.es\/wordpress\/wp-json\/wp\/v2\/categories?post=547"},{"taxonomy":"post_tag","embeddable":true,"href":"https:\/\/www.grupohipnosiscopcv.es\/wordpress\/wp-json\/wp\/v2\/tags?post=547"}],"curies":[{"name":"wp","href":"https:\/\/api.w.org\/{rel}","templated":true}]}}