{"id":545,"date":"2010-05-11T11:41:35","date_gmt":"2010-05-11T10:41:35","guid":{"rendered":"http:\/\/www.grupohipnosiscopcv.es\/wordpress\/?page_id=545"},"modified":"2013-08-20T23:02:03","modified_gmt":"2013-08-20T22:02:03","slug":"guerrero-puig-m%c2%aa-gloria","status":"publish","type":"page","link":"https:\/\/www.grupohipnosiscopcv.es\/wordpress\/informacion-para-usuarios\/profesionales-cualificados\/guerrero-puig-m%c2%aa-gloria\/","title":{"rendered":"Guerrero Puig, M\u00aa Gloria"},"content":{"rendered":"<p><strong>Titulaci\u00f3n universitaria:<\/strong><\/p>\n<p>Licenciada en Psicolog\u00eda Cl\u00ednica por la Universidad Nacional Educaci\u00f3n a Distancia (UNED).M\u00e1ster en Psicoterapia Anal\u00edtica Grupal. Universidad de Deusto (Vizcaya).<\/p>\n<p><strong>Colegiado:<\/strong><\/p>\n<p>14.249\u00a0 Colegio Oficial de Psic\u00f3logos de Catalunya.<\/p>\n<p><strong>Titulaci\u00f3n o estudios de hipnosis:<\/strong><\/p>\n<p>Post-graduada en Hipnosis Cl\u00ednica, Universidad de Barcelona, 3\u00aa Promoci\u00f3n a\u00f1o 2007<\/p>\n<p><strong>Temas que trata: <\/strong><\/p>\n<p>Psicolog\u00eda cl\u00ednica en general. Ansiedad, Depresi\u00f3n, trastornos psicosom\u00e1ticos, tabaquismo, Conflictos de pareja, disfunciones sexuales, fobias.<\/p>\n<p><strong>Datos de contacto:<\/strong><\/p>\n<p>Consulta en Barcelona:<\/p>\n<p>Centro Psicolog\u00eda Global Words<\/p>\n<p>Concilio de Trento, 90-100<\/p>\n<p>08018 Barcelona (Espa\u00f1a)<\/p>\n<p>Tel\u00e9fono:\u00a0 93 308 30 60<\/p>\n<p>Horas convenidas.<\/p>\n<p>Consulta en Tarrasa:<\/p>\n<p>c\/ Card\u00fas, 6, Torre, B5<\/p>\n<p>08232 Viladecavalls &#8211; Tarrasa &#8211; Barcelona (Espa\u00f1a)<\/p>\n<p>Tel\u00e9fono:\u00a0 93 308 30 60<\/p>\n<p>Horas convenidas.<\/p>\n<p>E-mail: <a href=\"mailto:gloria1008@wanadoo.es\">gloria1008@wanadoo.es<\/a><\/p>\n<p><strong>Otros datos: <\/strong><\/p>\n<p>Miembro acreditado de la  Sociedad Catalana en Hipnosis Cl\u00ednica. Consultar web. Terapia individual y grupal.<\/p>\n","protected":false},"excerpt":{"rendered":"<p>Titulaci\u00f3n universitaria: Licenciada en Psicolog\u00eda Cl\u00ednica por la Universidad Nacional Educaci\u00f3n a Distancia (UNED).M\u00e1ster en Psicoterapia Anal\u00edtica Grupal. Universidad de Deusto (Vizcaya). Colegiado: 14.249\u00a0 Colegio Oficial de Psic\u00f3logos de Catalunya. Titulaci\u00f3n o estudios de hipnosis: Post-graduada en Hipnosis Cl\u00ednica, Universidad de Barcelona, 3\u00aa Promoci\u00f3n a\u00f1o 2007 Temas que trata: Psicolog\u00eda cl\u00ednica en general. Ansiedad, Depresi\u00f3n, &hellip;<\/p>\n","protected":false},"author":12,"featured_media":0,"parent":38,"menu_order":92,"comment_status":"closed","ping_status":"closed","template":"","meta":{"footnotes":""},"categories":[10],"tags":[],"class_list":["post-545","page","type-page","status-publish","hentry","category-noticias"],"_links":{"self":[{"href":"https:\/\/www.grupohipnosiscopcv.es\/wordpress\/wp-json\/wp\/v2\/pages\/545","targetHints":{"allow":["GET"]}}],"collection":[{"href":"https:\/\/www.grupohipnosiscopcv.es\/wordpress\/wp-json\/wp\/v2\/pages"}],"about":[{"href":"https:\/\/www.grupohipnosiscopcv.es\/wordpress\/wp-json\/wp\/v2\/types\/page"}],"author":[{"embeddable":true,"href":"https:\/\/www.grupohipnosiscopcv.es\/wordpress\/wp-json\/wp\/v2\/users\/12"}],"replies":[{"embeddable":true,"href":"https:\/\/www.grupohipnosiscopcv.es\/wordpress\/wp-json\/wp\/v2\/comments?post=545"}],"version-history":[{"count":4,"href":"https:\/\/www.grupohipnosiscopcv.es\/wordpress\/wp-json\/wp\/v2\/pages\/545\/revisions"}],"predecessor-version":[{"id":2045,"href":"https:\/\/www.grupohipnosiscopcv.es\/wordpress\/wp-json\/wp\/v2\/pages\/545\/revisions\/2045"}],"up":[{"embeddable":true,"href":"https:\/\/www.grupohipnosiscopcv.es\/wordpress\/wp-json\/wp\/v2\/pages\/38"}],"wp:attachment":[{"href":"https:\/\/www.grupohipnosiscopcv.es\/wordpress\/wp-json\/wp\/v2\/media?parent=545"}],"wp:term":[{"taxonomy":"category","embeddable":true,"href":"https:\/\/www.grupohipnosiscopcv.es\/wordpress\/wp-json\/wp\/v2\/categories?post=545"},{"taxonomy":"post_tag","embeddable":true,"href":"https:\/\/www.grupohipnosiscopcv.es\/wordpress\/wp-json\/wp\/v2\/tags?post=545"}],"curies":[{"name":"wp","href":"https:\/\/api.w.org\/{rel}","templated":true}]}}