{"id":543,"date":"2010-05-11T11:39:47","date_gmt":"2010-05-11T10:39:47","guid":{"rendered":"http:\/\/www.grupohipnosiscopcv.es\/wordpress\/?page_id=543"},"modified":"2013-08-20T23:02:03","modified_gmt":"2013-08-20T22:02:03","slug":"godoy-zafra-virginia","status":"publish","type":"page","link":"https:\/\/www.grupohipnosiscopcv.es\/wordpress\/informacion-para-usuarios\/profesionales-cualificados\/godoy-zafra-virginia\/","title":{"rendered":"Godoy Zafra, Virginia"},"content":{"rendered":"<p><strong>Titulaci\u00f3n universitaria:<\/strong><\/p>\n<p>Licenciada en Psicolog\u00eda Cl\u00ednica<\/p>\n<p><strong>Colegiado:<\/strong><\/p>\n<p>S- 04808<\/p>\n<p><strong>Titulaci\u00f3n o estudios de hipnosis:<\/strong><\/p>\n<p>Especialista universitario en Hipnosis Cl\u00ednica (UNED, 2007\/08)<\/p>\n<p><strong>Temas que trata: <\/strong><\/p>\n<p>Depresi\u00f3n, ansiedad, fobias, estr\u00e9s postraum\u00e1tico, trastornos adictivos, trastornos de la conducta alimentaria, baja auto-estima, trastorno del control de los impulsos, hiperactividad, tabaquismo, Insomnio, etc.<\/p>\n<p><strong>Datos de contacto:<\/strong><\/p>\n<p>PSINDRA, Centro de Psicolog\u00eda:<\/p>\n<p>C\/ Alfonso XI, #5, 1\u00ba B (antigua calle Convento). Algeciras, C\u00e1diz.<\/p>\n<p>Tfnos: 856 22 18 66 &#8211; 649 465 597<\/p>\n<p><strong>Otros datos: <\/strong><\/p>\n<p>www.psindra.es<\/p>\n","protected":false},"excerpt":{"rendered":"<p>Titulaci\u00f3n universitaria: Licenciada en Psicolog\u00eda Cl\u00ednica Colegiado: S- 04808 Titulaci\u00f3n o estudios de hipnosis: Especialista universitario en Hipnosis Cl\u00ednica (UNED, 2007\/08) Temas que trata: Depresi\u00f3n, ansiedad, fobias, estr\u00e9s postraum\u00e1tico, trastornos adictivos, trastornos de la conducta alimentaria, baja auto-estima, trastorno del control de los impulsos, hiperactividad, tabaquismo, Insomnio, etc. Datos de contacto: PSINDRA, Centro de Psicolog\u00eda: &hellip;<\/p>\n","protected":false},"author":12,"featured_media":0,"parent":38,"menu_order":94,"comment_status":"closed","ping_status":"closed","template":"","meta":{"footnotes":""},"categories":[10],"tags":[],"class_list":["post-543","page","type-page","status-publish","hentry","category-noticias"],"_links":{"self":[{"href":"https:\/\/www.grupohipnosiscopcv.es\/wordpress\/wp-json\/wp\/v2\/pages\/543","targetHints":{"allow":["GET"]}}],"collection":[{"href":"https:\/\/www.grupohipnosiscopcv.es\/wordpress\/wp-json\/wp\/v2\/pages"}],"about":[{"href":"https:\/\/www.grupohipnosiscopcv.es\/wordpress\/wp-json\/wp\/v2\/types\/page"}],"author":[{"embeddable":true,"href":"https:\/\/www.grupohipnosiscopcv.es\/wordpress\/wp-json\/wp\/v2\/users\/12"}],"replies":[{"embeddable":true,"href":"https:\/\/www.grupohipnosiscopcv.es\/wordpress\/wp-json\/wp\/v2\/comments?post=543"}],"version-history":[{"count":4,"href":"https:\/\/www.grupohipnosiscopcv.es\/wordpress\/wp-json\/wp\/v2\/pages\/543\/revisions"}],"predecessor-version":[{"id":2046,"href":"https:\/\/www.grupohipnosiscopcv.es\/wordpress\/wp-json\/wp\/v2\/pages\/543\/revisions\/2046"}],"up":[{"embeddable":true,"href":"https:\/\/www.grupohipnosiscopcv.es\/wordpress\/wp-json\/wp\/v2\/pages\/38"}],"wp:attachment":[{"href":"https:\/\/www.grupohipnosiscopcv.es\/wordpress\/wp-json\/wp\/v2\/media?parent=543"}],"wp:term":[{"taxonomy":"category","embeddable":true,"href":"https:\/\/www.grupohipnosiscopcv.es\/wordpress\/wp-json\/wp\/v2\/categories?post=543"},{"taxonomy":"post_tag","embeddable":true,"href":"https:\/\/www.grupohipnosiscopcv.es\/wordpress\/wp-json\/wp\/v2\/tags?post=543"}],"curies":[{"name":"wp","href":"https:\/\/api.w.org\/{rel}","templated":true}]}}