{"id":539,"date":"2010-05-11T11:35:34","date_gmt":"2010-05-11T10:35:34","guid":{"rendered":"http:\/\/www.grupohipnosiscopcv.es\/wordpress\/?page_id=539"},"modified":"2013-08-20T23:02:03","modified_gmt":"2013-08-20T22:02:03","slug":"gallego-saez-luis-m","status":"publish","type":"page","link":"https:\/\/www.grupohipnosiscopcv.es\/wordpress\/informacion-para-usuarios\/profesionales-cualificados\/gallego-saez-luis-m\/","title":{"rendered":"Gallego S\u00e1ez, Luis M."},"content":{"rendered":"<p><strong>Titulaci\u00f3n universitaria:<\/strong><\/p>\n<p>Licenciado en Psicolog\u00eda (especialidad cl\u00ednica)\u00a0 &#8211; UNED.<\/p>\n<p><strong>Colegiado:<\/strong><\/p>\n<p>B-888 (COPIB)<\/p>\n<p><strong>Titulaci\u00f3n o estudios de hipnosis:<\/strong><\/p>\n<p>Especialista Universitario en Hipnosis. T\u00e9cnicas y Aplicaciones (UCM).<\/p>\n<p><strong>Temas que trata:<\/strong><\/p>\n<p>Formaci\u00f3n \/ Salud laboral \/ Crisis y trauma.<\/p>\n<p><strong>Datos de contacto:<\/strong><\/p>\n<p>Palma de Mallorca (Espa\u00f1a)<\/p>\n<p>Tel\u00e9fono 666 477 262<\/p>\n<p>E-mail: <a href=\"mailto:luinchmi@cop.es\">luinchmi@cop.es<\/a> \u2013 <a href=\"mailto:luinchmi@ono.com\">luinchmi@ono.com<\/a><\/p>\n<p><strong>Otros datos:<\/strong><\/p>\n<p><a href=\"http:\/\/w3.to\/hipnosis\/\">http:\/\/w3.to\/hipnosis\/<\/a><\/p>\n","protected":false},"excerpt":{"rendered":"<p>Titulaci\u00f3n universitaria: Licenciado en Psicolog\u00eda (especialidad cl\u00ednica)\u00a0 &#8211; UNED. Colegiado: B-888 (COPIB) Titulaci\u00f3n o estudios de hipnosis: Especialista Universitario en Hipnosis. T\u00e9cnicas y Aplicaciones (UCM). Temas que trata: Formaci\u00f3n \/ Salud laboral \/ Crisis y trauma. Datos de contacto: Palma de Mallorca (Espa\u00f1a) Tel\u00e9fono 666 477 262 E-mail: luinchmi@cop.es \u2013 luinchmi@ono.com Otros datos: http:\/\/w3.to\/hipnosis\/<\/p>\n","protected":false},"author":12,"featured_media":0,"parent":38,"menu_order":90,"comment_status":"closed","ping_status":"closed","template":"","meta":{"footnotes":""},"categories":[10],"tags":[],"class_list":["post-539","page","type-page","status-publish","hentry","category-noticias"],"_links":{"self":[{"href":"https:\/\/www.grupohipnosiscopcv.es\/wordpress\/wp-json\/wp\/v2\/pages\/539","targetHints":{"allow":["GET"]}}],"collection":[{"href":"https:\/\/www.grupohipnosiscopcv.es\/wordpress\/wp-json\/wp\/v2\/pages"}],"about":[{"href":"https:\/\/www.grupohipnosiscopcv.es\/wordpress\/wp-json\/wp\/v2\/types\/page"}],"author":[{"embeddable":true,"href":"https:\/\/www.grupohipnosiscopcv.es\/wordpress\/wp-json\/wp\/v2\/users\/12"}],"replies":[{"embeddable":true,"href":"https:\/\/www.grupohipnosiscopcv.es\/wordpress\/wp-json\/wp\/v2\/comments?post=539"}],"version-history":[{"count":4,"href":"https:\/\/www.grupohipnosiscopcv.es\/wordpress\/wp-json\/wp\/v2\/pages\/539\/revisions"}],"predecessor-version":[{"id":2043,"href":"https:\/\/www.grupohipnosiscopcv.es\/wordpress\/wp-json\/wp\/v2\/pages\/539\/revisions\/2043"}],"up":[{"embeddable":true,"href":"https:\/\/www.grupohipnosiscopcv.es\/wordpress\/wp-json\/wp\/v2\/pages\/38"}],"wp:attachment":[{"href":"https:\/\/www.grupohipnosiscopcv.es\/wordpress\/wp-json\/wp\/v2\/media?parent=539"}],"wp:term":[{"taxonomy":"category","embeddable":true,"href":"https:\/\/www.grupohipnosiscopcv.es\/wordpress\/wp-json\/wp\/v2\/categories?post=539"},{"taxonomy":"post_tag","embeddable":true,"href":"https:\/\/www.grupohipnosiscopcv.es\/wordpress\/wp-json\/wp\/v2\/tags?post=539"}],"curies":[{"name":"wp","href":"https:\/\/api.w.org\/{rel}","templated":true}]}}