{"id":535,"date":"2010-05-11T11:31:31","date_gmt":"2010-05-11T10:31:31","guid":{"rendered":"http:\/\/www.grupohipnosiscopcv.es\/wordpress\/?page_id=535"},"modified":"2013-08-20T23:02:03","modified_gmt":"2013-08-20T22:02:03","slug":"fernandez-alvarez-ana-isabel","status":"publish","type":"page","link":"https:\/\/www.grupohipnosiscopcv.es\/wordpress\/informacion-para-usuarios\/profesionales-cualificados\/fernandez-alvarez-ana-isabel\/","title":{"rendered":"Fern\u00e1ndez \u00c1lvarez, Ana Isabel"},"content":{"rendered":"<p><strong>Titulaci\u00f3n universitaria:<\/strong><\/p>\n<p>Licenciado en Psicolog\u00eda. Universidad Aut\u00f3noma de Madrid. A\u00f1o 1994<\/p>\n<p><strong>Colegiado: <\/strong><\/p>\n<p>CV-9330<\/p>\n<p><strong>Titulaci\u00f3n o estudios de hipnosis: <\/strong><\/p>\n<p>Dos a\u00f1os en el Instituto Erickson Madrid. 208 horas de formaci\u00f3n de Psicoterapia e Hipnosis Ericksoniana. Profesores Phil y Norma Barreta, Antonio Capafons, Jose Sala, Jeffrey Zeig, Eric Greenfield, Betty Erickson\u2026.<\/p>\n<p>32 horas de supervisi\u00f3n en Psicoterapia e Hipnosis Ericksoniana con Jeffrey Zeig.<\/p>\n<p>Curso de 16 horas con Peter Hawkins sobre Infertilidad, Sexualidad y Preparaci\u00f3n al Parto. Instituto Erickson Madrid.<\/p>\n<p><strong>Temas que trata:<\/strong><\/p>\n<p>Trastornos de la alimentaci\u00f3n, depresi\u00f3n, problemas de ansiedad, fobias, obsesiones, insomnio, deshabituaci\u00f3n al tabaco, preparaci\u00f3n de oposiciones, tratamiento del dolor.<\/p>\n<p><strong>Datos de contacto:<\/strong><\/p>\n<p>Centro de Psicoterapia e Hipnosis<\/p>\n<p>Tel\u00e9fonos: 639 126 021 \/ 96 344 32 95<\/p>\n<p>Pintor Ferrer Calatayud 31<\/p>\n<p>46022 Valencia (Espa\u00f1a)<\/p>\n<p>Camino de Ganapanes, 31<\/p>\n<p>46022 Madrid (Espa\u00f1a)<\/p>\n","protected":false},"excerpt":{"rendered":"<p>Titulaci\u00f3n universitaria: Licenciado en Psicolog\u00eda. Universidad Aut\u00f3noma de Madrid. A\u00f1o 1994 Colegiado: CV-9330 Titulaci\u00f3n o estudios de hipnosis: Dos a\u00f1os en el Instituto Erickson Madrid. 208 horas de formaci\u00f3n de Psicoterapia e Hipnosis Ericksoniana. Profesores Phil y Norma Barreta, Antonio Capafons, Jose Sala, Jeffrey Zeig, Eric Greenfield, Betty Erickson\u2026. 32 horas de supervisi\u00f3n en Psicoterapia &hellip;<\/p>\n","protected":false},"author":12,"featured_media":0,"parent":38,"menu_order":83,"comment_status":"closed","ping_status":"closed","template":"","meta":{"footnotes":""},"categories":[10],"tags":[],"class_list":["post-535","page","type-page","status-publish","hentry","category-noticias"],"_links":{"self":[{"href":"https:\/\/www.grupohipnosiscopcv.es\/wordpress\/wp-json\/wp\/v2\/pages\/535","targetHints":{"allow":["GET"]}}],"collection":[{"href":"https:\/\/www.grupohipnosiscopcv.es\/wordpress\/wp-json\/wp\/v2\/pages"}],"about":[{"href":"https:\/\/www.grupohipnosiscopcv.es\/wordpress\/wp-json\/wp\/v2\/types\/page"}],"author":[{"embeddable":true,"href":"https:\/\/www.grupohipnosiscopcv.es\/wordpress\/wp-json\/wp\/v2\/users\/12"}],"replies":[{"embeddable":true,"href":"https:\/\/www.grupohipnosiscopcv.es\/wordpress\/wp-json\/wp\/v2\/comments?post=535"}],"version-history":[{"count":4,"href":"https:\/\/www.grupohipnosiscopcv.es\/wordpress\/wp-json\/wp\/v2\/pages\/535\/revisions"}],"predecessor-version":[{"id":2040,"href":"https:\/\/www.grupohipnosiscopcv.es\/wordpress\/wp-json\/wp\/v2\/pages\/535\/revisions\/2040"}],"up":[{"embeddable":true,"href":"https:\/\/www.grupohipnosiscopcv.es\/wordpress\/wp-json\/wp\/v2\/pages\/38"}],"wp:attachment":[{"href":"https:\/\/www.grupohipnosiscopcv.es\/wordpress\/wp-json\/wp\/v2\/media?parent=535"}],"wp:term":[{"taxonomy":"category","embeddable":true,"href":"https:\/\/www.grupohipnosiscopcv.es\/wordpress\/wp-json\/wp\/v2\/categories?post=535"},{"taxonomy":"post_tag","embeddable":true,"href":"https:\/\/www.grupohipnosiscopcv.es\/wordpress\/wp-json\/wp\/v2\/tags?post=535"}],"curies":[{"name":"wp","href":"https:\/\/api.w.org\/{rel}","templated":true}]}}